{"id":638,"date":"2016-02-17T21:12:36","date_gmt":"2016-02-17T20:12:36","guid":{"rendered":"http:\/\/ent2d.ac-bordeaux.fr\/disciplines\/svt\/?page_id=638"},"modified":"2016-11-30T19:57:57","modified_gmt":"2016-11-30T18:57:57","slug":"reflexion-sur-modele-et-modelisation","status":"publish","type":"page","link":"https:\/\/ent2d.ac-bordeaux.fr\/disciplines\/svt\/reflexion-sur-modele-et-modelisation\/","title":{"rendered":"R\u00e9flexion sur mod\u00e8le et mod\u00e9lisation"},"content":{"rendered":"<p>\u00ab\u00a0[un mod\u00e8le est] quelque chose (objet concret, repr\u00e9sentation imag\u00e9e, syst\u00e8me\u00a0 d&rsquo;\u00e9quations\u2026) qui se substitue au r\u00e9el trop complexe ou inaccessible \u00e0 l&rsquo;exp\u00e9rience et qui permet de comprendre ce r\u00e9el par un interm\u00e9diaire plus connu ou plus accessible \u00e0 la connaissance ; mais ce substitut a parfois pour fonction, non pas d&rsquo;expliquer un processus, mais d&rsquo;en calculer les variations, de faire des \u00ab\u00a0pr\u00e9visions\u00a0\u00bb alors m\u00eame que le r\u00e9el \u00e9tudi\u00e9 garde son statut de \u00ab\u00a0bo\u00eete noire\u00a0\u00bb.\u00a0\u00bb<br \/>\n\u00ab\u00a0La mod\u00e9lisation est la d\u00e9marche de construction d&rsquo;un mod\u00e8le ou d&rsquo;appropriation d&rsquo;un mod\u00e8le d\u00e9j\u00e0 construit.\u00a0\u00bb<br \/>\nCette d\u00e9finition est \u00e9clair\u00e9e par une citation de Bachelard pour qui le mod\u00e8le n&rsquo;est jamais un objet pris pour soi. Il est toujours relationnel : \u00ab\u00a0mod\u00e8le pour &#8230;\u00a0\u00bb,\u00a0 \u00ab\u00a0mod\u00e8le de &#8230;\u00a0\u00bb, il renvoie \u00e0 autre chose que lui-m\u00eame. Cela permet de rappeler que ce n\u2019est pas l\u2019\u00e9tude du mod\u00e8le qui est importante en soi mais son utilisation : comprendre, pr\u00e9voir, calculer, \u2026 , rendre pensable ce qui est difficile \u00e0 cerner.<\/p>\n<p>Le sch\u00e9ma suivant met en relation deux registres de travail : le registre empirique et le registre th\u00e9orique.<\/p>\n<p><a href=\"http:\/\/ent2d.ac-bordeaux.fr\/disciplines\/svt\/wp-content\/uploads\/sites\/4\/2016\/02\/mode\u0300le.jpg\" rel=\"attachment wp-att-642\"><img loading=\"lazy\" decoding=\"async\" class=\"aligncenter wp-image-642 size-large\" src=\"http:\/\/ent2d.ac-bordeaux.fr\/disciplines\/svt\/wp-content\/uploads\/sites\/4\/2016\/02\/mode\u0300le-1024x415.jpg\" alt=\"mode\u0300le\" width=\"1024\" height=\"415\" srcset=\"https:\/\/ent2d.ac-bordeaux.fr\/disciplines\/svt\/wp-content\/uploads\/sites\/4\/2016\/02\/mode\u0300le-1024x415.jpg 1024w, https:\/\/ent2d.ac-bordeaux.fr\/disciplines\/svt\/wp-content\/uploads\/sites\/4\/2016\/02\/mode\u0300le-300x122.jpg 300w, https:\/\/ent2d.ac-bordeaux.fr\/disciplines\/svt\/wp-content\/uploads\/sites\/4\/2016\/02\/mode\u0300le-768x311.jpg 768w, https:\/\/ent2d.ac-bordeaux.fr\/disciplines\/svt\/wp-content\/uploads\/sites\/4\/2016\/02\/mode\u0300le.jpg 1147w\" sizes=\"auto, (max-width: 1024px) 100vw, 1024px\" \/><\/a><\/p>\n<h3>Fonctions du mod\u00e8le<\/h3>\n<p>Comprendre,<\/p>\n<p style=\"padding-left: 30px\">Expliquer<\/p>\n<p style=\"padding-left: 60px\">Pr\u00e9voir<\/p>\n<p style=\"padding-left: 90px\">Calculer<\/p>\n<p style=\"padding-left: 120px\">Manipuler<\/p>\n<p style=\"padding-left: 150px\">Communiquer &#8230;<\/p>\n<p><b>afin de rendre pensable ce qui est difficile \u00e0 cerner<\/b><\/p>\n<h3>Usage du mod\u00e8le en SVT<\/h3>\n<p>D&rsquo;apr\u00e8s D. Rojat, Mod\u00e9lisation et simulation : quelques aspects des relations entre l&rsquo;id\u00e9e et le r\u00e9el (in \u00ab\u00a0des outils pour les sciences\u00a0\u00bb)<\/p>\n<ul>\n<li>LE MODELE <a href=\"http:\/\/ent2d.ac-bordeaux.fr\/disciplines\/svt\/le-modele-moyen-detude\/\">MOYEN D&rsquo;ETUDE<\/a><\/li>\n<\/ul>\n<ul>\n<li>LE MODELE <a href=\"http:\/\/ent2d.ac-bordeaux.fr\/disciplines\/svt\/le-modele-outil-dexplication-etou-dexposition-de-conceptions-scientifiques\/\">POUR FAIRE COMPRENDRE<\/a><\/li>\n<\/ul>\n<ul>\n<li>LE MODELE <a href=\"http:\/\/ent2d.ac-bordeaux.fr\/disciplines\/svt\/le-modele-objet-detude\/\">OBJET D&rsquo;ETUDE<\/a><\/li>\n<\/ul>\n<p>&nbsp;<\/p>\n","protected":false},"excerpt":{"rendered":"<p>\u00ab\u00a0[un mod\u00e8le est] quelque chose (objet concret, repr\u00e9sentation imag\u00e9e, syst\u00e8me\u00a0 d&rsquo;\u00e9quations\u2026) qui se substitue au r\u00e9el trop complexe ou inaccessible \u00e0 l&rsquo;exp\u00e9rience et qui permet de comprendre ce r\u00e9el par un interm\u00e9diaire plus connu ou plus accessible \u00e0 la connaissance ; mais ce substitut a parfois pour fonction, non pas d&rsquo;expliquer un processus, mais d&rsquo;en &hellip; <\/p>\n<p><a class=\"more-link btn\" href=\"https:\/\/ent2d.ac-bordeaux.fr\/disciplines\/svt\/reflexion-sur-modele-et-modelisation\/\">Lire la suite<\/a><\/p>\n","protected":false},"author":8,"featured_media":0,"parent":0,"menu_order":0,"comment_status":"closed","ping_status":"closed","template":"template-twocolumnsright.php","meta":{"footnotes":""},"class_list":["post-638","page","type-page","status-publish","hentry","nodate","item-wrap"],"_links":{"self":[{"href":"https:\/\/ent2d.ac-bordeaux.fr\/disciplines\/svt\/wp-json\/wp\/v2\/pages\/638","targetHints":{"allow":["GET"]}}],"collection":[{"href":"https:\/\/ent2d.ac-bordeaux.fr\/disciplines\/svt\/wp-json\/wp\/v2\/pages"}],"about":[{"href":"https:\/\/ent2d.ac-bordeaux.fr\/disciplines\/svt\/wp-json\/wp\/v2\/types\/page"}],"author":[{"embeddable":true,"href":"https:\/\/ent2d.ac-bordeaux.fr\/disciplines\/svt\/wp-json\/wp\/v2\/users\/8"}],"replies":[{"embeddable":true,"href":"https:\/\/ent2d.ac-bordeaux.fr\/disciplines\/svt\/wp-json\/wp\/v2\/comments?post=638"}],"version-history":[{"count":7,"href":"https:\/\/ent2d.ac-bordeaux.fr\/disciplines\/svt\/wp-json\/wp\/v2\/pages\/638\/revisions"}],"predecessor-version":[{"id":846,"href":"https:\/\/ent2d.ac-bordeaux.fr\/disciplines\/svt\/wp-json\/wp\/v2\/pages\/638\/revisions\/846"}],"wp:attachment":[{"href":"https:\/\/ent2d.ac-bordeaux.fr\/disciplines\/svt\/wp-json\/wp\/v2\/media?parent=638"}],"curies":[{"name":"wp","href":"https:\/\/api.w.org\/{rel}","templated":true}]}}