{"id":598,"date":"2016-02-17T20:37:41","date_gmt":"2016-02-17T19:37:41","guid":{"rendered":"http:\/\/ent2d.ac-bordeaux.fr\/disciplines\/svt\/?page_id=598"},"modified":"2016-11-30T19:56:56","modified_gmt":"2016-11-30T18:56:56","slug":"levure-2","status":"publish","type":"page","link":"https:\/\/ent2d.ac-bordeaux.fr\/disciplines\/svt\/levure-2\/","title":{"rendered":"Levure (2)"},"content":{"rendered":"<table class=\"contenu\" style=\"height: 203px\" border=\"\" width=\"736\">\n<tbody>\n<tr>\n<td>Objectif<\/td>\n<td>D\u00e9finir le vivant \u00e0 partir de cultures de levures<\/td>\n<\/tr>\n<tr>\n<td>Mode de raisonnement<\/td>\n<td><a href=\"http:\/\/ent2d.ac-bordeaux.fr\/disciplines\/svt\/enseigner\/ressources-par-niveau\/reforme-college\/demarches-en-svt-gttp\/modes-de-raisonnement\/#ancre2\">Inductif<\/a> : La levure est un \u00eatre vivant. Quels crit\u00e8res caract\u00e9ristiques du vivant sont mis en \u00e9vidence par les r\u00e9sultats des cultures ?<\/td>\n<\/tr>\n<tr>\n<td>Activit\u00e9<\/td>\n<td>R\u00e9aliser un comptage de levures avant et apr\u00e8s culture dans un milieu complet<br \/>\nR\u00e9aliser une pes\u00e9e<\/td>\n<\/tr>\n<tr>\n<td>Mode de regroupement des\u00a0\u00e9l\u00e8ves<\/td>\n<td><a href=\"http:\/\/ent2d.ac-bordeaux.fr\/disciplines\/svt\/groupement-des-eleves\/#ancre1\">Bin\u00f4mes<\/a> travaillant s\u00e9par\u00e9ment<\/td>\n<\/tr>\n<tr>\n<td>Productions attendues<\/td>\n<td>Texte descriptif<\/td>\n<\/tr>\n<\/tbody>\n<\/table>\n<table class=\"contenu\" style=\"height: 25px\" border=\"\" width=\"735\">\n<tbody>\n<tr>\n<td><a href=\"http:\/\/ent2d.ac-bordeaux.fr\/disciplines\/svt\/levure-1\/\">Levure 1<\/a><\/td>\n<td><a href=\"http:\/\/ent2d.ac-bordeaux.fr\/disciplines\/svt\/levure-3\/\">Levure\u00a03<\/a><\/td>\n<\/tr>\n<\/tbody>\n<\/table>\n","protected":false},"excerpt":{"rendered":"<p>Objectif D\u00e9finir le vivant \u00e0 partir de cultures de levures Mode de raisonnement Inductif : La levure est un \u00eatre vivant. Quels crit\u00e8res caract\u00e9ristiques du vivant sont mis en \u00e9vidence par les r\u00e9sultats des cultures ? Activit\u00e9 R\u00e9aliser un comptage de levures avant et apr\u00e8s culture dans un milieu complet R\u00e9aliser une pes\u00e9e Mode de &hellip; <\/p>\n<p><a class=\"more-link btn\" href=\"https:\/\/ent2d.ac-bordeaux.fr\/disciplines\/svt\/levure-2\/\">Lire la suite<\/a><\/p>\n","protected":false},"author":8,"featured_media":0,"parent":0,"menu_order":0,"comment_status":"closed","ping_status":"closed","template":"template-twocolumnsright.php","meta":{"footnotes":""},"class_list":["post-598","page","type-page","status-publish","hentry","nodate","item-wrap"],"_links":{"self":[{"href":"https:\/\/ent2d.ac-bordeaux.fr\/disciplines\/svt\/wp-json\/wp\/v2\/pages\/598","targetHints":{"allow":["GET"]}}],"collection":[{"href":"https:\/\/ent2d.ac-bordeaux.fr\/disciplines\/svt\/wp-json\/wp\/v2\/pages"}],"about":[{"href":"https:\/\/ent2d.ac-bordeaux.fr\/disciplines\/svt\/wp-json\/wp\/v2\/types\/page"}],"author":[{"embeddable":true,"href":"https:\/\/ent2d.ac-bordeaux.fr\/disciplines\/svt\/wp-json\/wp\/v2\/users\/8"}],"replies":[{"embeddable":true,"href":"https:\/\/ent2d.ac-bordeaux.fr\/disciplines\/svt\/wp-json\/wp\/v2\/comments?post=598"}],"version-history":[{"count":5,"href":"https:\/\/ent2d.ac-bordeaux.fr\/disciplines\/svt\/wp-json\/wp\/v2\/pages\/598\/revisions"}],"predecessor-version":[{"id":808,"href":"https:\/\/ent2d.ac-bordeaux.fr\/disciplines\/svt\/wp-json\/wp\/v2\/pages\/598\/revisions\/808"}],"wp:attachment":[{"href":"https:\/\/ent2d.ac-bordeaux.fr\/disciplines\/svt\/wp-json\/wp\/v2\/media?parent=598"}],"curies":[{"name":"wp","href":"https:\/\/api.w.org\/{rel}","templated":true}]}}