{"id":593,"date":"2016-02-17T20:33:27","date_gmt":"2016-02-17T19:33:27","guid":{"rendered":"http:\/\/ent2d.ac-bordeaux.fr\/disciplines\/svt\/?page_id=593"},"modified":"2016-11-30T19:56:56","modified_gmt":"2016-11-30T18:56:56","slug":"levure-1","status":"publish","type":"page","link":"https:\/\/ent2d.ac-bordeaux.fr\/disciplines\/svt\/levure-1\/","title":{"rendered":"Levure (1)"},"content":{"rendered":"<table class=\"contenu\" style=\"height: 197px\" border=\"\" width=\"735\">\n<tbody>\n<tr>\n<td>Objectif<\/td>\n<td>Montrer que la levure est un \u00eatre vivant<\/td>\n<\/tr>\n<tr>\n<td>Mode de raisonnement<\/td>\n<td><a href=\"http:\/\/ent2d.ac-bordeaux.fr\/disciplines\/svt\/enseigner\/ressources-par-niveau\/reforme-college\/demarches-en-svt-gttp\/modes-de-raisonnement\/#ancre3\">D\u00e9ductif<\/a> : les crit\u00e8res permettant de d\u00e9finir un \u00eatre vivant ayant \u00e9t\u00e9 rappel\u00e9s, retrouver dans les r\u00e9sultats exp\u00e9rimentaux ce qui indique que la levure est un \u00eatre vivant<\/td>\n<\/tr>\n<tr>\n<td>Activit\u00e9<\/td>\n<td>R\u00e9aliser un comptage de levures avant et apr\u00e8s <a href=\"http:\/\/ent2d.ac-bordeaux.fr\/disciplines\/svt\/enseigner\/ressources-par-niveau\/reforme-college\/demarches-en-svt-gttp\/culture-de-levures\/\">culture<\/a> dans un milieu complet<br \/>\nR\u00e9aliser une pes\u00e9e<\/td>\n<\/tr>\n<tr>\n<td>Mode de regroupement des\u00a0\u00e9l\u00e8ves<\/td>\n<td><a href=\"http:\/\/ent2d.ac-bordeaux.fr\/disciplines\/svt\/groupement-des-eleves\/#ancre1\">Bin\u00f4mes<\/a> travaillant s\u00e9par\u00e9ment<\/td>\n<\/tr>\n<tr>\n<td>Productions attendues<\/td>\n<td>Texte <a href=\"http:\/\/ent2d.ac-bordeaux.fr\/disciplines\/svt\/texte-argumentatif-2\/\">argumentatif<\/a><\/td>\n<\/tr>\n<\/tbody>\n<\/table>\n<table class=\"contenu\" style=\"height: 30px\" border=\"\" width=\"734\">\n<tbody>\n<tr>\n<td><a href=\"http:\/\/ent2d.ac-bordeaux.fr\/disciplines\/svt\/levure-2\/\">Levure 2<\/a><\/td>\n<td><a href=\"http:\/\/ent2d.ac-bordeaux.fr\/disciplines\/svt\/levure-3\/\">Levure 3<\/a><\/td>\n<\/tr>\n<\/tbody>\n<\/table>\n","protected":false},"excerpt":{"rendered":"<p>Objectif Montrer que la levure est un \u00eatre vivant Mode de raisonnement D\u00e9ductif : les crit\u00e8res permettant de d\u00e9finir un \u00eatre vivant ayant \u00e9t\u00e9 rappel\u00e9s, retrouver dans les r\u00e9sultats exp\u00e9rimentaux ce qui indique que la levure est un \u00eatre vivant Activit\u00e9 R\u00e9aliser un comptage de levures avant et apr\u00e8s culture dans un milieu complet R\u00e9aliser &hellip; <\/p>\n<p><a class=\"more-link btn\" href=\"https:\/\/ent2d.ac-bordeaux.fr\/disciplines\/svt\/levure-1\/\">Lire la suite<\/a><\/p>\n","protected":false},"author":8,"featured_media":0,"parent":0,"menu_order":0,"comment_status":"closed","ping_status":"closed","template":"template-twocolumnsright.php","meta":{"footnotes":""},"class_list":["post-593","page","type-page","status-publish","hentry","nodate","item-wrap"],"_links":{"self":[{"href":"https:\/\/ent2d.ac-bordeaux.fr\/disciplines\/svt\/wp-json\/wp\/v2\/pages\/593","targetHints":{"allow":["GET"]}}],"collection":[{"href":"https:\/\/ent2d.ac-bordeaux.fr\/disciplines\/svt\/wp-json\/wp\/v2\/pages"}],"about":[{"href":"https:\/\/ent2d.ac-bordeaux.fr\/disciplines\/svt\/wp-json\/wp\/v2\/types\/page"}],"author":[{"embeddable":true,"href":"https:\/\/ent2d.ac-bordeaux.fr\/disciplines\/svt\/wp-json\/wp\/v2\/users\/8"}],"replies":[{"embeddable":true,"href":"https:\/\/ent2d.ac-bordeaux.fr\/disciplines\/svt\/wp-json\/wp\/v2\/comments?post=593"}],"version-history":[{"count":6,"href":"https:\/\/ent2d.ac-bordeaux.fr\/disciplines\/svt\/wp-json\/wp\/v2\/pages\/593\/revisions"}],"predecessor-version":[{"id":806,"href":"https:\/\/ent2d.ac-bordeaux.fr\/disciplines\/svt\/wp-json\/wp\/v2\/pages\/593\/revisions\/806"}],"wp:attachment":[{"href":"https:\/\/ent2d.ac-bordeaux.fr\/disciplines\/svt\/wp-json\/wp\/v2\/media?parent=593"}],"curies":[{"name":"wp","href":"https:\/\/api.w.org\/{rel}","templated":true}]}}