{"id":592,"date":"2016-02-17T20:35:39","date_gmt":"2016-02-17T19:35:39","guid":{"rendered":"http:\/\/ent2d.ac-bordeaux.fr\/disciplines\/svt\/?page_id=592"},"modified":"2023-02-21T14:46:26","modified_gmt":"2023-02-21T13:46:26","slug":"themes","status":"publish","type":"page","link":"https:\/\/ent2d.ac-bordeaux.fr\/disciplines\/svt\/ressources\/pedagogiques\/demarches-en-svt-gttp\/themes\/","title":{"rendered":"Th\u00e8mes"},"content":{"rendered":"<table class=\"contenu\" style=\"height: 397px\" border=\"\" width=\"734\">\n<tbody>\n<tr>\n<td><b>Cellule unit\u00e9 du vivant<\/b><\/p>\n<ul>\n<li><a href=\"http:\/\/ent2d.ac-bordeaux.fr\/disciplines\/svt\/la-cellule-unite-du-vivant-1\/\">Cellule<\/a><\/li>\n<li><a href=\"http:\/\/ent2d.ac-bordeaux.fr\/disciplines\/svt\/levure-1\/\">Levure<\/a><\/li>\n<li><a href=\"http:\/\/ent2d.ac-bordeaux.fr\/disciplines\/svt\/la-membrane-cytoplasmique-une-interface-1\/\">Membrane<\/a> plasmique<\/li>\n<\/ul>\n<\/td>\n<\/tr>\n<tr>\n<td><b>Immunologie<\/b><\/p>\n<ul>\n<li>Notion de <a href=\"http:\/\/ent2d.ac-bordeaux.fr\/disciplines\/svt\/quest-ce-quun-microbe-1\/\">microbes<\/a><\/li>\n<li><a href=\"http:\/\/ent2d.ac-bordeaux.fr\/disciplines\/svt\/la-phagocytose\/\">Phagocytose<\/a><\/li>\n<li><a href=\"http:\/\/ent2d.ac-bordeaux.fr\/disciplines\/svt\/enseigner\/ressources-par-niveau\/reforme-college\/demarches-en-svt-gttp\/modele-clef-serrure-et-groupes-sanguins-1\/\">Mod\u00e8le cl\u00e9-serrure et groupes sanguins<\/a><\/li>\n<li><a href=\"http:\/\/ent2d.ac-bordeaux.fr\/disciplines\/svt\/enseigner\/ressources-par-niveau\/reforme-college\/demarches-en-svt-gttp\/ouchterlony-1\/\">Ouchterlony<\/a><\/li>\n<li><a href=\"http:\/\/ent2d.ac-bordeaux.fr\/disciplines\/svt\/enseigner\/ressources-par-niveau\/reforme-college\/demarches-en-svt-gttp\/structure-dun-anticorps-1\/\">Anticorps<\/a><\/li>\n<li><a href=\"http:\/\/ent2d.ac-bordeaux.fr\/disciplines\/svt\/enseigner\/ressources-par-niveau\/reforme-college\/demarches-en-svt-gttp\/elisa-1\/\">Elisa<\/a><\/li>\n<\/ul>\n<\/td>\n<\/tr>\n<tr>\n<td><b>Volcanisme<\/b><\/p>\n<ul>\n<li><a href=\"http:\/\/ent2d.ac-bordeaux.fr\/disciplines\/svt\/enseigner\/ressources-par-niveau\/reforme-college\/demarches-en-svt-gttp\/formation-des-roches-volcaniques-1\/\">Roches volcaniques<\/a><\/li>\n<li><a href=\"http:\/\/ent2d.ac-bordeaux.fr\/disciplines\/svt\/enseigner\/ressources-par-niveau\/reforme-college\/demarches-en-svt-gttp\/formation-des-cristaux\/\">Formation des cristaux<\/a><\/li>\n<li><a href=\"http:\/\/ent2d.ac-bordeaux.fr\/disciplines\/svt\/enseigner\/ressources-par-niveau\/reforme-college\/demarches-en-svt-gttp\/volcan-1\/\">Volcan<\/a><\/li>\n<\/ul>\n<\/td>\n<\/tr>\n<\/tbody>\n<\/table>\n","protected":false},"excerpt":{"rendered":"<p>Cellule unit\u00e9 du vivant Cellule Levure Membrane plasmique Immunologie Notion de microbes Phagocytose Mod\u00e8le cl\u00e9-serrure et groupes sanguins Ouchterlony Anticorps Elisa Volcanisme Roches volcaniques Formation des cristaux Volcan<\/p>\n","protected":false},"author":8,"featured_media":0,"parent":2417,"menu_order":5,"comment_status":"closed","ping_status":"closed","template":"template-twocolumnsright.php","meta":{"footnotes":""},"class_list":["post-592","page","type-page","status-publish","hentry","nodate","item-wrap"],"_links":{"self":[{"href":"https:\/\/ent2d.ac-bordeaux.fr\/disciplines\/svt\/wp-json\/wp\/v2\/pages\/592","targetHints":{"allow":["GET"]}}],"collection":[{"href":"https:\/\/ent2d.ac-bordeaux.fr\/disciplines\/svt\/wp-json\/wp\/v2\/pages"}],"about":[{"href":"https:\/\/ent2d.ac-bordeaux.fr\/disciplines\/svt\/wp-json\/wp\/v2\/types\/page"}],"author":[{"embeddable":true,"href":"https:\/\/ent2d.ac-bordeaux.fr\/disciplines\/svt\/wp-json\/wp\/v2\/users\/8"}],"replies":[{"embeddable":true,"href":"https:\/\/ent2d.ac-bordeaux.fr\/disciplines\/svt\/wp-json\/wp\/v2\/comments?post=592"}],"version-history":[{"count":7,"href":"https:\/\/ent2d.ac-bordeaux.fr\/disciplines\/svt\/wp-json\/wp\/v2\/pages\/592\/revisions"}],"predecessor-version":[{"id":863,"href":"https:\/\/ent2d.ac-bordeaux.fr\/disciplines\/svt\/wp-json\/wp\/v2\/pages\/592\/revisions\/863"}],"up":[{"embeddable":true,"href":"https:\/\/ent2d.ac-bordeaux.fr\/disciplines\/svt\/wp-json\/wp\/v2\/pages\/2417"}],"wp:attachment":[{"href":"https:\/\/ent2d.ac-bordeaux.fr\/disciplines\/svt\/wp-json\/wp\/v2\/media?parent=592"}],"curies":[{"name":"wp","href":"https:\/\/api.w.org\/{rel}","templated":true}]}}