{"id":574,"date":"2016-02-17T20:26:14","date_gmt":"2016-02-17T19:26:14","guid":{"rendered":"http:\/\/ent2d.ac-bordeaux.fr\/disciplines\/svt\/?page_id=574"},"modified":"2016-11-30T19:54:58","modified_gmt":"2016-11-30T18:54:58","slug":"des-connecteurs-pour-expliciter-des-relations","status":"publish","type":"page","link":"https:\/\/ent2d.ac-bordeaux.fr\/disciplines\/svt\/des-connecteurs-pour-expliciter-des-relations\/","title":{"rendered":"Des connecteurs pour expliciter des relations"},"content":{"rendered":"<p>Ce sont des mots ou expressions qui montrent le lien logique entre deux propositions.<\/p>\n<table class=\"contenu\" style=\"height: 622px\" border=\"\" width=\"730\">\n<tbody>\n<tr>\n<td>Il existe des connecteurs &#8230;<\/td>\n<\/tr>\n<tr>\n<td>\n<ul>\n<li><b>pour classer des id\u00e9es ou des faits<\/b> :\n<ul>\n<li>pr\u00e9ciser l&rsquo;ordre : d&rsquo;abord, ensuite, enfin,<\/li>\n<li>mettre en parall\u00e8le : soit &#8230; soit, de m\u00eame, ainsi que, &#8230;<\/li>\n<\/ul>\n<\/li>\n<\/ul>\n<\/td>\n<\/tr>\n<tr>\n<td><\/td>\n<\/tr>\n<tr>\n<td>\n<ul>\n<li><b>pour d\u00e9velopper une id\u00e9e<\/b> :\n<ul>\n<li>une explication : c&rsquo;est-\u00e0-dire, en d&rsquo;autres termes, &#8230;<\/li>\n<li>un exemple : ainsi,\u00a0 par exemple, &#8230;<\/li>\n<li>une preuve : en effet, du fait de<\/li>\n<li>&#8230;<\/li>\n<\/ul>\n<\/li>\n<\/ul>\n<\/td>\n<\/tr>\n<tr>\n<td>\n<ul>\n<li><b>opposer des id\u00e9es ou des faits<\/b> :\n<ul>\n<li>forte contradiction : mais, au contraire, alors que<\/li>\n<li>faible contradiction : toutefois, n\u00e9anmoins, &#8230;<\/li>\n<\/ul>\n<\/li>\n<\/ul>\n<\/td>\n<\/tr>\n<tr>\n<td>\n<ul>\n<li><b>\u00e9tablir une relation de cause \u00e0 cons\u00e9quence\u00a0<\/b>\n<ul>\n<li>une cause : car, parce que, puisque, en effet, ..<\/li>\n<li>une cons\u00e9quence : donc, si bien que, d&rsquo;o\u00f9, par cons\u00e9quent,&#8230;<\/li>\n<\/ul>\n<\/li>\n<\/ul>\n<\/td>\n<\/tr>\n<tr>\n<td>\n<ul>\n<li><b>opposition ou concession <\/b>: mais, au contraire, toutefois, alors que, cependant, n\u00e9anmoins,<\/li>\n<\/ul>\n<\/td>\n<\/tr>\n<tr>\n<td>Ils peuvent \u00eatre remplac\u00e9s par des verbes ou une ponctuation ad\u00e9quate qui rendent le texte plus \u00e9l\u00e9gant<\/td>\n<\/tr>\n<\/tbody>\n<\/table>\n","protected":false},"excerpt":{"rendered":"<p>Ce sont des mots ou expressions qui montrent le lien logique entre deux propositions. Il existe des connecteurs &#8230; pour classer des id\u00e9es ou des faits : pr\u00e9ciser l&rsquo;ordre : d&rsquo;abord, ensuite, enfin, mettre en parall\u00e8le : soit &#8230; soit, de m\u00eame, ainsi que, &#8230; pour d\u00e9velopper une id\u00e9e : une explication : c&rsquo;est-\u00e0-dire, en &hellip; <\/p>\n<p><a class=\"more-link btn\" href=\"https:\/\/ent2d.ac-bordeaux.fr\/disciplines\/svt\/des-connecteurs-pour-expliciter-des-relations\/\">Lire la suite<\/a><\/p>\n","protected":false},"author":8,"featured_media":0,"parent":0,"menu_order":0,"comment_status":"closed","ping_status":"closed","template":"template-twocolumnsright.php","meta":{"footnotes":""},"class_list":["post-574","page","type-page","status-publish","hentry","nodate","item-wrap"],"_links":{"self":[{"href":"https:\/\/ent2d.ac-bordeaux.fr\/disciplines\/svt\/wp-json\/wp\/v2\/pages\/574","targetHints":{"allow":["GET"]}}],"collection":[{"href":"https:\/\/ent2d.ac-bordeaux.fr\/disciplines\/svt\/wp-json\/wp\/v2\/pages"}],"about":[{"href":"https:\/\/ent2d.ac-bordeaux.fr\/disciplines\/svt\/wp-json\/wp\/v2\/types\/page"}],"author":[{"embeddable":true,"href":"https:\/\/ent2d.ac-bordeaux.fr\/disciplines\/svt\/wp-json\/wp\/v2\/users\/8"}],"replies":[{"embeddable":true,"href":"https:\/\/ent2d.ac-bordeaux.fr\/disciplines\/svt\/wp-json\/wp\/v2\/comments?post=574"}],"version-history":[{"count":2,"href":"https:\/\/ent2d.ac-bordeaux.fr\/disciplines\/svt\/wp-json\/wp\/v2\/pages\/574\/revisions"}],"predecessor-version":[{"id":765,"href":"https:\/\/ent2d.ac-bordeaux.fr\/disciplines\/svt\/wp-json\/wp\/v2\/pages\/574\/revisions\/765"}],"wp:attachment":[{"href":"https:\/\/ent2d.ac-bordeaux.fr\/disciplines\/svt\/wp-json\/wp\/v2\/media?parent=574"}],"curies":[{"name":"wp","href":"https:\/\/api.w.org\/{rel}","templated":true}]}}