{"id":571,"date":"2016-02-17T20:24:24","date_gmt":"2016-02-17T19:24:24","guid":{"rendered":"http:\/\/ent2d.ac-bordeaux.fr\/disciplines\/svt\/?page_id=571"},"modified":"2016-11-30T19:58:16","modified_gmt":"2016-11-30T18:58:16","slug":"texte-explicatif","status":"publish","type":"page","link":"https:\/\/ent2d.ac-bordeaux.fr\/disciplines\/svt\/texte-explicatif\/","title":{"rendered":"Texte explicatif"},"content":{"rendered":"<p>1) Expliquer consiste \u00e0 donner \u00e0 quelqu&rsquo;un\u00a0 les moyens de comprendre un \u00e9v\u00e9nement, un ph\u00e9nom\u00e8ne\u2026<br \/>\n2) L\u2019\u00e9metteur r\u00e9pond \u00e0 des questions (implicites ou explicites) : quoi ? comment ? pourquoi ?<br \/>\n3) L \u2018\u00e9metteur et le destinataire sont en accord sur le sujet \u00e9voqu\u00e9 : il n\u2019y a pas lieu de convaincre.<br \/>\n4) Il organise des informations (principales, secondaires\u2026) mais la pr\u00e9sentation de l\u2019information et le vocabulaire utilis\u00e9 d\u00e9pendent du destinataire vis\u00e9 : on consid\u00e9rera ici que le texte s&rsquo;adresse \u00e0 un \u00e9l\u00e8ve de sa classe, absent le jour de l&rsquo;activit\u00e9.<\/p>\n<table class=\"contenu\" style=\"height: 873px\" border=\"\" width=\"733\">\n<tbody>\n<tr>\n<td width=\"40%\"><b>CRIT\u00c8RES DE R\u00c9USSITE<\/b><\/td>\n<td><b>AIDES A LA R\u00c9ALISATION<\/b><\/td>\n<\/tr>\n<tr>\n<td><b>Pour que le texte soit explicatif &#8230;<\/b><\/td>\n<td><b>Ce qu&rsquo;on peut faire pour r\u00e9ussir &#8230;<\/b><\/td>\n<\/tr>\n<tr>\n<td>\n<ul>\n<li><b><i>le ph\u00e9nom\u00e8ne ou l&rsquo;\u00e9v\u00e9nement \u00e0 expliquer sont pr\u00e9cis\u00e9s<\/i><\/b><\/li>\n<\/ul>\n<\/td>\n<td>\n<ul>\n<li>d\u00e9finir les mots cl\u00e9s du sujet pour cerner le champ de connaissances \u00e0 utiliser<\/li>\n<li>(re)formuler le probl\u00e8me : rep\u00e9rer une diff\u00e9rence entre deux r\u00e9sultats, un dysfonctionnement, une r\u00e9gularit\u00e9 \u00e0 partir d&rsquo;un document, d&rsquo;une manipulation &#8230;<\/li>\n<\/ul>\n<\/td>\n<\/tr>\n<tr>\n<td width=\"40%\">\n<ul>\n<li><b><i>toutes les informations pertinentes (qualitatives et\/ou quantitatives) sont cit\u00e9es avec leur r\u00e9f\u00e9rence &#8230;<\/i><\/b><\/li>\n<\/ul>\n<\/td>\n<td>\n<ul>\n<li>choisir dans les documents (<a href=\"http:\/\/ent2d.ac-bordeaux.fr\/disciplines\/svt\/exploiter-un-graphique\/\">graphique<\/a>, tableau, texte, <a href=\"http:\/\/ent2d.ac-bordeaux.fr\/disciplines\/svt\/tirer-une-conclusion-a-partir-de-resultats-experimentaux-ou-cliniques\/\">exp\u00e9rience<\/a> &#8230;) les informations en relation avec le probl\u00e8me \u00e0 traiter<\/li>\n<li>citer la r\u00e9f\u00e9rence<\/li>\n<\/ul>\n<\/td>\n<\/tr>\n<tr>\n<td>\n<ul>\n<li><b><i>&#8230; mises en relation avec le probl\u00e8me ainsi qu&rsquo;avec les connaissances scientifiques n\u00e9cessaires\u00a0<\/i><\/b><\/li>\n<\/ul>\n<\/td>\n<td>\n<ul>\n<li>s\u00e9lectionner \u00e9ventuellement les connaissances pertinentes (cours ou document : graphique, tableau, texte, exp\u00e9rience &#8230;) qui permettent d&rsquo;interpr\u00e9ter les donn\u00e9es<\/li>\n<\/ul>\n<\/td>\n<\/tr>\n<tr>\n<td>\n<ul>\n<li><b><i>le texte est organis\u00e9 en une suite de propositions li\u00e9es par des marques de causalit\u00e9\u00a0 (connecteurs, ponctuation, verbes &#8230;)<\/i><\/b><\/li>\n<\/ul>\n<\/td>\n<td>\n<ul>\n<li>distinguer ce qui rel\u00e8ve de la cause et ce qui rel\u00e8ve de la cons\u00e9quence<\/li>\n<li>Placer des <a href=\"http:\/\/ent2d.ac-bordeaux.fr\/disciplines\/svt\/des-connecteurs-pour-expliciter-des-relations\/\">connecteurs<\/a> entre la cause et la cons\u00e9quence (ou la cons\u00e9quence et la cause) : car, puisque, parce que, donc, d&rsquo;o\u00f9 &#8230;<\/li>\n<li>utiliser des verbes comme provoque, entra\u00eene &#8230;<\/li>\n<\/ul>\n<\/td>\n<\/tr>\n<tr>\n<td><b>\u00a0Pour que le texte soit communicable &#8230;<\/b><\/td>\n<td><b><i>.<\/i><\/b><\/td>\n<\/tr>\n<tr>\n<td>\n<ul>\n<li><b><i>le vocabulaire sp\u00e9cifique est utilis\u00e9\u00a0<\/i><\/b><\/li>\n<\/ul>\n<\/td>\n<td>\n<ul>\n<li>Faire comme si le texte \u00e9tait destin\u00e9 \u00e0 un \u00e9l\u00e8ve absent<\/li>\n<\/ul>\n<\/td>\n<\/tr>\n<tr>\n<td>\n<ul>\n<li><b><i>le texte est d\u00e9coup\u00e9 en paragraphes avec une id\u00e9e par paragraphe<\/i><\/b><\/li>\n<\/ul>\n<\/td>\n<td>\n<ul>\n<li>faire un brouillon pour pouvoir organiser les id\u00e9es<\/li>\n<\/ul>\n<\/td>\n<\/tr>\n<tr>\n<td>\n<ul>\n<li><b><i>l&rsquo;orthographe est correcte<\/i><\/b><\/li>\n<\/ul>\n<\/td>\n<td>\n<ul>\n<li>utiliser un dictionnaire, un lexique si n\u00e9cessaire<\/li>\n<\/ul>\n<\/td>\n<\/tr>\n<tr>\n<td>\n<ul>\n<li><b><i>le texte respecte les conventions habituelles de pr\u00e9sentation\u00a0 (\u00e9criture\u00a0 lisible, propret\u00e9&#8230;)<\/i><\/b><\/li>\n<\/ul>\n<p><i><u>Remarque<\/u> : ce crit\u00e8re est modulable en fonction du statut du texte :\u00a0 provisoire ou d\u00e9finitif .\u00a0<\/i><\/td>\n<td><\/td>\n<\/tr>\n<\/tbody>\n<\/table>\n<p>&nbsp;<\/p>\n","protected":false},"excerpt":{"rendered":"<p>1) Expliquer consiste \u00e0 donner \u00e0 quelqu&rsquo;un\u00a0 les moyens de comprendre un \u00e9v\u00e9nement, un ph\u00e9nom\u00e8ne\u2026 2) L\u2019\u00e9metteur r\u00e9pond \u00e0 des questions (implicites ou explicites) : quoi ? comment ? pourquoi ? 3) L \u2018\u00e9metteur et le destinataire sont en accord sur le sujet \u00e9voqu\u00e9 : il n\u2019y a pas lieu de convaincre. 4) Il organise &hellip; <\/p>\n<p><a class=\"more-link btn\" href=\"https:\/\/ent2d.ac-bordeaux.fr\/disciplines\/svt\/texte-explicatif\/\">Lire la suite<\/a><\/p>\n","protected":false},"author":8,"featured_media":0,"parent":0,"menu_order":0,"comment_status":"closed","ping_status":"closed","template":"template-twocolumnsright.php","meta":{"footnotes":""},"class_list":["post-571","page","type-page","status-publish","hentry","nodate","item-wrap"],"_links":{"self":[{"href":"https:\/\/ent2d.ac-bordeaux.fr\/disciplines\/svt\/wp-json\/wp\/v2\/pages\/571","targetHints":{"allow":["GET"]}}],"collection":[{"href":"https:\/\/ent2d.ac-bordeaux.fr\/disciplines\/svt\/wp-json\/wp\/v2\/pages"}],"about":[{"href":"https:\/\/ent2d.ac-bordeaux.fr\/disciplines\/svt\/wp-json\/wp\/v2\/types\/page"}],"author":[{"embeddable":true,"href":"https:\/\/ent2d.ac-bordeaux.fr\/disciplines\/svt\/wp-json\/wp\/v2\/users\/8"}],"replies":[{"embeddable":true,"href":"https:\/\/ent2d.ac-bordeaux.fr\/disciplines\/svt\/wp-json\/wp\/v2\/comments?post=571"}],"version-history":[{"count":6,"href":"https:\/\/ent2d.ac-bordeaux.fr\/disciplines\/svt\/wp-json\/wp\/v2\/pages\/571\/revisions"}],"predecessor-version":[{"id":861,"href":"https:\/\/ent2d.ac-bordeaux.fr\/disciplines\/svt\/wp-json\/wp\/v2\/pages\/571\/revisions\/861"}],"wp:attachment":[{"href":"https:\/\/ent2d.ac-bordeaux.fr\/disciplines\/svt\/wp-json\/wp\/v2\/media?parent=571"}],"curies":[{"name":"wp","href":"https:\/\/api.w.org\/{rel}","templated":true}]}}