{"id":565,"date":"2016-02-17T20:21:42","date_gmt":"2016-02-17T19:21:42","guid":{"rendered":"http:\/\/ent2d.ac-bordeaux.fr\/disciplines\/svt\/?page_id=565"},"modified":"2016-11-30T19:58:16","modified_gmt":"2016-11-30T18:58:16","slug":"tirer-une-conclusion-a-partir-de-resultats-experimentaux-ou-cliniques","status":"publish","type":"page","link":"https:\/\/ent2d.ac-bordeaux.fr\/disciplines\/svt\/tirer-une-conclusion-a-partir-de-resultats-experimentaux-ou-cliniques\/","title":{"rendered":"Tirer une conclusion \u00e0 partir de r\u00e9sultats exp\u00e9rimentaux (ou cliniques)"},"content":{"rendered":"<p>C&rsquo;est un exercice de logique. Pour raisonner correctement, il faut :<\/p>\n<ul>\n<li>rep\u00e9rer le param\u00e8tre variant entre deux situations exp\u00e9rimentales (ou pathologiques). Si dans un exercice, une seule exp\u00e9rience est d\u00e9crite, la deuxi\u00e8me situation correspond \u00e0 l&rsquo;\u00e9tat \u00ab\u00a0normal\u00a0\u00bb<\/li>\n<li>d\u00e9crire les r\u00e9sultats (prendre en compte l&rsquo;\u00e9tat \u00ab\u00a0normal\u00a0\u00bb s&rsquo;il n&rsquo;est pas pr\u00e9cis\u00e9)<\/li>\n<li>mettre en relation les r\u00e9sultats avec les conditions exp\u00e9rimentales :\n<ul>\n<li>si les r\u00e9sultats sont identiques, le param\u00e8tre qui varie n&rsquo;a aucune influence ;<\/li>\n<li>si les r\u00e9sultats sont diff\u00e9rents, le param\u00e8tre qui varie est responsable de la diff\u00e9rence.<\/li>\n<\/ul>\n<\/li>\n<\/ul>\n<table class=\"contenu\" style=\"height: 475px\" border=\"\" width=\"548\">\n<tbody>\n<tr>\n<td><b>Conditions d&rsquo;exp\u00e9riences<\/b><\/td>\n<td width=\"20%\"><b>R\u00e9sultats<\/b><\/td>\n<td width=\"50%\"><b>Conclusion<\/b><\/td>\n<\/tr>\n<tr>\n<td>Trois param\u00e8tres pour la manipulation n\u00b0 1<br \/>\nX<br \/>\nY<br \/>\nZ<br \/>\n____________________________________<\/p>\n<p>Deux param\u00e8tres pour la manipulation n\u00b02<br \/>\nX<br \/>\nY<\/td>\n<td>R1<\/p>\n<p>________________________________<br \/>\nR2<\/td>\n<td>Deux cas possibles :<\/p>\n<ul>\n<li>Si R1 = R2, le param\u00e8tre Z n&rsquo;a pas d&rsquo;influence sur le ph\u00e9nom\u00e8ne \u00e9tudi\u00e9.<\/li>\n<\/ul>\n<ul>\n<li>Si R1 est diff\u00e9rent de R2, le param\u00e8tre Z a une influence sur le ph\u00e9nom\u00e8ne \u00e9tudi\u00e9.<\/li>\n<\/ul>\n<\/td>\n<\/tr>\n<tr>\n<td><\/td>\n<td><\/td>\n<td>\n<div align=\"right\">d&rsquo;apr\u00e8s Mich\u00e8le Dupont<\/div>\n<\/td>\n<\/tr>\n<\/tbody>\n<\/table>\n<p>&nbsp;<\/p>\n<p><i>Ce tableau doit \u00eatre consid\u00e9r\u00e9 comme une aide au raisonnement et non comme une mani\u00e8re st\u00e9r\u00e9otyp\u00e9e de pr\u00e9senter un raisonnement. Il fait appara\u00eetre la n\u00e9cessit\u00e9 de comparer les r\u00e9sultats et les conditions pour tirer une conclusion dans le cas o\u00f9 une hypoth\u00e8se n&rsquo;est pas clairement explicit\u00e9e.<\/i><\/p>\n","protected":false},"excerpt":{"rendered":"<p>C&rsquo;est un exercice de logique. Pour raisonner correctement, il faut : rep\u00e9rer le param\u00e8tre variant entre deux situations exp\u00e9rimentales (ou pathologiques). Si dans un exercice, une seule exp\u00e9rience est d\u00e9crite, la deuxi\u00e8me situation correspond \u00e0 l&rsquo;\u00e9tat \u00ab\u00a0normal\u00a0\u00bb d\u00e9crire les r\u00e9sultats (prendre en compte l&rsquo;\u00e9tat \u00ab\u00a0normal\u00a0\u00bb s&rsquo;il n&rsquo;est pas pr\u00e9cis\u00e9) mettre en relation les r\u00e9sultats avec &hellip; <\/p>\n<p><a class=\"more-link btn\" href=\"https:\/\/ent2d.ac-bordeaux.fr\/disciplines\/svt\/tirer-une-conclusion-a-partir-de-resultats-experimentaux-ou-cliniques\/\">Lire la suite<\/a><\/p>\n","protected":false},"author":8,"featured_media":0,"parent":0,"menu_order":0,"comment_status":"closed","ping_status":"closed","template":"template-twocolumnsright.php","meta":{"footnotes":""},"class_list":["post-565","page","type-page","status-publish","hentry","nodate","item-wrap"],"_links":{"self":[{"href":"https:\/\/ent2d.ac-bordeaux.fr\/disciplines\/svt\/wp-json\/wp\/v2\/pages\/565","targetHints":{"allow":["GET"]}}],"collection":[{"href":"https:\/\/ent2d.ac-bordeaux.fr\/disciplines\/svt\/wp-json\/wp\/v2\/pages"}],"about":[{"href":"https:\/\/ent2d.ac-bordeaux.fr\/disciplines\/svt\/wp-json\/wp\/v2\/types\/page"}],"author":[{"embeddable":true,"href":"https:\/\/ent2d.ac-bordeaux.fr\/disciplines\/svt\/wp-json\/wp\/v2\/users\/8"}],"replies":[{"embeddable":true,"href":"https:\/\/ent2d.ac-bordeaux.fr\/disciplines\/svt\/wp-json\/wp\/v2\/comments?post=565"}],"version-history":[{"count":3,"href":"https:\/\/ent2d.ac-bordeaux.fr\/disciplines\/svt\/wp-json\/wp\/v2\/pages\/565\/revisions"}],"predecessor-version":[{"id":865,"href":"https:\/\/ent2d.ac-bordeaux.fr\/disciplines\/svt\/wp-json\/wp\/v2\/pages\/565\/revisions\/865"}],"wp:attachment":[{"href":"https:\/\/ent2d.ac-bordeaux.fr\/disciplines\/svt\/wp-json\/wp\/v2\/media?parent=565"}],"curies":[{"name":"wp","href":"https:\/\/api.w.org\/{rel}","templated":true}]}}