{"id":5372,"date":"2025-04-11T09:45:46","date_gmt":"2025-04-11T08:45:46","guid":{"rendered":"https:\/\/ent2d.ac-bordeaux.fr\/disciplines\/svt\/?page_id=5372"},"modified":"2025-10-27T15:30:53","modified_gmt":"2025-10-27T14:30:53","slug":"bilan-des-ece-2024","status":"publish","type":"page","link":"https:\/\/ent2d.ac-bordeaux.fr\/disciplines\/svt\/ressources\/pedagogiques\/enseigner-au-lycee\/bilan-des-ece-2024\/","title":{"rendered":"Bilan des ECE"},"content":{"rendered":"\n<p>Bilan ECE 2025 : Bilan de l\u2019\u00e9preuve ECE 2025 dans l\u2019acad\u00e9mie de Bordeaux et Perspectives de formation et d\u2019\u00e9valuation des comp\u00e9tences exp\u00e9rimentales (<a href=\"https:\/\/ent2d.ac-bordeaux.fr\/disciplines\/svt\/wp-content\/uploads\/sites\/4\/2025\/10\/Lettre-18-25-26.pdf\" target=\"_blank\" rel=\"noreferrer noopener\">lettre \u00e0 t\u00e9l\u00e9charge<\/a>r)<\/p>\n\n\n\n<p>Bilan ECE 2024 : \u00c9tats des pratiques et recommandations  dans la formation des \u00e9l\u00e8ves aux comp\u00e9tences exp\u00e9rimentales (<a href=\"https:\/\/ent2d.ac-bordeaux.fr\/disciplines\/svt\/wp-content\/uploads\/sites\/4\/2024\/09\/BILAN-ECE-2024-Bordeaux.pdf\" target=\"_blank\" rel=\"noreferrer noopener\">lettre \u00e0 t\u00e9l\u00e9charger<\/a>)<br><\/p>\n","protected":false},"excerpt":{"rendered":"<p>Bilan ECE 2025 : Bilan de l\u2019\u00e9preuve ECE 2025 dans l\u2019acad\u00e9mie de Bordeaux et Perspectives de formation et d\u2019\u00e9valuation des comp\u00e9tences exp\u00e9rimentales (lettre \u00e0 t\u00e9l\u00e9charger) Bilan ECE 2024 : \u00c9tats des pratiques et recommandations dans la formation des \u00e9l\u00e8ves aux comp\u00e9tences exp\u00e9rimentales (lettre \u00e0 t\u00e9l\u00e9charger)<\/p>\n","protected":false},"author":1614,"featured_media":0,"parent":4991,"menu_order":2,"comment_status":"closed","ping_status":"closed","template":"","meta":{"footnotes":""},"class_list":["post-5372","page","type-page","status-publish","hentry","nodate","item-wrap"],"_links":{"self":[{"href":"https:\/\/ent2d.ac-bordeaux.fr\/disciplines\/svt\/wp-json\/wp\/v2\/pages\/5372","targetHints":{"allow":["GET"]}}],"collection":[{"href":"https:\/\/ent2d.ac-bordeaux.fr\/disciplines\/svt\/wp-json\/wp\/v2\/pages"}],"about":[{"href":"https:\/\/ent2d.ac-bordeaux.fr\/disciplines\/svt\/wp-json\/wp\/v2\/types\/page"}],"author":[{"embeddable":true,"href":"https:\/\/ent2d.ac-bordeaux.fr\/disciplines\/svt\/wp-json\/wp\/v2\/users\/1614"}],"replies":[{"embeddable":true,"href":"https:\/\/ent2d.ac-bordeaux.fr\/disciplines\/svt\/wp-json\/wp\/v2\/comments?post=5372"}],"version-history":[{"count":2,"href":"https:\/\/ent2d.ac-bordeaux.fr\/disciplines\/svt\/wp-json\/wp\/v2\/pages\/5372\/revisions"}],"predecessor-version":[{"id":5435,"href":"https:\/\/ent2d.ac-bordeaux.fr\/disciplines\/svt\/wp-json\/wp\/v2\/pages\/5372\/revisions\/5435"}],"up":[{"embeddable":true,"href":"https:\/\/ent2d.ac-bordeaux.fr\/disciplines\/svt\/wp-json\/wp\/v2\/pages\/4991"}],"wp:attachment":[{"href":"https:\/\/ent2d.ac-bordeaux.fr\/disciplines\/svt\/wp-json\/wp\/v2\/media?parent=5372"}],"curies":[{"name":"wp","href":"https:\/\/api.w.org\/{rel}","templated":true}]}}