{"id":5367,"date":"2025-04-11T09:36:54","date_gmt":"2025-04-11T08:36:54","guid":{"rendered":"https:\/\/ent2d.ac-bordeaux.fr\/disciplines\/svt\/?page_id=5367"},"modified":"2025-04-14T11:23:40","modified_gmt":"2025-04-14T10:23:40","slug":"webinaire-ece-2025","status":"publish","type":"page","link":"https:\/\/ent2d.ac-bordeaux.fr\/disciplines\/svt\/ressources\/pedagogiques\/enseigner-au-lycee\/webinaire-ece-2025\/","title":{"rendered":"Webinaire ECE 2025"},"content":{"rendered":"\n<p>Replay du webinaire &#8211; <em>par Fr\u00e9d\u00e9ric Blanc IA-IPR SVT<\/em><\/p>\n\n\n\n<figure class=\"wp-block-video\"><video controls src=\"https:\/\/bbb-adm-scalelite.visio.education.fr\/playback\/video\/7964921e22f0c0d96648b555fef08042665c49df-1744569910774\/video-0.m4v\"><\/video><\/figure>\n\n\n\n<p>Diaporama du webinaire pr\u00e9sent\u00e9 du 2 au 10 avril 2025<\/p>\n\n\n\n<div data-wp-interactive=\"core\/file\" class=\"wp-block-file\"><object data-wp-bind--hidden=\"!state.hasPdfPreview\" hidden class=\"wp-block-file__embed\" data=\"https:\/\/ent2d.ac-bordeaux.fr\/disciplines\/svt\/wp-content\/uploads\/sites\/4\/2025\/04\/VISIO-ECE-Bordeaux-avril-2025.pdf\" type=\"application\/pdf\" style=\"width:100%;height:600px\" aria-label=\"Contenu embarqu\u00e9 VISIO ECE Bordeaux avril 2025.\"><\/object><a id=\"wp-block-file--media-f4a48643-eeba-4bbf-b4b2-6ea82122a2cc\" href=\"https:\/\/ent2d.ac-bordeaux.fr\/disciplines\/svt\/wp-content\/uploads\/sites\/4\/2025\/04\/VISIO-ECE-Bordeaux-avril-2025.pdf\">VISIO ECE Bordeaux avril 2025<\/a><a href=\"https:\/\/ent2d.ac-bordeaux.fr\/disciplines\/svt\/wp-content\/uploads\/sites\/4\/2025\/04\/VISIO-ECE-Bordeaux-avril-2025.pdf\" class=\"wp-block-file__button wp-element-button\" download aria-describedby=\"wp-block-file--media-f4a48643-eeba-4bbf-b4b2-6ea82122a2cc\">T\u00e9l\u00e9charger<\/a><\/div>\n\n\n\n<p>Pour rappel, le Vademecum ECE est t\u00e9l\u00e9chargeable sur le site \u00c9duscol <a href=\"https:\/\/eduscol.education.fr\/document\/47336\/download?attachment\" target=\"_blank\" rel=\"noreferrer noopener\">https:\/\/eduscol.education.fr\/document\/47336\/download?attachment<\/a><\/p>\n","protected":false},"excerpt":{"rendered":"<p>Replay du webinaire &#8211; par Fr\u00e9d\u00e9ric Blanc IA-IPR SVT Diaporama du webinaire pr\u00e9sent\u00e9 du 2 au 10 avril 2025 Pour rappel, le Vademecum ECE est t\u00e9l\u00e9chargeable sur le site \u00c9duscol https:\/\/eduscol.education.fr\/document\/47336\/download?attachment<\/p>\n","protected":false},"author":1614,"featured_media":0,"parent":4991,"menu_order":1,"comment_status":"closed","ping_status":"closed","template":"","meta":{"footnotes":""},"class_list":["post-5367","page","type-page","status-publish","hentry","nodate","item-wrap"],"_links":{"self":[{"href":"https:\/\/ent2d.ac-bordeaux.fr\/disciplines\/svt\/wp-json\/wp\/v2\/pages\/5367","targetHints":{"allow":["GET"]}}],"collection":[{"href":"https:\/\/ent2d.ac-bordeaux.fr\/disciplines\/svt\/wp-json\/wp\/v2\/pages"}],"about":[{"href":"https:\/\/ent2d.ac-bordeaux.fr\/disciplines\/svt\/wp-json\/wp\/v2\/types\/page"}],"author":[{"embeddable":true,"href":"https:\/\/ent2d.ac-bordeaux.fr\/disciplines\/svt\/wp-json\/wp\/v2\/users\/1614"}],"replies":[{"embeddable":true,"href":"https:\/\/ent2d.ac-bordeaux.fr\/disciplines\/svt\/wp-json\/wp\/v2\/comments?post=5367"}],"version-history":[{"count":2,"href":"https:\/\/ent2d.ac-bordeaux.fr\/disciplines\/svt\/wp-json\/wp\/v2\/pages\/5367\/revisions"}],"predecessor-version":[{"id":5376,"href":"https:\/\/ent2d.ac-bordeaux.fr\/disciplines\/svt\/wp-json\/wp\/v2\/pages\/5367\/revisions\/5376"}],"up":[{"embeddable":true,"href":"https:\/\/ent2d.ac-bordeaux.fr\/disciplines\/svt\/wp-json\/wp\/v2\/pages\/4991"}],"wp:attachment":[{"href":"https:\/\/ent2d.ac-bordeaux.fr\/disciplines\/svt\/wp-json\/wp\/v2\/media?parent=5367"}],"curies":[{"name":"wp","href":"https:\/\/api.w.org\/{rel}","templated":true}]}}