{"id":5022,"date":"2023-06-08T12:00:00","date_gmt":"2023-06-08T11:00:00","guid":{"rendered":"https:\/\/ent2d.ac-bordeaux.fr\/disciplines\/svt\/?page_id=5022"},"modified":"2024-02-01T16:49:52","modified_gmt":"2024-02-01T15:49:52","slug":"banque-de-sujets-type-ece-premiere-specialite-svt","status":"publish","type":"page","link":"https:\/\/ent2d.ac-bordeaux.fr\/disciplines\/svt\/ressources\/pedagogiques\/enseigner-au-lycee\/banque-de-sujets-type-ece-premiere-specialite-svt\/","title":{"rendered":"Banque de sujets \u00ab\u00a0type ECE\u00a0\u00bb Premi\u00e8re Sp\u00e9cialit\u00e9 SVT"},"content":{"rendered":"\n<h2 class=\"wp-block-heading\">Avertissement du groupe de travail<\/h2>\n\n\n\n<p class=\"has-text-align-left\">Cette banque de TP a \u00e9t\u00e9 \u00e9labor\u00e9e , en 5 mois, par un groupe de travail compos\u00e9 de 8 professeurs de<br>SVT (Mme Bridon G\u00e9raldine, Mme Chauvet-Bayles Kathia, Mme Chauvin Sylvie, Mme El-Moueffak<br>Marie-Christine, Mme Roussarie Carole, M Dufau Denis, M Groz Jean-Fran\u00e7ois, M Lavigne Bruno).<br>Elle constitue un outil qui doit permettre d\u2019engager un travail de r\u00e9flexion et un d\u00e9but de formation<br>des \u00e9l\u00e8ves, d\u00e8s la classe de 1\u00e8re sp\u00e9cialit\u00e9 SVT, aux TP type ECE.<br>Les TP propos\u00e9s et les \u00e9l\u00e9ments de correction associ\u00e9s sont des exemples utilisables directement en<br>classe mais sont certainement perfectibles.<br>N\u2019h\u00e9sitez pas \u00e0 proposer des am\u00e9liorations ou d\u2019autres TP que vous pourriez r\u00e9aliser en classe de fa\u00e7on<br>\u00e0 compl\u00e9ter cette banque de TP.<br>Merci par avance \u00e0 tous pour vos futures contributions.<\/p>\n\n\n\n<p class=\"has-text-align-right\">Kathia Chauvet-Bayles<br>CMI SVT<br>kathia.chauvet-bayles[at]ac-bordeaux.fr<\/p>\n\n\n\n<h2 class=\"wp-block-heading\">Pr\u00e9sentation de la banque<\/h2>\n\n\n\n<p>Chaque sujet se pr\u00e9sente sous la forme d&rsquo;un dossier zipp\u00e9 t\u00e9l\u00e9chargeable et comportant :<\/p>\n\n\n\n<ul class=\"wp-block-list\">\n<li>les fiches sujets \u00e0 destination des \u00e9l\u00e8ves ;<\/li>\n<\/ul>\n\n\n\n<ul class=\"wp-block-list\">\n<li>la fiche laboratoire ;<\/li>\n<\/ul>\n\n\n\n<ul class=\"wp-block-list\">\n<li>les ressources (fichier .xlsx ou .ods, .pdb&#8230;)<\/li>\n<\/ul>\n\n\n\n<ul class=\"wp-block-list\">\n<li>les fiches techniques<\/li>\n<\/ul>\n\n\n\n<ul class=\"wp-block-list\">\n<li>la grille d&rsquo;\u00e9valuation<\/li>\n<\/ul>\n\n\n<iframe loading=\"lazy\" src=\"https:\/\/ladigitale.dev\/digiquiz\/q\/647f0c7eadadd\" title=\"\" width=\"80%\" height=\"450\" scrolling=\"yes\" frameborder=\"0\" marginheight=\"0\" allowFullScreen=\"true\"><a href=\"https:\/\/ladigitale.dev\/digiquiz\/q\/647f0c7eadadd\" target=\"_blank\">https:\/\/ladigitale.dev\/digiquiz\/q\/647f0c7eadadd<\/a><\/iframe>\n\n\n\n<p><em>Une erreur d&rsquo;affichage du document ? Il vous est conseill\u00e9 d&rsquo;utiliser le navigateur Firefox ou Edge&#8230;<\/em><\/p>\n\n\n\n<h2 class=\"wp-block-heading\">La banque de sujets<\/h2>\n\n\n\n<figure class=\"wp-block-table\"><table><tbody><tr><td>Nom du sujet<\/td><td>Variantes propos\u00e9es<\/td><td>Manipulations<\/td><\/tr><tr><td><a href=\"https:\/\/ent2d.ac-bordeaux.fr\/disciplines\/svt\/?p=5025\">Le contraste continents et fonds oc\u00e9aniques<\/a><\/td><td>\u00c9laboration d\u2019une strat\u00e9gie<br>Poursuite d\u2019une strat\u00e9gie<br>Validation d\u2019un mod\u00e8le<br>G\u00e9n\u00e9ralisation du ph\u00e9nom\u00e8ne<br>Validation des r\u00e9sultats<\/td><td>Mesures et calcul de la densit\u00e9 de roches<\/td><\/tr><tr><td><a rel=\"noreferrer noopener\" href=\"https:\/\/ent2d.ac-bordeaux.fr\/disciplines\/svt\/?p=5032\" target=\"_blank\">L&rsquo;alignement volcanique des \u00eeles Hawa\u00ef<\/a><\/td><td>\u00c9laboration d\u2019une strat\u00e9gie<br>Poursuite d\u2019une strat\u00e9gie &nbsp;<\/td><td>Calcul de la vitesse et du sens de d\u00e9placement de la plaque Pacifique (Google Earth et tableur)<\/td><\/tr><tr><td><a href=\"https:\/\/ent2d.ac-bordeaux.fr\/disciplines\/svt\/fonctionnement-enzymatique-et-role-inhibiteur-dun-medicament-sur-une-enzyme\/\" data-type=\"URL\" data-id=\"https:\/\/ent2d.ac-bordeaux.fr\/disciplines\/svt\/fonctionnement-enzymatique-et-role-inhibiteur-dun-medicament-sur-une-enzyme\/\">Fonctionnement enzymatique et r\u00f4le inhibiteur d\u2019un m\u00e9dicament sur une enzyme<\/a><\/td><td>Poursuite de strat\u00e9gie (deux versions)<\/td><td>Test de l\u2019activit\u00e9 enzymatique sur deux substrats<br>Mod\u00e9lisation mol\u00e9culaire de la relation spatiale enzyme\/substrats<\/td><\/tr><tr><td><a href=\"https:\/\/ent2d.ac-bordeaux.fr\/disciplines\/svt\/structure-de-la-dorsale-medio-atlantique\/\">Structure de la dorsale m\u00e9dio-Atlantique<\/a><\/td><td>G\u00e9n\u00e9ralisation du ph\u00e9nom\u00e8ne<\/td><td>R\u00e9alisation d\u2019un profil sur Google Earth<br>Identification d\u2019une roche \u00e0 partir d\u2019un \u00e9chantillon<\/td><\/tr><tr><td><a href=\"https:\/\/ent2d.ac-bordeaux.fr\/disciplines\/svt\/les-dorsales-des-frontieres-de-plaques-en-divergence\/\">Les dorsales\u00a0: des fronti\u00e8res de plaques en divergence<\/a><\/td><td>Validation d&rsquo;un mod\u00e8le<\/td><td>Calcul de la  vitesse du mouvement (relatif et absolu) des plaques au niveau de l&rsquo;Atlantique sud \u00e0 partir de donn\u00e9es GPS et s\u00e9dimentaires (Tectoglob3D et tableur)<\/td><\/tr><\/tbody><\/table><\/figure>\n","protected":false},"excerpt":{"rendered":"<p>Avertissement du groupe de travail Cette banque de TP a \u00e9t\u00e9 \u00e9labor\u00e9e , en 5 mois, par un groupe de travail compos\u00e9 de 8 professeurs deSVT (Mme Bridon G\u00e9raldine, Mme Chauvet-Bayles Kathia, Mme Chauvin Sylvie, Mme El-MoueffakMarie-Christine, Mme Roussarie Carole, M Dufau Denis, M Groz Jean-Fran\u00e7ois, M Lavigne Bruno).Elle constitue un outil qui doit permettre &hellip; <\/p>\n<p><a class=\"more-link btn\" href=\"https:\/\/ent2d.ac-bordeaux.fr\/disciplines\/svt\/ressources\/pedagogiques\/enseigner-au-lycee\/banque-de-sujets-type-ece-premiere-specialite-svt\/\">Lire la suite<\/a><\/p>\n","protected":false},"author":1614,"featured_media":0,"parent":4991,"menu_order":3,"comment_status":"closed","ping_status":"closed","template":"","meta":{"footnotes":""},"class_list":["post-5022","page","type-page","status-publish","hentry","nodate","item-wrap"],"_links":{"self":[{"href":"https:\/\/ent2d.ac-bordeaux.fr\/disciplines\/svt\/wp-json\/wp\/v2\/pages\/5022","targetHints":{"allow":["GET"]}}],"collection":[{"href":"https:\/\/ent2d.ac-bordeaux.fr\/disciplines\/svt\/wp-json\/wp\/v2\/pages"}],"about":[{"href":"https:\/\/ent2d.ac-bordeaux.fr\/disciplines\/svt\/wp-json\/wp\/v2\/types\/page"}],"author":[{"embeddable":true,"href":"https:\/\/ent2d.ac-bordeaux.fr\/disciplines\/svt\/wp-json\/wp\/v2\/users\/1614"}],"replies":[{"embeddable":true,"href":"https:\/\/ent2d.ac-bordeaux.fr\/disciplines\/svt\/wp-json\/wp\/v2\/comments?post=5022"}],"version-history":[{"count":13,"href":"https:\/\/ent2d.ac-bordeaux.fr\/disciplines\/svt\/wp-json\/wp\/v2\/pages\/5022\/revisions"}],"predecessor-version":[{"id":5284,"href":"https:\/\/ent2d.ac-bordeaux.fr\/disciplines\/svt\/wp-json\/wp\/v2\/pages\/5022\/revisions\/5284"}],"up":[{"embeddable":true,"href":"https:\/\/ent2d.ac-bordeaux.fr\/disciplines\/svt\/wp-json\/wp\/v2\/pages\/4991"}],"wp:attachment":[{"href":"https:\/\/ent2d.ac-bordeaux.fr\/disciplines\/svt\/wp-json\/wp\/v2\/media?parent=5022"}],"curies":[{"name":"wp","href":"https:\/\/api.w.org\/{rel}","templated":true}]}}