{"id":5013,"date":"2023-05-31T17:04:52","date_gmt":"2023-05-31T16:04:52","guid":{"rendered":"https:\/\/ent2d.ac-bordeaux.fr\/disciplines\/svt\/?page_id=5013"},"modified":"2025-10-01T15:54:23","modified_gmt":"2025-10-01T14:54:23","slug":"former-aux-competences-du-livret-scolaire-du-lyceen","status":"publish","type":"page","link":"https:\/\/ent2d.ac-bordeaux.fr\/disciplines\/svt\/ressources\/pedagogiques\/enseigner-au-lycee\/former-aux-competences-du-livret-scolaire-du-lyceen\/","title":{"rendered":"Former aux comp\u00e9tences du Livret scolaire du lyc\u00e9en"},"content":{"rendered":"\n<ul class=\"wp-block-list\">\n<li>Suivi des comp\u00e9tences des lyc\u00e9ens &#8211; <a rel=\"noreferrer noopener\" href=\"https:\/\/ent2d.ac-bordeaux.fr\/disciplines\/svt\/wp-content\/uploads\/sites\/4\/2023\/05\/Lettre-27-22-23-public.pdf\" target=\"_blank\">Lettre des IA-IPR aux professeurs de SVT \/ \u00e9tablissements publics<\/a> (.pdf)<\/li>\n<\/ul>\n\n\n\n<ul class=\"wp-block-list\">\n<li>Suivi des comp\u00e9tences des lyc\u00e9ens &#8211; <a rel=\"noreferrer noopener\" href=\"https:\/\/ent2d.ac-bordeaux.fr\/disciplines\/svt\/wp-content\/uploads\/sites\/4\/2023\/05\/Lettre-28-22-23-prive.pdf\" target=\"_blank\">Lettre des IA-IPR aux professeurs de SVT \/ \u00e9tablissements priv\u00e9s<\/a> (.pdf)<\/li>\n<\/ul>\n\n\n\n<ul class=\"wp-block-list\">\n<li><a rel=\"noreferrer noopener\" href=\"https:\/\/ent2d.ac-bordeaux.fr\/disciplines\/svt\/wp-content\/uploads\/sites\/4\/2023\/05\/LSL-CPTCES-NIVEAUX-DE-MAITRISE.docx\" target=\"_blank\">Proposition de niveaux de ma\u00eetrise p<\/a><a href=\"https:\/\/ent2d.ac-bordeaux.fr\/disciplines\/svt\/wp-content\/uploads\/sites\/4\/2023\/05\/LSL-CPTCES-NIVEAUX-DE-MAITRISE.docx\">our les 9 comp\u00e9tences du LSL<\/a> (.docx)<\/li>\n<\/ul>\n\n\n\n<p><\/p>\n\n\n<iframe loading=\"lazy\" src=\"https:\/\/ladigitale.dev\/digiquiz\/q\/64820afe38c53\" title=\"\" width=\"80%\" height=\"450\" scrolling=\"yes\" frameborder=\"0\" marginheight=\"0\" allowFullScreen=\"true\"><a href=\"https:\/\/ladigitale.dev\/digiquiz\/q\/64820afe38c53\" target=\"_blank\">https:\/\/ladigitale.dev\/digiquiz\/q\/64820afe38c53<\/a><\/iframe>\n\n\n\n<p><em>Une erreur d&rsquo;affichage du document ? Il vous est conseill\u00e9 d&rsquo;utiliser le navigateur Firefox ou Edge&#8230;<\/em><\/p>\n\n\n\n<ul class=\"wp-block-list\">\n<li><a rel=\"noreferrer noopener\" href=\"https:\/\/view.genial.ly\/652038029526ee0012524389\" target=\"_blank\">Banque d&rsquo;exercices de rem\u00e9diation pour d\u00e9velopper ses comp\u00e9tences en sciences de la vie et de la Terre<\/a> (con\u00e7ue par les enseignants de SVT de l&rsquo;acad\u00e9mie de Bordeaux). La banque est accessible mais incompl\u00e8te car en cours de construction.<\/li>\n<\/ul>\n\n\n<iframe loading=\"lazy\" src=\"https:\/\/ladigitale.dev\/digiquiz\/q\/653cb755bd325\/\" title=\"\" width=\"100%\" height=\"450\" scrolling=\"yes\" frameborder=\"0\" marginheight=\"0\" allowFullScreen=\"true\"><a href=\"https:\/\/ladigitale.dev\/digiquiz\/q\/653cb755bd325\/\" target=\"_blank\">https:\/\/ladigitale.dev\/digiquiz\/q\/653cb755bd325\/<\/a><\/iframe>\n\n\n\n<p><em>Une erreur d&rsquo;affichage du document ? Il vous est conseill\u00e9 d&rsquo;utiliser le navigateur Firefox ou Edge&#8230;<\/em><\/p>\n","protected":false},"excerpt":{"rendered":"<p>Une erreur d&rsquo;affichage du document ? Il vous est conseill\u00e9 d&rsquo;utiliser le navigateur Firefox ou Edge&#8230; Une erreur d&rsquo;affichage du document ? Il vous est conseill\u00e9 d&rsquo;utiliser le navigateur Firefox ou Edge&#8230;<\/p>\n","protected":false},"author":1614,"featured_media":0,"parent":4991,"menu_order":3,"comment_status":"closed","ping_status":"closed","template":"","meta":{"footnotes":""},"class_list":["post-5013","page","type-page","status-publish","hentry","nodate","item-wrap"],"_links":{"self":[{"href":"https:\/\/ent2d.ac-bordeaux.fr\/disciplines\/svt\/wp-json\/wp\/v2\/pages\/5013","targetHints":{"allow":["GET"]}}],"collection":[{"href":"https:\/\/ent2d.ac-bordeaux.fr\/disciplines\/svt\/wp-json\/wp\/v2\/pages"}],"about":[{"href":"https:\/\/ent2d.ac-bordeaux.fr\/disciplines\/svt\/wp-json\/wp\/v2\/types\/page"}],"author":[{"embeddable":true,"href":"https:\/\/ent2d.ac-bordeaux.fr\/disciplines\/svt\/wp-json\/wp\/v2\/users\/1614"}],"replies":[{"embeddable":true,"href":"https:\/\/ent2d.ac-bordeaux.fr\/disciplines\/svt\/wp-json\/wp\/v2\/comments?post=5013"}],"version-history":[{"count":6,"href":"https:\/\/ent2d.ac-bordeaux.fr\/disciplines\/svt\/wp-json\/wp\/v2\/pages\/5013\/revisions"}],"predecessor-version":[{"id":5427,"href":"https:\/\/ent2d.ac-bordeaux.fr\/disciplines\/svt\/wp-json\/wp\/v2\/pages\/5013\/revisions\/5427"}],"up":[{"embeddable":true,"href":"https:\/\/ent2d.ac-bordeaux.fr\/disciplines\/svt\/wp-json\/wp\/v2\/pages\/4991"}],"wp:attachment":[{"href":"https:\/\/ent2d.ac-bordeaux.fr\/disciplines\/svt\/wp-json\/wp\/v2\/media?parent=5013"}],"curies":[{"name":"wp","href":"https:\/\/api.w.org\/{rel}","templated":true}]}}