{"id":5011,"date":"2023-05-31T17:03:44","date_gmt":"2023-05-31T16:03:44","guid":{"rendered":"https:\/\/ent2d.ac-bordeaux.fr\/disciplines\/svt\/?page_id=5011"},"modified":"2025-04-11T09:50:38","modified_gmt":"2025-04-11T08:50:38","slug":"la-specialite-de-svt-au-3ieme-trimestre-de-terminale","status":"publish","type":"page","link":"https:\/\/ent2d.ac-bordeaux.fr\/disciplines\/svt\/ressources\/pedagogiques\/enseigner-au-lycee\/la-specialite-de-svt-au-3ieme-trimestre-de-terminale\/","title":{"rendered":"Des pratiques inhabituelles pour former aux comp\u00e9tences mobilis\u00e9es dans l&rsquo;enseignement sup\u00e9rieur"},"content":{"rendered":"\n<ul class=\"wp-block-list\">\n<li><a href=\"https:\/\/ent2d.ac-bordeaux.fr\/disciplines\/svt\/wp-content\/uploads\/sites\/4\/2024\/04\/Courrier-IPR-des-pratiques-pour-travailler-des-competencenseignement-superieur-1.pdf\">Lettre des IA-IPR aux professeurs de SVT<\/a> (.pdf)<\/li>\n<\/ul>\n\n\n\n<ul class=\"wp-block-list\">\n<li>Ressources <a rel=\"noreferrer noopener\" href=\"https:\/\/ent2d.ac-bordeaux.fr\/disciplines\/svt\/wp-content\/uploads\/sites\/4\/2023\/05\/PJ-ressources-preparer-a-lenseignement-superieur-au-T3.pdf\" target=\"_blank\">\u00ab\u00a0Des pratiques pour pr\u00e9parer la transition vers l&rsquo;enseignement sup\u00e9rieur\u00a0\u00bb<\/a> (.pdf)<\/li>\n<\/ul>\n","protected":false},"excerpt":{"rendered":"","protected":false},"author":1614,"featured_media":0,"parent":4991,"menu_order":4,"comment_status":"closed","ping_status":"closed","template":"","meta":{"footnotes":""},"class_list":["post-5011","page","type-page","status-publish","hentry","nodate","item-wrap"],"_links":{"self":[{"href":"https:\/\/ent2d.ac-bordeaux.fr\/disciplines\/svt\/wp-json\/wp\/v2\/pages\/5011","targetHints":{"allow":["GET"]}}],"collection":[{"href":"https:\/\/ent2d.ac-bordeaux.fr\/disciplines\/svt\/wp-json\/wp\/v2\/pages"}],"about":[{"href":"https:\/\/ent2d.ac-bordeaux.fr\/disciplines\/svt\/wp-json\/wp\/v2\/types\/page"}],"author":[{"embeddable":true,"href":"https:\/\/ent2d.ac-bordeaux.fr\/disciplines\/svt\/wp-json\/wp\/v2\/users\/1614"}],"replies":[{"embeddable":true,"href":"https:\/\/ent2d.ac-bordeaux.fr\/disciplines\/svt\/wp-json\/wp\/v2\/comments?post=5011"}],"version-history":[{"count":3,"href":"https:\/\/ent2d.ac-bordeaux.fr\/disciplines\/svt\/wp-json\/wp\/v2\/pages\/5011\/revisions"}],"predecessor-version":[{"id":5303,"href":"https:\/\/ent2d.ac-bordeaux.fr\/disciplines\/svt\/wp-json\/wp\/v2\/pages\/5011\/revisions\/5303"}],"up":[{"embeddable":true,"href":"https:\/\/ent2d.ac-bordeaux.fr\/disciplines\/svt\/wp-json\/wp\/v2\/pages\/4991"}],"wp:attachment":[{"href":"https:\/\/ent2d.ac-bordeaux.fr\/disciplines\/svt\/wp-json\/wp\/v2\/media?parent=5011"}],"curies":[{"name":"wp","href":"https:\/\/api.w.org\/{rel}","templated":true}]}}