{"id":50,"date":"2016-01-17T16:07:57","date_gmt":"2016-01-17T15:07:57","guid":{"rendered":"http:\/\/ent2d.ac-bordeaux.fr\/disciplines\/svt\/?page_id=50"},"modified":"2023-06-21T07:42:54","modified_gmt":"2023-06-21T06:42:54","slug":"actualiser-et-approfondir-ses-connaissances","status":"publish","type":"page","link":"https:\/\/ent2d.ac-bordeaux.fr\/disciplines\/svt\/formations\/actualiser-et-approfondir-ses-connaissances\/","title":{"rendered":"Formations initiale et continue"},"content":{"rendered":"\n<h3 class=\"wp-block-heading\"><strong>Formation initiale des professeurs stagiaires<\/strong><\/h3>\n\n\n\n<ul class=\"has-medium-font-size wp-block-list\">\n<li class=\"has-small-font-size\">Site national : <a rel=\"noreferrer noopener\" href=\"https:\/\/www.devenirenseignant.gouv.fr\/cid157781\/reforme-de-la-formation-initiale-des-professeurs-et-des-conseillers-principaux-d-education-en-inspe.html\" target=\"_blank\">https:\/\/www.devenirenseignant.gouv.fr\/cid157781\/reforme-de-la-formation-initiale-des-professeurs-et-des-conseillers-principaux-d-education-en-inspe.html\/\/eduscol.education.fr\/<\/a><\/li>\n<\/ul>\n\n\n\n<h3 class=\"wp-block-heading\"><strong>Formation continue des professeurs certifi\u00e9s<\/strong><\/h3>\n\n\n\n<ul class=\"has-medium-font-size wp-block-list\">\n<li class=\"has-small-font-size\">Pour les personnels enseignants du 2nd degr\u00e9 dans le public, l&rsquo;offre de formation est propos\u00e9e par l&rsquo;<a rel=\"noreferrer noopener\" href=\"https:\/\/www.ac-bordeaux.fr\/eafc\" target=\"_blank\">\u00c9cole Acad\u00e9mique de la formation continue<\/a>. Voici le lien pour le <a rel=\"noreferrer noopener\" href=\"https:\/\/www.ac-bordeaux.fr\/cycle-de-formation-specifique-aux-personnels-d-enseignement-et-d-education-du-2nd-degre-127351\" target=\"_blank\">Cycle sp\u00e9cifique aux personnels d\u2019enseignement et d\u2019\u00e9ducation du 2nd degr\u00e9<\/a>.<\/li>\n<\/ul>\n\n\n\n<p class=\"has-text-align-left has-small-font-size\"><strong>Vous avez droit \u00e0 24 heures de formations par ann\u00e9e scolaire (dont les formations \u00e9tablissement inclues).  Les conf\u00e9rences scientifiques du mercredi apr\u00e8s-midi ne sont pas d\u00e9compt\u00e9es.<\/strong><\/p>\n\n\n\n<div class=\"wp-block-file aligncenter\"><a id=\"wp-block-file--media-ce6c6631-4b33-41e3-9141-601accb0a38b\" href=\"https:\/\/ent2d.ac-bordeaux.fr\/disciplines\/svt\/wp-content\/uploads\/sites\/4\/2022\/10\/t-l-charger-le-flyer-de-l-eafc-43417.pdf\" target=\"_blank\" rel=\"noreferrer noopener\">flyer montrant les <strong>modalit\u00e9s d&rsquo;acc\u00e8s aux formations<\/strong><\/a><a href=\"https:\/\/ent2d.ac-bordeaux.fr\/disciplines\/svt\/wp-content\/uploads\/sites\/4\/2022\/10\/t-l-charger-le-flyer-de-l-eafc-43417.pdf\" class=\"wp-block-file__button wp-element-button\" download aria-describedby=\"wp-block-file--media-ce6c6631-4b33-41e3-9141-601accb0a38b\">T\u00e9l\u00e9charger<\/a><\/div>\n\n\n\n<div style=\"height:1px\" aria-hidden=\"true\" class=\"wp-block-spacer\"><\/div>\n\n\n\n<ul class=\"has-regular-font-size wp-block-list\">\n<li class=\"has-small-font-size\">La Maison pour la science en Aquitaine : <a href=\"https:\/\/www.ac-bordeaux.fr\/culture-scientifique-personnels-du-2nd-degre-127372\" target=\"_blank\" rel=\"noreferrer noopener\">https:\/\/www.ac-bordeaux.fr\/culture-scientifique-personnels-du-2nd-degre-127372<\/a><\/li>\n<\/ul>\n\n\n\n<div style=\"height:37px\" aria-hidden=\"true\" class=\"wp-block-spacer\"><\/div>\n\n\n\n<ul class=\"has-medium-font-size wp-block-list\">\n<li class=\"has-small-font-size\">Pour les enseignants des \u00e9tablissements priv\u00e9s, consultez l&rsquo;offre de formation propos\u00e9e par <em>formiris<\/em>.<\/li>\n<\/ul>\n\n\n\n<p><\/p>\n","protected":false},"excerpt":{"rendered":"<p>Formation initiale des professeurs stagiaires Formation continue des professeurs certifi\u00e9s Vous avez droit \u00e0 24 heures de formations par ann\u00e9e scolaire (dont les formations \u00e9tablissement inclues). Les conf\u00e9rences scientifiques du mercredi apr\u00e8s-midi ne sont pas d\u00e9compt\u00e9es.<\/p>\n","protected":false},"author":1615,"featured_media":3972,"parent":4062,"menu_order":2,"comment_status":"closed","ping_status":"closed","template":"template-onecolumn.php","meta":{"footnotes":""},"class_list":["post-50","page","type-page","status-publish","has-post-thumbnail","hentry","nodate","item-wrap"],"_links":{"self":[{"href":"https:\/\/ent2d.ac-bordeaux.fr\/disciplines\/svt\/wp-json\/wp\/v2\/pages\/50","targetHints":{"allow":["GET"]}}],"collection":[{"href":"https:\/\/ent2d.ac-bordeaux.fr\/disciplines\/svt\/wp-json\/wp\/v2\/pages"}],"about":[{"href":"https:\/\/ent2d.ac-bordeaux.fr\/disciplines\/svt\/wp-json\/wp\/v2\/types\/page"}],"author":[{"embeddable":true,"href":"https:\/\/ent2d.ac-bordeaux.fr\/disciplines\/svt\/wp-json\/wp\/v2\/users\/1615"}],"replies":[{"embeddable":true,"href":"https:\/\/ent2d.ac-bordeaux.fr\/disciplines\/svt\/wp-json\/wp\/v2\/comments?post=50"}],"version-history":[{"count":46,"href":"https:\/\/ent2d.ac-bordeaux.fr\/disciplines\/svt\/wp-json\/wp\/v2\/pages\/50\/revisions"}],"predecessor-version":[{"id":5179,"href":"https:\/\/ent2d.ac-bordeaux.fr\/disciplines\/svt\/wp-json\/wp\/v2\/pages\/50\/revisions\/5179"}],"up":[{"embeddable":true,"href":"https:\/\/ent2d.ac-bordeaux.fr\/disciplines\/svt\/wp-json\/wp\/v2\/pages\/4062"}],"wp:featuredmedia":[{"embeddable":true,"href":"https:\/\/ent2d.ac-bordeaux.fr\/disciplines\/svt\/wp-json\/wp\/v2\/media\/3972"}],"wp:attachment":[{"href":"https:\/\/ent2d.ac-bordeaux.fr\/disciplines\/svt\/wp-json\/wp\/v2\/media?parent=50"}],"curies":[{"name":"wp","href":"https:\/\/api.w.org\/{rel}","templated":true}]}}