{"id":465,"date":"2016-02-17T17:25:26","date_gmt":"2016-02-17T16:25:26","guid":{"rendered":"http:\/\/ent2d.ac-bordeaux.fr\/disciplines\/svt\/?page_id=465"},"modified":"2016-11-30T19:56:55","modified_gmt":"2016-11-30T18:56:55","slug":"la-membrane-cytoplasmique-une-interface-3","status":"publish","type":"page","link":"https:\/\/ent2d.ac-bordeaux.fr\/disciplines\/svt\/la-membrane-cytoplasmique-une-interface-3\/","title":{"rendered":"La membrane cytoplasmique, une interface (3)"},"content":{"rendered":"<table class=\"contenu\" border=\"\" width=\"80%\">\n<tbody>\n<tr>\n<td>bjectif<\/td>\n<td>Montrer que la membrane n&rsquo;est pas une simple limite mais une barri\u00e8re qui contr\u00f4le les \u00e9changes avec le milieu ext\u00e9rieur<\/td>\n<\/tr>\n<tr>\n<td width=\"30%\">Mode de raisonnement<\/td>\n<td>raisonnement <a href=\"http:\/\/ent2d.ac-bordeaux.fr\/disciplines\/svt\/enseigner\/ressources-par-niveau\/reforme-college\/demarches-en-svt-gttp\/modes-de-raisonnement\/\/#ancre3\">d\u00e9ductif<\/a><\/td>\n<\/tr>\n<tr>\n<td>Activit\u00e9s<\/td>\n<td><a href=\"http:\/\/ent2d.ac-bordeaux.fr\/disciplines\/svt\/enseigner\/ressources-par-niveau\/reforme-college\/demarches-en-svt-gttp\/boite-a-outils-mise-en-evidence-de-mouvements-deau-a-travers-la-membrane\/\">Mettre en \u00e9vidence<\/a> les mouvements de substance<br \/>\nR\u00e9aliser un dessin de la cellule \u00e0 l&rsquo;aide de <a href=\"http:\/\/ent2d.ac-bordeaux.fr\/disciplines\/svt\/enseigner\/ressources-par-niveau\/reforme-college\/demarches-en-svt-gttp\/boite-a-outils-mis-en-evidence-de-mouvements-deau-a-travers-la-membrane-avec-mesurimpro\/\">Mesurim pro<\/a><br \/>\nR\u00e9aliser un texte <a href=\"http:\/\/ent2d.ac-bordeaux.fr\/disciplines\/svt\/enseigner\/ressources-par-niveau\/reforme-college\/demarches-en-svt-gttp\/texte-argumentatif-2\/\">argumentatif<\/a><\/td>\n<\/tr>\n<tr>\n<td>Mode de regroupement des \u00e9l\u00e8ves<\/td>\n<td>\u00a0<a href=\"http:\/\/ent2d.ac-bordeaux.fr\/disciplines\/svt\/groupement-des-eleves\/#ancre1\">bin\u00f4me<\/a><\/td>\n<\/tr>\n<tr>\n<td>Productions attendues<\/td>\n<td>Une r\u00e9alisation exacte du dessin de cellule \u00e0 l&rsquo;\u00e9cran<br \/>\nUn texte argumentatif<\/td>\n<\/tr>\n<\/tbody>\n<\/table>\n<table class=\"contenu\" border=\"\" width=\"80%\" bgcolor=\"#33CCFF\">\n<tbody>\n<tr>\n<td><a href=\"http:\/\/ent2d.ac-bordeaux.fr\/disciplines\/svt\/la-membrane-cytoplasmique-une-interface-1\/\">\u00a0membrane 1<\/a><\/td>\n<td><a href=\"http:\/\/ent2d.ac-bordeaux.fr\/disciplines\/svt\/la-membrane-cytoplasmique-une-interface-2\/\">\u00a0membrane 2<\/a><\/td>\n<\/tr>\n<\/tbody>\n<\/table>\n<p>&nbsp;<\/p>\n","protected":false},"excerpt":{"rendered":"<p>bjectif Montrer que la membrane n&rsquo;est pas une simple limite mais une barri\u00e8re qui contr\u00f4le les \u00e9changes avec le milieu ext\u00e9rieur Mode de raisonnement raisonnement d\u00e9ductif Activit\u00e9s Mettre en \u00e9vidence les mouvements de substance R\u00e9aliser un dessin de la cellule \u00e0 l&rsquo;aide de Mesurim pro R\u00e9aliser un texte argumentatif Mode de regroupement des \u00e9l\u00e8ves \u00a0bin\u00f4me &hellip; <\/p>\n<p><a class=\"more-link btn\" href=\"https:\/\/ent2d.ac-bordeaux.fr\/disciplines\/svt\/la-membrane-cytoplasmique-une-interface-3\/\">Lire la suite<\/a><\/p>\n","protected":false},"author":8,"featured_media":0,"parent":0,"menu_order":0,"comment_status":"closed","ping_status":"closed","template":"template-twocolumnsright.php","meta":{"footnotes":""},"class_list":["post-465","page","type-page","status-publish","hentry","nodate","item-wrap"],"_links":{"self":[{"href":"https:\/\/ent2d.ac-bordeaux.fr\/disciplines\/svt\/wp-json\/wp\/v2\/pages\/465","targetHints":{"allow":["GET"]}}],"collection":[{"href":"https:\/\/ent2d.ac-bordeaux.fr\/disciplines\/svt\/wp-json\/wp\/v2\/pages"}],"about":[{"href":"https:\/\/ent2d.ac-bordeaux.fr\/disciplines\/svt\/wp-json\/wp\/v2\/types\/page"}],"author":[{"embeddable":true,"href":"https:\/\/ent2d.ac-bordeaux.fr\/disciplines\/svt\/wp-json\/wp\/v2\/users\/8"}],"replies":[{"embeddable":true,"href":"https:\/\/ent2d.ac-bordeaux.fr\/disciplines\/svt\/wp-json\/wp\/v2\/comments?post=465"}],"version-history":[{"count":6,"href":"https:\/\/ent2d.ac-bordeaux.fr\/disciplines\/svt\/wp-json\/wp\/v2\/pages\/465\/revisions"}],"predecessor-version":[{"id":799,"href":"https:\/\/ent2d.ac-bordeaux.fr\/disciplines\/svt\/wp-json\/wp\/v2\/pages\/465\/revisions\/799"}],"wp:attachment":[{"href":"https:\/\/ent2d.ac-bordeaux.fr\/disciplines\/svt\/wp-json\/wp\/v2\/media?parent=465"}],"curies":[{"name":"wp","href":"https:\/\/api.w.org\/{rel}","templated":true}]}}