{"id":459,"date":"2016-02-17T17:24:00","date_gmt":"2016-02-17T16:24:00","guid":{"rendered":"http:\/\/ent2d.ac-bordeaux.fr\/disciplines\/svt\/?page_id=459"},"modified":"2016-11-30T19:56:55","modified_gmt":"2016-11-30T18:56:55","slug":"la-membrane-cytoplasmique-une-interface-1","status":"publish","type":"page","link":"https:\/\/ent2d.ac-bordeaux.fr\/disciplines\/svt\/la-membrane-cytoplasmique-une-interface-1\/","title":{"rendered":"La membrane cytoplasmique, une interface (1)"},"content":{"rendered":"<table class=\"contenu\" style=\"height: 240px\" border=\"\" width=\"734\">\n<tbody>\n<tr>\n<td>Objectif<\/td>\n<td>Montrer que la membrane n&rsquo;est pas une simple limite mais une barri\u00e8re qui contr\u00f4le les \u00e9changes avec le milieu ext\u00e9rieur<\/td>\n<\/tr>\n<tr>\n<td width=\"30%\">Mode de raisonnement<\/td>\n<td>raisonnement <a href=\"http:\/\/ent2d.ac-bordeaux.fr\/disciplines\/svt\/enseigner\/ressources-par-niveau\/reforme-college\/demarches-en-svt-gttp\/modes-de-raisonnement\/\/#ancre3\">d\u00e9ductif<\/a><\/td>\n<\/tr>\n<tr>\n<td>Activit\u00e9s<\/td>\n<td><a href=\"http:\/\/ent2d.ac-bordeaux.fr\/disciplines\/svt\/enseigner\/ressources-par-niveau\/reforme-college\/demarches-en-svt-gttp\/boite-a-outils-mise-en-evidence-de-mouvements-deau-a-travers-la-membrane\/\">Mettre en \u00e9vidence<\/a> les mouvements de substance (rouge neutre par exemple)<br \/>\n<a href=\"http:\/\/ent2d.ac-bordeaux.fr\/disciplines\/svt\/enseigner\/ressources-par-niveau\/reforme-college\/demarches-en-svt-gttp\/criteres-de-reussite-du-dessin-dobservation\/\">Dessiner<\/a> les cellules<br \/>\nR\u00e9aliser un texte <a href=\"http:\/\/ent2d.ac-bordeaux.fr\/disciplines\/svt\/enseigner\/ressources-par-niveau\/reforme-college\/demarches-en-svt-gttp\/texte-argumentatif-2\/\">argumentatif<\/a><\/td>\n<\/tr>\n<tr>\n<td>Mode de regroupement des \u00e9l\u00e8ves<\/td>\n<td>\u00a0<a href=\"http:\/\/ent2d.ac-bordeaux.fr\/disciplines\/svt\/groupement-des-eleves\/#ancre1\">Bin\u00f4mes<\/a><\/td>\n<\/tr>\n<tr>\n<td>Productions attendues<\/td>\n<td>Un dessin d&rsquo;une cellule plasmolys\u00e9e<br \/>\nUn dessin d&rsquo;une cellule d\u00e9plasmolys\u00e9e<br \/>\nUn texte <a href=\"http:\/\/ent2d.ac-bordeaux.fr\/disciplines\/svt\/enseigner\/ressources-par-niveau\/reforme-college\/demarches-en-svt-gttp\/texte-argumentatif-2\/\">argumentatif<\/a><\/td>\n<\/tr>\n<\/tbody>\n<\/table>\n<table class=\"contenu\" style=\"height: 20px\" border=\"\" width=\"735\" bgcolor=\"#33CCFF\">\n<tbody>\n<tr>\n<td><a href=\"http:\/\/ent2d.ac-bordeaux.fr\/disciplines\/svt\/la-membrane-cytoplasmique-une-interface-2\/\">\u00a0membrane 2<\/a><\/td>\n<td>\u00a0<a href=\"http:\/\/ent2d.ac-bordeaux.fr\/disciplines\/svt\/la-membrane-cytoplasmique-une-interface-3\/\">membrane 3<\/a><\/td>\n<\/tr>\n<\/tbody>\n<\/table>\n","protected":false},"excerpt":{"rendered":"<p>Objectif Montrer que la membrane n&rsquo;est pas une simple limite mais une barri\u00e8re qui contr\u00f4le les \u00e9changes avec le milieu ext\u00e9rieur Mode de raisonnement raisonnement d\u00e9ductif Activit\u00e9s Mettre en \u00e9vidence les mouvements de substance (rouge neutre par exemple) Dessiner les cellules R\u00e9aliser un texte argumentatif Mode de regroupement des \u00e9l\u00e8ves \u00a0Bin\u00f4mes Productions attendues Un dessin &hellip; <\/p>\n<p><a class=\"more-link btn\" href=\"https:\/\/ent2d.ac-bordeaux.fr\/disciplines\/svt\/la-membrane-cytoplasmique-une-interface-1\/\">Lire la suite<\/a><\/p>\n","protected":false},"author":8,"featured_media":0,"parent":0,"menu_order":0,"comment_status":"closed","ping_status":"closed","template":"template-twocolumnsright.php","meta":{"footnotes":""},"class_list":["post-459","page","type-page","status-publish","hentry","nodate","item-wrap"],"_links":{"self":[{"href":"https:\/\/ent2d.ac-bordeaux.fr\/disciplines\/svt\/wp-json\/wp\/v2\/pages\/459","targetHints":{"allow":["GET"]}}],"collection":[{"href":"https:\/\/ent2d.ac-bordeaux.fr\/disciplines\/svt\/wp-json\/wp\/v2\/pages"}],"about":[{"href":"https:\/\/ent2d.ac-bordeaux.fr\/disciplines\/svt\/wp-json\/wp\/v2\/types\/page"}],"author":[{"embeddable":true,"href":"https:\/\/ent2d.ac-bordeaux.fr\/disciplines\/svt\/wp-json\/wp\/v2\/users\/8"}],"replies":[{"embeddable":true,"href":"https:\/\/ent2d.ac-bordeaux.fr\/disciplines\/svt\/wp-json\/wp\/v2\/comments?post=459"}],"version-history":[{"count":7,"href":"https:\/\/ent2d.ac-bordeaux.fr\/disciplines\/svt\/wp-json\/wp\/v2\/pages\/459\/revisions"}],"predecessor-version":[{"id":796,"href":"https:\/\/ent2d.ac-bordeaux.fr\/disciplines\/svt\/wp-json\/wp\/v2\/pages\/459\/revisions\/796"}],"wp:attachment":[{"href":"https:\/\/ent2d.ac-bordeaux.fr\/disciplines\/svt\/wp-json\/wp\/v2\/media?parent=459"}],"curies":[{"name":"wp","href":"https:\/\/api.w.org\/{rel}","templated":true}]}}