{"id":4465,"date":"2023-03-02T11:02:59","date_gmt":"2023-03-02T10:02:59","guid":{"rendered":"https:\/\/ent2d.ac-bordeaux.fr\/disciplines\/svt\/?page_id=4465"},"modified":"2023-03-02T11:10:23","modified_gmt":"2023-03-02T10:10:23","slug":"developper-lautonomie-des-eleves-par-lusage-de-supports-multimedias","status":"publish","type":"page","link":"https:\/\/ent2d.ac-bordeaux.fr\/disciplines\/svt\/ressources\/numeriques\/coin-tice\/developper-lautonomie-des-eleves-par-lusage-de-supports-multimedias\/","title":{"rendered":"D\u00e9velopper l&rsquo;autonomie des \u00e9l\u00e8ves par l&rsquo;usage de supports multim\u00e9dias."},"content":{"rendered":"\n<p>Ce Genially a \u00e9t\u00e9 d\u00e9velopp\u00e9 pour la ZAP SVT \u00ab\u00a0<em>Utiliser des supports multim\u00e9dias pour d\u00e9velopper l&rsquo;autonomie des \u00e9l\u00e8ves<\/em>\u00ab\u00a0. Il regroupe un ensemble de logiciels, d\u2019applications et de tutoriels permettant, \u00e0 l\u2019aide de supports multim\u00e9dias, de d\u00e9velopper l\u2019autonomie des \u00e9l\u00e8ves.<\/p>\n\n\n\n<p>Les logiciels \/ applications pr\u00e9sent\u00e9s sont le plus souvent <a href=\"https:\/\/tutos.pix.fr\/edu\/le-rgpd-en-milieu-scolaire\/\" target=\"_blank\" rel=\"noreferrer noopener\">RGPD<\/a> <\/p>\n\n\n\n<p><span style=\"text-decoration: underline\">3 autonomies sont d\u00e9velopp\u00e9es :<\/span><\/p>\n\n\n\n<ul class=\"wp-block-list\"><li>L&rsquo;autonomie TECHNIQUE<\/li><li>L&rsquo;autonomie ORGANISATIONNELLE<\/li><li>L&rsquo;autonomie CONCEPTUELLE<\/li><\/ul>\n\n\n\n<p>Vous y trouverez aussi une bo\u00eete \u00e0 outils du professeur.<\/p>\n\n\n\n<div class=\"wp-block-image\"><figure class=\"aligncenter size-full is-resized\"><a href=\"https:\/\/view.genial.ly\/61a27602bc61af0dff73dc6c\/presentation-utiliser-des-supports-multimedias-pour-developper-lautonomie-eleves\" target=\"_blank\" rel=\"noopener\"><img loading=\"lazy\" decoding=\"async\" src=\"https:\/\/ent2d.ac-bordeaux.fr\/disciplines\/svt\/wp-content\/uploads\/sites\/4\/2023\/02\/Genially-Autonomie-des-eleves.png\" alt=\"\" class=\"wp-image-4419\" width=\"491\" height=\"278\" srcset=\"https:\/\/ent2d.ac-bordeaux.fr\/disciplines\/svt\/wp-content\/uploads\/sites\/4\/2023\/02\/Genially-Autonomie-des-eleves.png 803w, https:\/\/ent2d.ac-bordeaux.fr\/disciplines\/svt\/wp-content\/uploads\/sites\/4\/2023\/02\/Genially-Autonomie-des-eleves-300x170.png 300w, https:\/\/ent2d.ac-bordeaux.fr\/disciplines\/svt\/wp-content\/uploads\/sites\/4\/2023\/02\/Genially-Autonomie-des-eleves-768x434.png 768w\" sizes=\"auto, (max-width: 491px) 100vw, 491px\" \/><\/a><\/figure><\/div>\n","protected":false},"excerpt":{"rendered":"<p>Ce Genially a \u00e9t\u00e9 d\u00e9velopp\u00e9 pour la ZAP SVT \u00ab\u00a0Utiliser des supports multim\u00e9dias pour d\u00e9velopper l&rsquo;autonomie des \u00e9l\u00e8ves\u00ab\u00a0. Il regroupe un ensemble de logiciels, d\u2019applications et de tutoriels permettant, \u00e0 l\u2019aide de supports multim\u00e9dias, de d\u00e9velopper l\u2019autonomie des \u00e9l\u00e8ves. Les logiciels \/ applications pr\u00e9sent\u00e9s sont le plus souvent RGPD 3 autonomies sont d\u00e9velopp\u00e9es : L&rsquo;autonomie &hellip; <\/p>\n<p><a class=\"more-link btn\" href=\"https:\/\/ent2d.ac-bordeaux.fr\/disciplines\/svt\/ressources\/numeriques\/coin-tice\/developper-lautonomie-des-eleves-par-lusage-de-supports-multimedias\/\">Lire la suite<\/a><\/p>\n","protected":false},"author":1615,"featured_media":4419,"parent":28,"menu_order":0,"comment_status":"closed","ping_status":"closed","template":"","meta":{"footnotes":""},"class_list":["post-4465","page","type-page","status-publish","has-post-thumbnail","hentry","nodate","item-wrap"],"_links":{"self":[{"href":"https:\/\/ent2d.ac-bordeaux.fr\/disciplines\/svt\/wp-json\/wp\/v2\/pages\/4465","targetHints":{"allow":["GET"]}}],"collection":[{"href":"https:\/\/ent2d.ac-bordeaux.fr\/disciplines\/svt\/wp-json\/wp\/v2\/pages"}],"about":[{"href":"https:\/\/ent2d.ac-bordeaux.fr\/disciplines\/svt\/wp-json\/wp\/v2\/types\/page"}],"author":[{"embeddable":true,"href":"https:\/\/ent2d.ac-bordeaux.fr\/disciplines\/svt\/wp-json\/wp\/v2\/users\/1615"}],"replies":[{"embeddable":true,"href":"https:\/\/ent2d.ac-bordeaux.fr\/disciplines\/svt\/wp-json\/wp\/v2\/comments?post=4465"}],"version-history":[{"count":2,"href":"https:\/\/ent2d.ac-bordeaux.fr\/disciplines\/svt\/wp-json\/wp\/v2\/pages\/4465\/revisions"}],"predecessor-version":[{"id":4468,"href":"https:\/\/ent2d.ac-bordeaux.fr\/disciplines\/svt\/wp-json\/wp\/v2\/pages\/4465\/revisions\/4468"}],"up":[{"embeddable":true,"href":"https:\/\/ent2d.ac-bordeaux.fr\/disciplines\/svt\/wp-json\/wp\/v2\/pages\/28"}],"wp:featuredmedia":[{"embeddable":true,"href":"https:\/\/ent2d.ac-bordeaux.fr\/disciplines\/svt\/wp-json\/wp\/v2\/media\/4419"}],"wp:attachment":[{"href":"https:\/\/ent2d.ac-bordeaux.fr\/disciplines\/svt\/wp-json\/wp\/v2\/media?parent=4465"}],"curies":[{"name":"wp","href":"https:\/\/api.w.org\/{rel}","templated":true}]}}