{"id":4434,"date":"2023-03-02T08:41:53","date_gmt":"2023-03-02T07:41:53","guid":{"rendered":"https:\/\/ent2d.ac-bordeaux.fr\/disciplines\/svt\/?page_id=4434"},"modified":"2023-03-02T20:57:31","modified_gmt":"2023-03-02T19:57:31","slug":"banque-ece","status":"publish","type":"page","link":"https:\/\/ent2d.ac-bordeaux.fr\/disciplines\/svt\/ressources\/banque-de-sujet\/banque-ece\/","title":{"rendered":"Banque ECE"},"content":{"rendered":"\n<p>Pour la session 2023 du baccalaur\u00e9at g\u00e9n\u00e9ral, l&rsquo;\u00e9valuation des comp\u00e9tences exp\u00e9rimentales&nbsp;des enseignements de sp\u00e9cialit\u00e9 de&nbsp;physique-chimie et de sciences de la vie et de la Terre (SVT) porte&nbsp;sur&nbsp;une situation d\u2019\u00e9valuation&nbsp;dans chaque discipline.<\/p>\n\n\n\n<p>Ces\u00a0situations d\u2019\u00e9valuation\u00a0sont\u00a0s\u00e9lectionn\u00e9es\u00a0parmi la liste ci-dessous : <a rel=\"noreferrer noopener\" href=\"https:\/\/eduscol.education.fr\/2561\/banques-des-ece\" target=\"_blank\">\u00c9duscol<\/a><\/p>\n\n\n\n<div class=\"wp-block-image\"><figure class=\"aligncenter size-full is-resized\"><a href=\"https:\/\/eduscol.education.fr\/2561\/banques-des-ece\" target=\"_blank\" rel=\"noopener\"><img loading=\"lazy\" decoding=\"async\" src=\"https:\/\/ent2d.ac-bordeaux.fr\/disciplines\/svt\/wp-content\/uploads\/sites\/4\/2023\/03\/image-6.png\" alt=\"\" class=\"wp-image-4546\" width=\"563\" height=\"165\" srcset=\"https:\/\/ent2d.ac-bordeaux.fr\/disciplines\/svt\/wp-content\/uploads\/sites\/4\/2023\/03\/image-6.png 788w, https:\/\/ent2d.ac-bordeaux.fr\/disciplines\/svt\/wp-content\/uploads\/sites\/4\/2023\/03\/image-6-300x88.png 300w, https:\/\/ent2d.ac-bordeaux.fr\/disciplines\/svt\/wp-content\/uploads\/sites\/4\/2023\/03\/image-6-768x225.png 768w\" sizes=\"auto, (max-width: 563px) 100vw, 563px\" \/><\/a><\/figure><\/div>\n\n\n\n<p class=\"has-medium-font-size\">\ud83d\udcdd <span style=\"text-decoration: underline\">Rappel<\/span> : Ces sujets ne doivent pas \u00eatre utilis\u00e9s en \u00e9valuations pour entrainer les \u00e9l\u00e8ves, mais <strong>uniquement lors des \u00e9valuations officielles<\/strong>.<\/p>\n","protected":false},"excerpt":{"rendered":"<p>Pour la session 2023 du baccalaur\u00e9at g\u00e9n\u00e9ral, l&rsquo;\u00e9valuation des comp\u00e9tences exp\u00e9rimentales&nbsp;des enseignements de sp\u00e9cialit\u00e9 de&nbsp;physique-chimie et de sciences de la vie et de la Terre (SVT) porte&nbsp;sur&nbsp;une situation d\u2019\u00e9valuation&nbsp;dans chaque discipline. Ces\u00a0situations d\u2019\u00e9valuation\u00a0sont\u00a0s\u00e9lectionn\u00e9es\u00a0parmi la liste ci-dessous : \u00c9duscol \ud83d\udcdd Rappel : Ces sujets ne doivent pas \u00eatre utilis\u00e9s en \u00e9valuations pour entrainer les \u00e9l\u00e8ves, mais &hellip; <\/p>\n<p><a class=\"more-link btn\" href=\"https:\/\/ent2d.ac-bordeaux.fr\/disciplines\/svt\/ressources\/banque-de-sujet\/banque-ece\/\">Lire la suite<\/a><\/p>\n","protected":false},"author":1615,"featured_media":0,"parent":4187,"menu_order":3,"comment_status":"closed","ping_status":"closed","template":"","meta":{"footnotes":""},"class_list":["post-4434","page","type-page","status-publish","hentry","nodate","item-wrap"],"_links":{"self":[{"href":"https:\/\/ent2d.ac-bordeaux.fr\/disciplines\/svt\/wp-json\/wp\/v2\/pages\/4434","targetHints":{"allow":["GET"]}}],"collection":[{"href":"https:\/\/ent2d.ac-bordeaux.fr\/disciplines\/svt\/wp-json\/wp\/v2\/pages"}],"about":[{"href":"https:\/\/ent2d.ac-bordeaux.fr\/disciplines\/svt\/wp-json\/wp\/v2\/types\/page"}],"author":[{"embeddable":true,"href":"https:\/\/ent2d.ac-bordeaux.fr\/disciplines\/svt\/wp-json\/wp\/v2\/users\/1615"}],"replies":[{"embeddable":true,"href":"https:\/\/ent2d.ac-bordeaux.fr\/disciplines\/svt\/wp-json\/wp\/v2\/comments?post=4434"}],"version-history":[{"count":5,"href":"https:\/\/ent2d.ac-bordeaux.fr\/disciplines\/svt\/wp-json\/wp\/v2\/pages\/4434\/revisions"}],"predecessor-version":[{"id":4548,"href":"https:\/\/ent2d.ac-bordeaux.fr\/disciplines\/svt\/wp-json\/wp\/v2\/pages\/4434\/revisions\/4548"}],"up":[{"embeddable":true,"href":"https:\/\/ent2d.ac-bordeaux.fr\/disciplines\/svt\/wp-json\/wp\/v2\/pages\/4187"}],"wp:attachment":[{"href":"https:\/\/ent2d.ac-bordeaux.fr\/disciplines\/svt\/wp-json\/wp\/v2\/media?parent=4434"}],"curies":[{"name":"wp","href":"https:\/\/api.w.org\/{rel}","templated":true}]}}