{"id":438,"date":"2016-02-17T17:17:46","date_gmt":"2016-02-17T16:17:46","guid":{"rendered":"http:\/\/ent2d.ac-bordeaux.fr\/disciplines\/svt\/?page_id=438"},"modified":"2016-11-30T19:56:55","modified_gmt":"2016-11-30T18:56:55","slug":"la-cellule-unite-du-vivant-3","status":"publish","type":"page","link":"https:\/\/ent2d.ac-bordeaux.fr\/disciplines\/svt\/la-cellule-unite-du-vivant-3\/","title":{"rendered":"La cellule : unit\u00e9 du vivant (3)"},"content":{"rendered":"<table class=\"contenu\" border=\"\" width=\"80%\">\n<tbody>\n<tr>\n<td>Objectif<\/td>\n<td>Montrer que les cellules v\u00e9g\u00e9tales ont la m\u00eame structure que les cellules animales.<\/td>\n<\/tr>\n<tr>\n<td width=\"30%\">Mode de raisonnement<\/td>\n<td width=\"70%\"><a href=\"http:\/\/ent2d.ac-bordeaux.fr\/disciplines\/svt\/enseigner\/ressources-par-niveau\/reforme-college\/demarches-en-svt-gttp\/modes-de-raisonnement\/\/#ancre3\">D\u00e9ductif<\/a> : un dessin d&rsquo;une cellule au microscope optique est propos\u00e9.<\/td>\n<\/tr>\n<tr>\n<td>Activit\u00e9s<\/td>\n<td>\n<ul>\n<li>Chaque bin\u00f4me fait un <a href=\"http:\/\/ent2d.ac-bordeaux.fr\/disciplines\/svt\/enseigner\/ressources-par-niveau\/reforme-college\/demarches-en-svt-gttp\/boite-a-outils-realisation-de-la-preparation-microscopique\/\">montage<\/a> dans l&rsquo;eau douce puis dans l&rsquo;eau sal\u00e9e et observe les cellules.<\/li>\n<li>Mise en commun de l&rsquo;ensemble des productions<\/li>\n<\/ul>\n<\/td>\n<\/tr>\n<tr>\n<td>Mode de regroupement des \u00e9l\u00e8ves<\/td>\n<td><a href=\"http:\/\/ent2d.ac-bordeaux.fr\/disciplines\/svt\/groupement-des-eleves\/#ancre2\">Groupe de coop\u00e9ration<\/a> : Chaque bin\u00f4me fait un montage et travaille sur des v\u00e9g\u00e9taux diff\u00e9rents (oignon, polypode, \u00e9lod\u00e9e, chlorelles&#8230;)<\/td>\n<\/tr>\n<tr>\n<td>Productions attendues<\/td>\n<td>\n<ul>\n<li><a href=\"http:\/\/ent2d.ac-bordeaux.fr\/disciplines\/svt\/enseigner\/ressources-par-niveau\/reforme-college\/demarches-en-svt-gttp\/criteres-de-reussite-du-dessin-dobservation\/\">Dessin<\/a> d&rsquo;une cellule v\u00e9g\u00e9tale [sur transparent ou sur feuille ou sur ordinateur (utilisation possible d&rsquo;un logiciel de dessin ex : M<i>esurimpro<\/i>)<\/li>\n<li>Texte ou tableau comparatif.<\/li>\n<\/ul>\n<\/td>\n<\/tr>\n<\/tbody>\n<\/table>\n<table class=\"contenu\" border=\"\" width=\"80%\" bgcolor=\"#33CCFF\">\n<tbody>\n<tr>\n<td>\u00a0<a href=\"http:\/\/ent2d.ac-bordeaux.fr\/disciplines\/svt\/la-cellule-unite-du-vivant-1\/\">cellule 1<\/a><\/td>\n<td>\u00a0<a href=\"http:\/\/ent2d.ac-bordeaux.fr\/disciplines\/svt\/enseigner\/ressources-par-niveau\/reforme-college\/demarches-en-svt-gttp\/la-cellule-unite-du-vivant-2\/\">cellule 2<\/a><\/td>\n<td>\u00a0<a href=\"http:\/\/ent2d.ac-bordeaux.fr\/disciplines\/svt\/la-cellule-unite-du-vivant-4\/\">cellule 4<\/a><\/td>\n<td><a href=\"http:\/\/ent2d.ac-bordeaux.fr\/disciplines\/svt\/la-cellule-unite-du-vivant-5\/\">cellule 5<\/a><\/td>\n<\/tr>\n<\/tbody>\n<\/table>\n","protected":false},"excerpt":{"rendered":"<p>Objectif Montrer que les cellules v\u00e9g\u00e9tales ont la m\u00eame structure que les cellules animales. Mode de raisonnement D\u00e9ductif : un dessin d&rsquo;une cellule au microscope optique est propos\u00e9. Activit\u00e9s Chaque bin\u00f4me fait un montage dans l&rsquo;eau douce puis dans l&rsquo;eau sal\u00e9e et observe les cellules. Mise en commun de l&rsquo;ensemble des productions Mode de regroupement &hellip; <\/p>\n<p><a class=\"more-link btn\" href=\"https:\/\/ent2d.ac-bordeaux.fr\/disciplines\/svt\/la-cellule-unite-du-vivant-3\/\">Lire la suite<\/a><\/p>\n","protected":false},"author":8,"featured_media":0,"parent":0,"menu_order":0,"comment_status":"closed","ping_status":"closed","template":"template-twocolumnsright.php","meta":{"footnotes":""},"class_list":["post-438","page","type-page","status-publish","hentry","nodate","item-wrap"],"_links":{"self":[{"href":"https:\/\/ent2d.ac-bordeaux.fr\/disciplines\/svt\/wp-json\/wp\/v2\/pages\/438","targetHints":{"allow":["GET"]}}],"collection":[{"href":"https:\/\/ent2d.ac-bordeaux.fr\/disciplines\/svt\/wp-json\/wp\/v2\/pages"}],"about":[{"href":"https:\/\/ent2d.ac-bordeaux.fr\/disciplines\/svt\/wp-json\/wp\/v2\/types\/page"}],"author":[{"embeddable":true,"href":"https:\/\/ent2d.ac-bordeaux.fr\/disciplines\/svt\/wp-json\/wp\/v2\/users\/8"}],"replies":[{"embeddable":true,"href":"https:\/\/ent2d.ac-bordeaux.fr\/disciplines\/svt\/wp-json\/wp\/v2\/comments?post=438"}],"version-history":[{"count":7,"href":"https:\/\/ent2d.ac-bordeaux.fr\/disciplines\/svt\/wp-json\/wp\/v2\/pages\/438\/revisions"}],"predecessor-version":[{"id":784,"href":"https:\/\/ent2d.ac-bordeaux.fr\/disciplines\/svt\/wp-json\/wp\/v2\/pages\/438\/revisions\/784"}],"wp:attachment":[{"href":"https:\/\/ent2d.ac-bordeaux.fr\/disciplines\/svt\/wp-json\/wp\/v2\/media?parent=438"}],"curies":[{"name":"wp","href":"https:\/\/api.w.org\/{rel}","templated":true}]}}