{"id":435,"date":"2016-02-17T17:16:25","date_gmt":"2016-02-17T16:16:25","guid":{"rendered":"http:\/\/ent2d.ac-bordeaux.fr\/disciplines\/svt\/?page_id=435"},"modified":"2016-11-30T19:56:55","modified_gmt":"2016-11-30T18:56:55","slug":"la-cellule-unite-du-vivant-1","status":"publish","type":"page","link":"https:\/\/ent2d.ac-bordeaux.fr\/disciplines\/svt\/la-cellule-unite-du-vivant-1\/","title":{"rendered":"La cellule : unit\u00e9 du vivant (1)"},"content":{"rendered":"<table class=\"contenu\" border=\"\" width=\"80%\">\n<tbody>\n<tr>\n<td>Objectif<\/td>\n<td>Comparer l&rsquo;organisation de la cellule animale et de la cellule v\u00e9g\u00e9tale<\/td>\n<\/tr>\n<tr>\n<td>Mode de raisonnement<\/td>\n<td><a href=\"http:\/\/ent2d.ac-bordeaux.fr\/disciplines\/svt\/enseigner\/ressources-par-niveau\/reforme-college\/demarches-en-svt-gttp\/modes-de-raisonnement\/\/#ancre2\">Inductif<\/a> : indiquer les ressemblances et les diff\u00e9rences<\/td>\n<\/tr>\n<tr>\n<td>Activit\u00e9<\/td>\n<td>Chaque bin\u00f4me fait le <a href=\"http:\/\/ent2d.ac-bordeaux.fr\/disciplines\/svt\/enseigner\/ressources-par-niveau\/reforme-college\/demarches-en-svt-gttp\/boite-a-outils-realisation-de-la-preparation-microscopique\/\">montage <\/a>de cellules animales et de cellules v\u00e9g\u00e9tales dans l&rsquo;eau douce et dans l&rsquo;eau sal\u00e9e et observe au microscope.<\/td>\n<\/tr>\n<tr>\n<td>Mode de regroupement des \u00e9l\u00e8ves<\/td>\n<td><a href=\"http:\/\/ent2d.ac-bordeaux.fr\/disciplines\/svt\/groupement-des-eleves\/#ancre1\">bin\u00f4mes<\/a> travaillant de fa\u00e7on ind\u00e9pendante et faisant toutes les observations<\/td>\n<\/tr>\n<tr>\n<td>Productions attendues<\/td>\n<td>\n<ul>\n<li><a href=\"http:\/\/ent2d.ac-bordeaux.fr\/disciplines\/svt\/enseigner\/ressources-par-niveau\/reforme-college\/demarches-en-svt-gttp\/criteres-de-reussite-du-dessin-dobservation\/\">Dessin<\/a><\/li>\n<li>Tableau ou texte comparatif individuels ou par bin\u00f4me.<\/li>\n<\/ul>\n<\/td>\n<\/tr>\n<\/tbody>\n<\/table>\n<table class=\"contenu\" border=\"\" width=\"80%\" bgcolor=\"#33CCFF\">\n<tbody>\n<tr>\n<td style=\"text-align: center\">\u00a0<a href=\"http:\/\/ent2d.ac-bordeaux.fr\/disciplines\/svt\/enseigner\/ressources-par-niveau\/reforme-college\/demarches-en-svt-gttp\/la-cellule-unite-du-vivant-2\/\">cellule\u00a02<\/a><\/td>\n<td style=\"text-align: center\">\u00a0<a href=\"http:\/\/ent2d.ac-bordeaux.fr\/disciplines\/svt\/la-cellule-unite-du-vivant-3\/\">cellule 3<\/a><\/td>\n<td style=\"text-align: center\">\u00a0<a href=\"http:\/\/ent2d.ac-bordeaux.fr\/disciplines\/svt\/la-cellule-unite-du-vivant-4\/\">cellule 4<\/a><\/td>\n<td style=\"text-align: center\"><a href=\"http:\/\/ent2d.ac-bordeaux.fr\/disciplines\/svt\/la-cellule-unite-du-vivant-5\/\">cellule 5<\/a><\/td>\n<\/tr>\n<\/tbody>\n<\/table>\n","protected":false},"excerpt":{"rendered":"<p>Objectif Comparer l&rsquo;organisation de la cellule animale et de la cellule v\u00e9g\u00e9tale Mode de raisonnement Inductif : indiquer les ressemblances et les diff\u00e9rences Activit\u00e9 Chaque bin\u00f4me fait le montage de cellules animales et de cellules v\u00e9g\u00e9tales dans l&rsquo;eau douce et dans l&rsquo;eau sal\u00e9e et observe au microscope. Mode de regroupement des \u00e9l\u00e8ves bin\u00f4mes travaillant de &hellip; <\/p>\n<p><a class=\"more-link btn\" href=\"https:\/\/ent2d.ac-bordeaux.fr\/disciplines\/svt\/la-cellule-unite-du-vivant-1\/\">Lire la suite<\/a><\/p>\n","protected":false},"author":8,"featured_media":0,"parent":0,"menu_order":0,"comment_status":"closed","ping_status":"closed","template":"template-twocolumnsright.php","meta":{"footnotes":""},"class_list":["post-435","page","type-page","status-publish","hentry","nodate","item-wrap"],"_links":{"self":[{"href":"https:\/\/ent2d.ac-bordeaux.fr\/disciplines\/svt\/wp-json\/wp\/v2\/pages\/435","targetHints":{"allow":["GET"]}}],"collection":[{"href":"https:\/\/ent2d.ac-bordeaux.fr\/disciplines\/svt\/wp-json\/wp\/v2\/pages"}],"about":[{"href":"https:\/\/ent2d.ac-bordeaux.fr\/disciplines\/svt\/wp-json\/wp\/v2\/types\/page"}],"author":[{"embeddable":true,"href":"https:\/\/ent2d.ac-bordeaux.fr\/disciplines\/svt\/wp-json\/wp\/v2\/users\/8"}],"replies":[{"embeddable":true,"href":"https:\/\/ent2d.ac-bordeaux.fr\/disciplines\/svt\/wp-json\/wp\/v2\/comments?post=435"}],"version-history":[{"count":8,"href":"https:\/\/ent2d.ac-bordeaux.fr\/disciplines\/svt\/wp-json\/wp\/v2\/pages\/435\/revisions"}],"predecessor-version":[{"id":782,"href":"https:\/\/ent2d.ac-bordeaux.fr\/disciplines\/svt\/wp-json\/wp\/v2\/pages\/435\/revisions\/782"}],"wp:attachment":[{"href":"https:\/\/ent2d.ac-bordeaux.fr\/disciplines\/svt\/wp-json\/wp\/v2\/media?parent=435"}],"curies":[{"name":"wp","href":"https:\/\/api.w.org\/{rel}","templated":true}]}}