{"id":4306,"date":"2023-01-12T19:12:09","date_gmt":"2023-01-12T18:12:09","guid":{"rendered":"https:\/\/ent2d.ac-bordeaux.fr\/disciplines\/svt\/?page_id=4306"},"modified":"2023-12-11T10:58:23","modified_gmt":"2023-12-11T09:58:23","slug":"les-evaluations","status":"publish","type":"page","link":"https:\/\/ent2d.ac-bordeaux.fr\/disciplines\/svt\/les-evaluations\/","title":{"rendered":"Les \u00e9valuations"},"content":{"rendered":"\n<h2 class=\"wp-block-heading\"><mark class=\"has-inline-color has-vivid-cyan-blue-color\">Les modalit\u00e9s<\/mark><\/h2>\n\n\n\n<ul class=\"wp-block-list\">\n<li><a rel=\"noreferrer noopener\" href=\"https:\/\/www.education.gouv.fr\/bo\/21\/Hebdo30\/MENE2121270N.htm\" target=\"_blank\">Modalit\u00e9s d&rsquo;\u00e9valuation des candidats (\u00e0 compter de la session 2022)<\/a><\/li>\n\n\n\n<li><a rel=\"noreferrer noopener\" href=\"https:\/\/www.legifrance.gouv.fr\/jorf\/id\/JORFTEXT000043861610\" target=\"_blank\">Adaptations des modalit\u00e9s d&rsquo;organisation du baccalaur\u00e9at g\u00e9n\u00e9ral et technologique<\/a> (arr\u00eat\u00e9 du 21 juillet 2021)<\/li>\n\n\n\n<li><a rel=\"noreferrer noopener\" href=\"https:\/\/www.legifrance.gouv.fr\/jorf\/id\/JORFTEXT000043861382\" target=\"_blank\">Modification des dispositions du code de l&rsquo;\u00e9ducation relatives au baccalaur\u00e9at g\u00e9n\u00e9ral et au baccalaur\u00e9at technologique<\/a> (d\u00e9cret du 21 juillet 2021)<\/li>\n\n\n\n<li><a href=\"https:\/\/eduscol.education.fr\/2688\/nouveau-lycee-general-et-technologique-guide-de-l-evaluation\" target=\"_blank\" rel=\"noreferrer noopener\">Guide d&rsquo;\u00e9valuation<\/a> et <a href=\"https:\/\/ent2d.ac-bordeaux.fr\/disciplines\/svt\/2021\/10\/04\/projet-local-devaluation\/\" target=\"_blank\" rel=\"noreferrer noopener\">accompagnement \u00e0 la construction du projet local d&rsquo;\u00e9valuation<\/a><\/li>\n<\/ul>\n\n\n\n<h2 class=\"wp-block-heading\"><mark class=\"has-inline-color has-vivid-cyan-blue-color\">\u00c9preuves de sp\u00e9cialit\u00e9s<\/mark><\/h2>\n\n\n\n<h3 class=\"wp-block-heading\">\u00c9preuves \u00e9crites<\/h3>\n\n\n\n<ul class=\"wp-block-list\">\n<li><a href=\"https:\/\/www.education.gouv.fr\/bo\/20\/Special2\/MENE2001799N.htm\" target=\"_blank\" rel=\"noreferrer noopener\">D\u00e9finition de l&rsquo;\u00e9preuve<\/a><\/li>\n\n\n\n<li>Am\u00e9nagements des programmes pour les \u00e9preuves \u00e9crites :\n<ul class=\"wp-block-list\">\n<li><a rel=\"noreferrer noopener\" href=\"https:\/\/www.education.gouv.fr\/bo\/20\/Special2\/MENE2001799N.htm\" target=\"_blank\">\u00e0 compter de la session 2021&nbsp;<\/a><\/li>\n\n\n\n<li><a rel=\"noreferrer noopener\" href=\"https:\/\/www.education.gouv.fr\/bo\/21\/Hebdo30\/MENE2121276N.htm\" target=\"_blank\">\u00e0 compter de la session<\/a><a href=\"https:\/\/www.education.gouv.fr\/bo\/22\/Hebdo36\/MENE2227884N.htm\" target=\"_blank\" rel=\"noreferrer noopener\"> 2022<\/a> (compl\u00e9ment)<\/li>\n<\/ul>\n<\/li>\n\n\n\n<li><a href=\"https:\/\/www.education.gouv.fr\/bo\/22\/Hebdo36\/MENE2227884N.htm\" target=\"_blank\" rel=\"noreferrer noopener\">Programmes d&rsquo;examen des \u00e9preuves terminales \u00e0 compter de la session 2023<\/a><\/li>\n<\/ul>\n\n\n\n<h3 class=\"wp-block-heading\">\u00c9valuation des comp\u00e9tences exp\u00e9rimentales (ECE)<\/h3>\n\n\n\n<ul class=\"wp-block-list\">\n<li><a rel=\"noreferrer noopener\" href=\"https:\/\/www.education.gouv.fr\/bo\/20\/Special2\/MENE2001799N.htm\" target=\"_blank\">D\u00e9finition de l&rsquo;\u00e9preuve<\/a><\/li>\n\n\n\n<li><a href=\"https:\/\/eduscol.education.fr\/2561\/banques-des-ece\" target=\"_blank\" rel=\"noreferrer noopener\">Vademecum<\/a><\/li>\n\n\n\n<li><a rel=\"noreferrer noopener\" href=\"https:\/\/eduscol.education.fr\/2561\/banques-des-ece\" target=\"_blank\">Banque de sujets des ECE<\/a><\/li>\n<\/ul>\n\n\n\n<h3 class=\"wp-block-heading\">Grand oral<\/h3>\n\n\n\n<ul class=\"wp-block-list\">\n<li><a rel=\"noreferrer noopener\" href=\"https:\/\/www.education.gouv.fr\/bo\/21\/Hebdo31\/MENE2121378N.htm\" target=\"_blank\">D\u00e9finition de l&rsquo;\u00e9preuve<\/a><\/li>\n\n\n\n<li><a rel=\"noreferrer noopener\" href=\"https:\/\/eduscol.education.fr\/729\/presentation-du-grand-oral\" target=\"_blank\">Am\u00e9nagements \u00e0 compter de la session 2023<\/a><\/li>\n<\/ul>\n\n\n\n<ul class=\"wp-block-list\">\n<li><a href=\"https:\/\/www.education.gouv.fr\/bo\/2023\/Hebdo36\/MENE2323117N\" target=\"_blank\" rel=\"noreferrer noopener\">\u00c9preuve orale dite Grand oral de la classe de terminale des voies g\u00e9n\u00e9rale et technologique : modification<\/a><\/li>\n<\/ul>\n\n\n\n<h3 class=\"wp-block-heading\">Candidats libres et\/ou sans note de contr\u00f4le continu<\/h3>\n\n\n\n<ul class=\"wp-block-list\"><li><a rel=\"noreferrer noopener\" href=\"https:\/\/www.education.gouv.fr\/bo\/21\/Hebdo31\/MENE2121385N.htm\" target=\"_blank\">\u00c9valuations ponctuelles pour l&rsquo;enseignement scientifique<\/a> \u00e0 compter de la session 2022<\/li><li><em><a rel=\"noreferrer noopener\" href=\"https:\/\/www.education.gouv.fr\/bo\/21\/Hebdo31\/MENE2121284N.htm\" target=\"_blank\"><em><a rel=\"noreferrer noopener\" href=\"https:\/\/www.education.gouv.fr\/bo\/21\/Hebdo31\/MENE2121284N.htm\" target=\"_blank\">\u00c9valuations ponctuelles dans l&rsquo;enseignement de sp\u00e9cialit\u00e9 suivi uniquement pendant la classe de premi\u00e8re de la voie g\u00e9n\u00e9rale<\/a> \u00e0 compter de la session 2023<\/em><\/a><\/em><\/li><\/ul>\n\n\n\n<h2 class=\"wp-block-heading\"><mark class=\"has-inline-color has-vivid-cyan-blue-color\">\u00c9preuves orales de second groupe<\/mark><\/h2>\n\n\n\n<ul class=\"wp-block-list\">\n<li><a rel=\"noreferrer noopener\" href=\"https:\/\/www.education.gouv.fr\/bo\/20\/Special2\/MENE2001799N.htm\" target=\"_blank\">D\u00e9finition de l&rsquo;\u00e9preuve<\/a><\/li>\n\n\n\n<li><a rel=\"noreferrer noopener\" href=\"https:\/\/www.education.gouv.fr\/bo\/22\/Hebdo36\/MENE2226770N.htm\" target=\"_blank\">Modification des modalit\u00e9s de passation des \u00e9preuves<\/a><\/li>\n\n\n\n<li><a href=\"https:\/\/ent2d.ac-bordeaux.fr\/disciplines\/svt\/ressources\/banque-de-sujet\/la-banque-academique-dexercices\/\">Banque d&rsquo;exercices pour l&rsquo;oral<\/a><\/li>\n<\/ul>\n\n\n\n<h2 class=\"wp-block-heading\"><mark class=\"has-inline-color has-vivid-cyan-blue-color\">Livret scolaire au baccalaur\u00e9at<\/mark><\/h2>\n\n\n\n<p><a href=\"https:\/\/eduscol.education.fr\/732\/livret-scolaire-du-lycee-pour-la-voie-generale-et-pour-les-series-technologiques\" target=\"_blank\" rel=\"noreferrer noopener\">Livret scolaire<\/a> (textes r\u00e9glementaires)<\/p>\n\n\n\n<h2 class=\"wp-block-heading\"><mark class=\"has-inline-color has-vivid-cyan-blue-color\">DNL<\/mark><\/h2>\n\n\n\n<p><\/p>\n","protected":false},"excerpt":{"rendered":"<p>Les modalit\u00e9s \u00c9preuves de sp\u00e9cialit\u00e9s \u00c9preuves \u00e9crites \u00c9valuation des comp\u00e9tences exp\u00e9rimentales (ECE) Grand oral Candidats libres et\/ou sans note de contr\u00f4le continu \u00c9valuations ponctuelles pour l&rsquo;enseignement scientifique \u00e0 compter de la session 2022 \u00c9valuations ponctuelles dans l&rsquo;enseignement de sp\u00e9cialit\u00e9 suivi uniquement pendant la classe de premi\u00e8re de la voie g\u00e9n\u00e9rale \u00e0 compter de la session &hellip; <\/p>\n<p><a class=\"more-link btn\" href=\"https:\/\/ent2d.ac-bordeaux.fr\/disciplines\/svt\/les-evaluations\/\">Lire la suite<\/a><\/p>\n","protected":false},"author":1614,"featured_media":0,"parent":0,"menu_order":0,"comment_status":"closed","ping_status":"closed","template":"","meta":{"footnotes":""},"class_list":["post-4306","page","type-page","status-publish","hentry","nodate","item-wrap"],"_links":{"self":[{"href":"https:\/\/ent2d.ac-bordeaux.fr\/disciplines\/svt\/wp-json\/wp\/v2\/pages\/4306","targetHints":{"allow":["GET"]}}],"collection":[{"href":"https:\/\/ent2d.ac-bordeaux.fr\/disciplines\/svt\/wp-json\/wp\/v2\/pages"}],"about":[{"href":"https:\/\/ent2d.ac-bordeaux.fr\/disciplines\/svt\/wp-json\/wp\/v2\/types\/page"}],"author":[{"embeddable":true,"href":"https:\/\/ent2d.ac-bordeaux.fr\/disciplines\/svt\/wp-json\/wp\/v2\/users\/1614"}],"replies":[{"embeddable":true,"href":"https:\/\/ent2d.ac-bordeaux.fr\/disciplines\/svt\/wp-json\/wp\/v2\/comments?post=4306"}],"version-history":[{"count":10,"href":"https:\/\/ent2d.ac-bordeaux.fr\/disciplines\/svt\/wp-json\/wp\/v2\/pages\/4306\/revisions"}],"predecessor-version":[{"id":5269,"href":"https:\/\/ent2d.ac-bordeaux.fr\/disciplines\/svt\/wp-json\/wp\/v2\/pages\/4306\/revisions\/5269"}],"wp:attachment":[{"href":"https:\/\/ent2d.ac-bordeaux.fr\/disciplines\/svt\/wp-json\/wp\/v2\/media?parent=4306"}],"curies":[{"name":"wp","href":"https:\/\/api.w.org\/{rel}","templated":true}]}}