{"id":4303,"date":"2023-01-12T17:51:22","date_gmt":"2023-01-12T16:51:22","guid":{"rendered":"https:\/\/ent2d.ac-bordeaux.fr\/disciplines\/svt\/?page_id=4303"},"modified":"2024-09-05T10:49:23","modified_gmt":"2024-09-05T09:49:23","slug":"les-programmes","status":"publish","type":"page","link":"https:\/\/ent2d.ac-bordeaux.fr\/disciplines\/svt\/textes-reglementaires\/lycee\/les-programmes\/","title":{"rendered":"Les programmes"},"content":{"rendered":"\n<h2 class=\"wp-block-heading\">Le lyc\u00e9e<\/h2>\n\n\n\n<ul class=\"wp-block-list\">\n<li><a href=\"https:\/\/ent2d.ac-bordeaux.fr\/disciplines\/svt\/textes-reglementaires\/college\/ressources-daccompagnement-continuite-college-lycee\/\" target=\"_blank\" rel=\"noreferrer noopener\">Ressources d&rsquo;accompagnement continuit\u00e9 coll\u00e8ge-lyc\u00e9e<\/a><\/li>\n\n\n\n<li><a rel=\"noreferrer noopener\" href=\"https:\/\/ent2d.ac-bordeaux.fr\/disciplines\/svt\/wp-content\/uploads\/sites\/4\/2021\/06\/spe647_annexe_1063008.pdf\" target=\"_blank\">Programme de Seconde<\/a><\/li>\n\n\n\n<li>Enseignement scientifique\n<ul class=\"wp-block-list\">\n<li><a rel=\"noreferrer noopener\" href=\"https:\/\/www.education.gouv.fr\/bo\/2023\/Hebdo25\/MENE2312806A\" target=\"_blank\">Programme de premi\u00e8re<\/a> (\u00e0 compter de la rentr\u00e9e 2023)<\/li>\n\n\n\n<li><a href=\"https:\/\/www.education.gouv.fr\/bo\/2023\/Hebdo25\/MENE2312807A\" target=\"_blank\" rel=\"noreferrer noopener\">Programme de terminale<\/a> (\u00e0 compter de la rentr\u00e9e 2024)<\/li>\n<\/ul>\n<\/li>\n\n\n\n<li>Enseignement de sp\u00e9cialit\u00e9\n<ul class=\"wp-block-list\">\n<li><a rel=\"noreferrer noopener\" href=\"https:\/\/ent2d.ac-bordeaux.fr\/disciplines\/svt\/wp-content\/uploads\/sites\/4\/2021\/06\/spe648_annexe_1063542.pdf\" target=\"_blank\">Programme de premi\u00e8re<\/a><\/li>\n\n\n\n<li><a rel=\"noreferrer noopener\" href=\"https:\/\/ent2d.ac-bordeaux.fr\/disciplines\/svt\/wp-content\/uploads\/sites\/4\/2021\/06\/spe252_annexe_1159114.pdf\" target=\"_blank\">Programme de terminale<\/a><\/li>\n<\/ul>\n<\/li>\n<\/ul>\n\n\n\n<h2 class=\"wp-block-heading\">Les CPGE<\/h2>\n\n\n\n<ul class=\"wp-block-list\">\n<li><a rel=\"noreferrer noopener\" href=\"https:\/\/www.legifrance.gouv.fr\/jorf\/id\/JORFTEXT000043847764\" target=\"_blank\">Programmes de premi\u00e8re et seconde ann\u00e9es des classes pr\u00e9paratoires scientifiques de la voie Technologie et biologie (TB)<\/a> (Arr\u00eat\u00e9 du 9 juillet 2021 modifiant l&rsquo;arr\u00eat\u00e9 du 3 mai 2005)<\/li>\n\n\n\n<li><a rel=\"noreferrer noopener\" href=\"https:\/\/www.education.gouv.fr\/bo\/21\/Hebdo30\/ESRS2111618A.htm\" target=\"_blank\">Programmes de premi\u00e8re et seconde ann\u00e9es des classes pr\u00e9paratoires scientifiques de la voie Technologie et biologie (TB) : modification<\/a><\/li>\n\n\n\n<li><a rel=\"noreferrer noopener\" href=\"https:\/\/www.education.gouv.fr\/bo\/21\/Hebdo26\/ESRH2108111A.htm\" target=\"_blank\">Programmes et horaire hebdomadaire de la classe pr\u00e9paratoire scientifique Biologie, chimie, physique et sciences de la Terre (BCPST)<\/a><\/li>\n<\/ul>\n","protected":false},"excerpt":{"rendered":"<p>Le lyc\u00e9e Les CPGE<\/p>\n","protected":false},"author":1614,"featured_media":0,"parent":4067,"menu_order":1,"comment_status":"closed","ping_status":"closed","template":"","meta":{"footnotes":""},"class_list":["post-4303","page","type-page","status-publish","hentry","nodate","item-wrap"],"_links":{"self":[{"href":"https:\/\/ent2d.ac-bordeaux.fr\/disciplines\/svt\/wp-json\/wp\/v2\/pages\/4303","targetHints":{"allow":["GET"]}}],"collection":[{"href":"https:\/\/ent2d.ac-bordeaux.fr\/disciplines\/svt\/wp-json\/wp\/v2\/pages"}],"about":[{"href":"https:\/\/ent2d.ac-bordeaux.fr\/disciplines\/svt\/wp-json\/wp\/v2\/types\/page"}],"author":[{"embeddable":true,"href":"https:\/\/ent2d.ac-bordeaux.fr\/disciplines\/svt\/wp-json\/wp\/v2\/users\/1614"}],"replies":[{"embeddable":true,"href":"https:\/\/ent2d.ac-bordeaux.fr\/disciplines\/svt\/wp-json\/wp\/v2\/comments?post=4303"}],"version-history":[{"count":6,"href":"https:\/\/ent2d.ac-bordeaux.fr\/disciplines\/svt\/wp-json\/wp\/v2\/pages\/4303\/revisions"}],"predecessor-version":[{"id":5342,"href":"https:\/\/ent2d.ac-bordeaux.fr\/disciplines\/svt\/wp-json\/wp\/v2\/pages\/4303\/revisions\/5342"}],"up":[{"embeddable":true,"href":"https:\/\/ent2d.ac-bordeaux.fr\/disciplines\/svt\/wp-json\/wp\/v2\/pages\/4067"}],"wp:attachment":[{"href":"https:\/\/ent2d.ac-bordeaux.fr\/disciplines\/svt\/wp-json\/wp\/v2\/media?parent=4303"}],"curies":[{"name":"wp","href":"https:\/\/api.w.org\/{rel}","templated":true}]}}