{"id":4276,"date":"2022-12-24T11:39:16","date_gmt":"2022-12-24T10:39:16","guid":{"rendered":"https:\/\/ent2d.ac-bordeaux.fr\/disciplines\/svt\/?page_id=4276"},"modified":"2023-04-06T17:53:48","modified_gmt":"2023-04-06T16:53:48","slug":"banque-de-sujets-du-bac","status":"publish","type":"page","link":"https:\/\/ent2d.ac-bordeaux.fr\/disciplines\/svt\/ressources\/banque-de-sujet\/banque-de-sujets-du-bac\/","title":{"rendered":"Banques de sujets du baccalaur\u00e9at."},"content":{"rendered":"\n<h2 class=\"wp-block-heading\">Banque du site acad\u00e9mique de Besan\u00e7on<\/h2>\n\n\n\n<p>Cette banque tr\u00e8s compl\u00e8te,  mise en ligne par l\u2019acad\u00e9mie de Besan\u00e7on, regroupe les sujets de bac de M\u00e9tropole et des Centres \u00c9trangers pour la Sp\u00e9cialit\u00e9 SVT.<\/p>\n\n\n\n<div class=\"wp-block-image\"><figure class=\"aligncenter size-medium\"><a href=\"http:\/\/svt.ac-besancon.fr\/banque-de-sujets-de-bac\/\" target=\"_blank\" rel=\"noopener\"><img loading=\"lazy\" decoding=\"async\" width=\"300\" height=\"195\" src=\"https:\/\/ent2d.ac-bordeaux.fr\/disciplines\/svt\/wp-content\/uploads\/sites\/4\/2022\/12\/banque-300x195.png\" alt=\"\" class=\"wp-image-4277\" srcset=\"https:\/\/ent2d.ac-bordeaux.fr\/disciplines\/svt\/wp-content\/uploads\/sites\/4\/2022\/12\/banque-300x195.png 300w, https:\/\/ent2d.ac-bordeaux.fr\/disciplines\/svt\/wp-content\/uploads\/sites\/4\/2022\/12\/banque.png 466w\" sizes=\"auto, (max-width: 300px) 100vw, 300px\" \/><\/a><\/figure><\/div>\n\n\n\n<hr class=\"wp-block-separator\" \/>\n\n\n\n<h2 class=\"wp-block-heading\">Les annales des \u00e9preuves du baccalaur\u00e9at (session de 2021 \u00e0 2023) sont aussi disponibles sur le site <a rel=\"noreferrer noopener\" href=\"https:\/\/eduscol.education.fr\/3067\/annales-des-epreuves-du-baccalaureat\" target=\"_blank\">\u00c9duscol<\/a>.<\/h2>\n\n\n\n<div class=\"wp-block-image\"><figure class=\"aligncenter size-full is-resized\"><a href=\"https:\/\/eduscol.education.fr\/3067\/annales-des-epreuves-du-baccalaureat\" target=\"_blank\" rel=\"noopener\"><img loading=\"lazy\" decoding=\"async\" src=\"https:\/\/ent2d.ac-bordeaux.fr\/disciplines\/svt\/wp-content\/uploads\/sites\/4\/2023\/03\/image-8.png\" alt=\"\" class=\"wp-image-4559\" width=\"560\" height=\"149\" srcset=\"https:\/\/ent2d.ac-bordeaux.fr\/disciplines\/svt\/wp-content\/uploads\/sites\/4\/2023\/03\/image-8.png 783w, https:\/\/ent2d.ac-bordeaux.fr\/disciplines\/svt\/wp-content\/uploads\/sites\/4\/2023\/03\/image-8-300x80.png 300w, https:\/\/ent2d.ac-bordeaux.fr\/disciplines\/svt\/wp-content\/uploads\/sites\/4\/2023\/03\/image-8-768x204.png 768w\" sizes=\"auto, (max-width: 560px) 100vw, 560px\" \/><\/a><\/figure><\/div>\n","protected":false},"excerpt":{"rendered":"<p>Banque du site acad\u00e9mique de Besan\u00e7on Cette banque tr\u00e8s compl\u00e8te, mise en ligne par l\u2019acad\u00e9mie de Besan\u00e7on, regroupe les sujets de bac de M\u00e9tropole et des Centres \u00c9trangers pour la Sp\u00e9cialit\u00e9 SVT. Les annales des \u00e9preuves du baccalaur\u00e9at (session de 2021 \u00e0 2023) sont aussi disponibles sur le site \u00c9duscol.<\/p>\n","protected":false},"author":1615,"featured_media":0,"parent":4187,"menu_order":2,"comment_status":"closed","ping_status":"closed","template":"","meta":{"footnotes":""},"class_list":["post-4276","page","type-page","status-publish","hentry","nodate","item-wrap"],"_links":{"self":[{"href":"https:\/\/ent2d.ac-bordeaux.fr\/disciplines\/svt\/wp-json\/wp\/v2\/pages\/4276","targetHints":{"allow":["GET"]}}],"collection":[{"href":"https:\/\/ent2d.ac-bordeaux.fr\/disciplines\/svt\/wp-json\/wp\/v2\/pages"}],"about":[{"href":"https:\/\/ent2d.ac-bordeaux.fr\/disciplines\/svt\/wp-json\/wp\/v2\/types\/page"}],"author":[{"embeddable":true,"href":"https:\/\/ent2d.ac-bordeaux.fr\/disciplines\/svt\/wp-json\/wp\/v2\/users\/1615"}],"replies":[{"embeddable":true,"href":"https:\/\/ent2d.ac-bordeaux.fr\/disciplines\/svt\/wp-json\/wp\/v2\/comments?post=4276"}],"version-history":[{"count":9,"href":"https:\/\/ent2d.ac-bordeaux.fr\/disciplines\/svt\/wp-json\/wp\/v2\/pages\/4276\/revisions"}],"predecessor-version":[{"id":4894,"href":"https:\/\/ent2d.ac-bordeaux.fr\/disciplines\/svt\/wp-json\/wp\/v2\/pages\/4276\/revisions\/4894"}],"up":[{"embeddable":true,"href":"https:\/\/ent2d.ac-bordeaux.fr\/disciplines\/svt\/wp-json\/wp\/v2\/pages\/4187"}],"wp:attachment":[{"href":"https:\/\/ent2d.ac-bordeaux.fr\/disciplines\/svt\/wp-json\/wp\/v2\/media?parent=4276"}],"curies":[{"name":"wp","href":"https:\/\/api.w.org\/{rel}","templated":true}]}}