{"id":4271,"date":"2022-12-24T11:03:42","date_gmt":"2022-12-24T10:03:42","guid":{"rendered":"https:\/\/ent2d.ac-bordeaux.fr\/disciplines\/svt\/?page_id=4271"},"modified":"2023-06-07T22:15:07","modified_gmt":"2023-06-07T21:15:07","slug":"la-banque-academique-dexercices","status":"publish","type":"page","link":"https:\/\/ent2d.ac-bordeaux.fr\/disciplines\/svt\/ressources\/banque-de-sujet\/la-banque-academique-dexercices\/","title":{"rendered":"La banque acad\u00e9mique d\u2019exercices (Oral de second groupe)"},"content":{"rendered":"\n<p>Chaque lyc\u00e9e de l\u2019acad\u00e9mie a re\u00e7u la commande d\u2019un exercice sur une th\u00e9matique donn\u00e9e. Nous vous remercions de vos nombreuses propositions d\u2019exercices qui nous ont \u00e9t\u00e9 adress\u00e9es. Et nous tenons \u00e0 saluer \u00e9galement, les coll\u00e8gues qui ont particip\u00e9 aux relectures et mises en forme parfois n\u00e9cessaires<br>Cette banque va s\u2019enrichir des exercices encore attendus.<br>Nous restons aussi \u00e0 l\u2019\u00e9coute de vos retours d\u2019exp\u00e9riences sur l\u2019usage ces ressources, afin de proc\u00e9der \u00e0 d\u2019\u00e9ventuelles modifications.<br>Chaque exercice est accompagn\u00e9 d\u2019\u00e9l\u00e9ments de correction fournis par vos coll\u00e8gues.<\/p>\n\n\n\n<p><strong>Afin d\u2019harmoniser l\u2019\u00e9valuation des comp\u00e9tences et connaissances des candidats, nous vous demandons d\u2019utiliser la grille d\u2019\u00e9valuation dont vous trouverez le lien ci-apr\u00e8s<\/strong>. Il y a deux variantes de cette grille selon qu\u2019il y ait ou non un geste manipulatoire \u00e0 r\u00e9aliser.<\/p>\n\n\n\n<h2 class=\"wp-block-heading\"><a href=\"https:\/\/ent2d.ac-bordeaux.fr\/disciplines\/svt\/wp-content\/uploads\/sites\/4\/2021\/06\/Grilles-de%CC%81valuation.pdf\" target=\"_blank\" rel=\"noreferrer noopener\">Grilles d&rsquo;\u00e9valuation<\/a><\/h2>\n\n\n\n<h2 class=\"wp-block-heading\"><a rel=\"noreferrer noopener\" href=\"https:\/\/ent2d.ac-bordeaux.fr\/disciplines\/svt\/banque-de-sujets-oral-de-controle-serie-s\/\" target=\"_blank\">Liste des exercices<\/a><\/h2>\n","protected":false},"excerpt":{"rendered":"<p>Chaque lyc\u00e9e de l\u2019acad\u00e9mie a re\u00e7u la commande d\u2019un exercice sur une th\u00e9matique donn\u00e9e. Nous vous remercions de vos nombreuses propositions d\u2019exercices qui nous ont \u00e9t\u00e9 adress\u00e9es. Et nous tenons \u00e0 saluer \u00e9galement, les coll\u00e8gues qui ont particip\u00e9 aux relectures et mises en forme parfois n\u00e9cessairesCette banque va s\u2019enrichir des exercices encore attendus.Nous restons aussi &hellip; <\/p>\n<p><a class=\"more-link btn\" href=\"https:\/\/ent2d.ac-bordeaux.fr\/disciplines\/svt\/ressources\/banque-de-sujet\/la-banque-academique-dexercices\/\">Lire la suite<\/a><\/p>\n","protected":false},"author":1615,"featured_media":0,"parent":4187,"menu_order":3,"comment_status":"closed","ping_status":"closed","template":"","meta":{"footnotes":""},"class_list":["post-4271","page","type-page","status-publish","hentry","nodate","item-wrap"],"_links":{"self":[{"href":"https:\/\/ent2d.ac-bordeaux.fr\/disciplines\/svt\/wp-json\/wp\/v2\/pages\/4271","targetHints":{"allow":["GET"]}}],"collection":[{"href":"https:\/\/ent2d.ac-bordeaux.fr\/disciplines\/svt\/wp-json\/wp\/v2\/pages"}],"about":[{"href":"https:\/\/ent2d.ac-bordeaux.fr\/disciplines\/svt\/wp-json\/wp\/v2\/types\/page"}],"author":[{"embeddable":true,"href":"https:\/\/ent2d.ac-bordeaux.fr\/disciplines\/svt\/wp-json\/wp\/v2\/users\/1615"}],"replies":[{"embeddable":true,"href":"https:\/\/ent2d.ac-bordeaux.fr\/disciplines\/svt\/wp-json\/wp\/v2\/comments?post=4271"}],"version-history":[{"count":2,"href":"https:\/\/ent2d.ac-bordeaux.fr\/disciplines\/svt\/wp-json\/wp\/v2\/pages\/4271\/revisions"}],"predecessor-version":[{"id":5060,"href":"https:\/\/ent2d.ac-bordeaux.fr\/disciplines\/svt\/wp-json\/wp\/v2\/pages\/4271\/revisions\/5060"}],"up":[{"embeddable":true,"href":"https:\/\/ent2d.ac-bordeaux.fr\/disciplines\/svt\/wp-json\/wp\/v2\/pages\/4187"}],"wp:attachment":[{"href":"https:\/\/ent2d.ac-bordeaux.fr\/disciplines\/svt\/wp-json\/wp\/v2\/media?parent=4271"}],"curies":[{"name":"wp","href":"https:\/\/api.w.org\/{rel}","templated":true}]}}