{"id":4229,"date":"2022-12-22T17:05:27","date_gmt":"2022-12-22T16:05:27","guid":{"rendered":"https:\/\/ent2d.ac-bordeaux.fr\/disciplines\/svt\/?page_id=4229"},"modified":"2025-03-18T11:12:15","modified_gmt":"2025-03-18T10:12:15","slug":"lettre-edu_num","status":"publish","type":"page","link":"https:\/\/ent2d.ac-bordeaux.fr\/disciplines\/svt\/ressources\/numeriques\/lettre-edu_num\/","title":{"rendered":"Lettre \u00c9duNum"},"content":{"rendered":"<div class=\"wp-block-image\">\n<figure class=\"aligncenter size-full is-resized\"><img loading=\"lazy\" decoding=\"async\" width=\"569\" height=\"210\" src=\"https:\/\/ent2d.ac-bordeaux.fr\/disciplines\/svt\/wp-content\/uploads\/sites\/4\/2023\/02\/EduNum.png\" alt=\"\" class=\"wp-image-4411\" style=\"width:356px;height:132px\" srcset=\"https:\/\/ent2d.ac-bordeaux.fr\/disciplines\/svt\/wp-content\/uploads\/sites\/4\/2023\/02\/EduNum.png 569w, https:\/\/ent2d.ac-bordeaux.fr\/disciplines\/svt\/wp-content\/uploads\/sites\/4\/2023\/02\/EduNum-300x111.png 300w\" sizes=\"auto, (max-width: 569px) 100vw, 569px\" \/><\/figure>\n<\/div>\n\n\n<p class=\"has-text-align-left\">En collaboration avec l&rsquo;IGEN et les D\u00e9l\u00e9gu\u00e9s Acad\u00e9miques Num\u00e9riques (DAN), le bureau des usages num\u00e9riques et des ressources p\u00e9dagogiques propose l&rsquo;envoi de lettres d&rsquo;information autour du num\u00e9rique dans les pratiques p\u00e9dagogiques.<\/p>\n\n\n\n<h3 class=\"wp-block-heading\">La derni\u00e8re lettre :<\/h3>\n\n\n\n<ul class=\"wp-block-list\">\n<li><a href=\"https:\/\/eduscol.education.fr\/document\/64724\/download?attachment\">Lettre\u00a0\u00c9duNum Sciences de la vie et de la Terre n\u00b0 38 &#8211; Mars 2025<\/a><\/li>\n<\/ul>\n\n\n\n<h3 class=\"wp-block-heading rich-text block-editor-rich-text__editable\">Les lettres Edu_num SVT pr\u00e9c\u00e9dentes sont accessibles sur les liens suivants : <\/h3>\n\n\n\n<ul class=\"wp-block-list\">\n<li><a rel=\"noreferrer noopener\" href=\"https:\/\/eduscol.education.fr\/2638\/lettre-edunum-sciences-de-la-vie-et-de-la-terre\" target=\"_blank\">https:\/\/eduscol.education.fr\/2638\/lettre-edunum-sciences-de-la-vie-et-de-la-terre<\/a><\/li>\n<\/ul>\n\n\n\n<p><\/p>\n","protected":false},"excerpt":{"rendered":"<p>En collaboration avec l&rsquo;IGEN et les D\u00e9l\u00e9gu\u00e9s Acad\u00e9miques Num\u00e9riques (DAN), le bureau des usages num\u00e9riques et des ressources p\u00e9dagogiques propose l&rsquo;envoi de lettres d&rsquo;information autour du num\u00e9rique dans les pratiques p\u00e9dagogiques. La derni\u00e8re lettre : Les lettres Edu_num SVT pr\u00e9c\u00e9dentes sont accessibles sur les liens suivants :<\/p>\n","protected":false},"author":1615,"featured_media":1187,"parent":4186,"menu_order":1,"comment_status":"closed","ping_status":"closed","template":"","meta":{"footnotes":""},"class_list":["post-4229","page","type-page","status-publish","has-post-thumbnail","hentry","nodate","item-wrap"],"_links":{"self":[{"href":"https:\/\/ent2d.ac-bordeaux.fr\/disciplines\/svt\/wp-json\/wp\/v2\/pages\/4229","targetHints":{"allow":["GET"]}}],"collection":[{"href":"https:\/\/ent2d.ac-bordeaux.fr\/disciplines\/svt\/wp-json\/wp\/v2\/pages"}],"about":[{"href":"https:\/\/ent2d.ac-bordeaux.fr\/disciplines\/svt\/wp-json\/wp\/v2\/types\/page"}],"author":[{"embeddable":true,"href":"https:\/\/ent2d.ac-bordeaux.fr\/disciplines\/svt\/wp-json\/wp\/v2\/users\/1615"}],"replies":[{"embeddable":true,"href":"https:\/\/ent2d.ac-bordeaux.fr\/disciplines\/svt\/wp-json\/wp\/v2\/comments?post=4229"}],"version-history":[{"count":10,"href":"https:\/\/ent2d.ac-bordeaux.fr\/disciplines\/svt\/wp-json\/wp\/v2\/pages\/4229\/revisions"}],"predecessor-version":[{"id":5362,"href":"https:\/\/ent2d.ac-bordeaux.fr\/disciplines\/svt\/wp-json\/wp\/v2\/pages\/4229\/revisions\/5362"}],"up":[{"embeddable":true,"href":"https:\/\/ent2d.ac-bordeaux.fr\/disciplines\/svt\/wp-json\/wp\/v2\/pages\/4186"}],"wp:featuredmedia":[{"embeddable":true,"href":"https:\/\/ent2d.ac-bordeaux.fr\/disciplines\/svt\/wp-json\/wp\/v2\/media\/1187"}],"wp:attachment":[{"href":"https:\/\/ent2d.ac-bordeaux.fr\/disciplines\/svt\/wp-json\/wp\/v2\/media?parent=4229"}],"curies":[{"name":"wp","href":"https:\/\/api.w.org\/{rel}","templated":true}]}}