{"id":4154,"date":"2022-12-22T13:07:35","date_gmt":"2022-12-22T12:07:35","guid":{"rendered":"https:\/\/ent2d.ac-bordeaux.fr\/disciplines\/svt\/?page_id=4154"},"modified":"2025-09-15T14:23:08","modified_gmt":"2025-09-15T13:23:08","slug":"lettre-de-rentree","status":"publish","type":"page","link":"https:\/\/ent2d.ac-bordeaux.fr\/disciplines\/svt\/informations\/lettre-de-rentree\/","title":{"rendered":"Lettre de rentr\u00e9e"},"content":{"rendered":"\n<p id=\"block-1186a4ba-504f-43aa-9efa-fe26587024bf\"><br>Voici ci-dessous la lettre de rentr\u00e9e des IA-IPR (t\u00e9l\u00e9chargeable au format .pdf)<\/p>\n\n\n\n<p><a href=\"https:\/\/ent2d.ac-bordeaux.fr\/disciplines\/svt\/wp-content\/uploads\/sites\/4\/2025\/09\/Lettrerentree25-26.pdf\" target=\"_blank\" rel=\"noreferrer noopener\">Lettre adress\u00e9e aux \u00e9tablissements<\/a><\/p>\n\n\n\n<p><\/p>\n\n\n\n<p><\/p>\n","protected":false},"excerpt":{"rendered":"<p>Voici ci-dessous la lettre de rentr\u00e9e des IA-IPR (t\u00e9l\u00e9chargeable au format .pdf) Lettre adress\u00e9e aux \u00e9tablissements<\/p>\n","protected":false},"author":1615,"featured_media":0,"parent":4063,"menu_order":2,"comment_status":"closed","ping_status":"closed","template":"","meta":{"footnotes":""},"class_list":["post-4154","page","type-page","status-publish","hentry","nodate","item-wrap"],"_links":{"self":[{"href":"https:\/\/ent2d.ac-bordeaux.fr\/disciplines\/svt\/wp-json\/wp\/v2\/pages\/4154","targetHints":{"allow":["GET"]}}],"collection":[{"href":"https:\/\/ent2d.ac-bordeaux.fr\/disciplines\/svt\/wp-json\/wp\/v2\/pages"}],"about":[{"href":"https:\/\/ent2d.ac-bordeaux.fr\/disciplines\/svt\/wp-json\/wp\/v2\/types\/page"}],"author":[{"embeddable":true,"href":"https:\/\/ent2d.ac-bordeaux.fr\/disciplines\/svt\/wp-json\/wp\/v2\/users\/1615"}],"replies":[{"embeddable":true,"href":"https:\/\/ent2d.ac-bordeaux.fr\/disciplines\/svt\/wp-json\/wp\/v2\/comments?post=4154"}],"version-history":[{"count":12,"href":"https:\/\/ent2d.ac-bordeaux.fr\/disciplines\/svt\/wp-json\/wp\/v2\/pages\/4154\/revisions"}],"predecessor-version":[{"id":5421,"href":"https:\/\/ent2d.ac-bordeaux.fr\/disciplines\/svt\/wp-json\/wp\/v2\/pages\/4154\/revisions\/5421"}],"up":[{"embeddable":true,"href":"https:\/\/ent2d.ac-bordeaux.fr\/disciplines\/svt\/wp-json\/wp\/v2\/pages\/4063"}],"wp:attachment":[{"href":"https:\/\/ent2d.ac-bordeaux.fr\/disciplines\/svt\/wp-json\/wp\/v2\/media?parent=4154"}],"curies":[{"name":"wp","href":"https:\/\/api.w.org\/{rel}","templated":true}]}}