{"id":4116,"date":"2022-12-22T11:28:35","date_gmt":"2022-12-22T10:28:35","guid":{"rendered":"https:\/\/ent2d.ac-bordeaux.fr\/disciplines\/svt\/?page_id=4116"},"modified":"2026-01-06T15:01:50","modified_gmt":"2026-01-06T14:01:50","slug":"risque-et-securite-en-svt","status":"publish","type":"page","link":"https:\/\/ent2d.ac-bordeaux.fr\/disciplines\/svt\/textes-reglementaires\/risque-et-securite-en-svt\/","title":{"rendered":"Risque et S\u00e9curit\u00e9 en SVT"},"content":{"rendered":"\n<h3 class=\"wp-block-heading\"><a rel=\"noopener\" href=\"https:\/\/ent2d.ac-bordeaux.fr\/disciplines\/svt\/wp-content\/uploads\/sites\/4\/2018\/08\/PLAQUETTE-SVT-02-2016_Couleurs_549993.pdf\" target=\"_blank\">Plaquette &#8211; SVT &#8211; ONS<\/a><\/h3>\n\n\n\n<h3 class=\"wp-block-heading\"><a href=\"https:\/\/eduscol.education.fr\/document\/65663\/download?attachment\" target=\"_blank\" rel=\"noreferrer noopener\">Guide &#8211; Conditions d\u2019enseignement pour les SVT au coll\u00e8ge et au lyc\u00e9e<\/a><\/h3>\n\n\n\n<h3 class=\"wp-block-heading\"><a rel=\"noopener\" href=\"https:\/\/pedagogie.ac-toulouse.fr\/svt\/risques-et-securite\" target=\"_blank\">Risques et s\u00e9curit\u00e9, Site acad\u00e9mique de Toulouse.<\/a><\/h3>\n\n\n\n<h4 class=\"wp-block-heading\">Le site de l&rsquo;acad\u00e9mie de Toulouse met \u00e0 disposition :<\/h4>\n\n\n\n<ul class=\"wp-block-list\">\n<li>Les textes r\u00e9glementaires. <\/li>\n\n\n\n<li>Des documents et sites institutionnels. <\/li>\n\n\n\n<li>Des conseils pratiques. <\/li>\n\n\n\n<li>Des mises en situation dans les \u00e9tablissements scolaires.<\/li>\n<\/ul>\n\n\n\n<h3 class=\"wp-block-heading\"><a rel=\"noopener\" href=\"http:\/\/www.esst-inrs.fr\/3rb\/index.php\" target=\"_blank\">Site 3RB &#8211; INRS<\/a><\/h3>\n\n\n\n<h4 class=\"wp-block-heading\">Le site 3RB fournit des informations et des outils sur la pr\u00e9vention des risques biologiques \u00e0 destination des enseignants formant les \u00e9l\u00e8ves :<\/h4>\n\n\n\n<ul class=\"wp-block-list\">\n<li>aux CAP et baccalaur\u00e9ats professionnels des secteurs : bioindustries, environnement, hygi\u00e8ne et st\u00e9rilisation, services \u00e0 la personne, services aux collectivit\u00e9s (restauration), soins \u00e0 la personne<\/li>\n\n\n\n<li>aux baccalaur\u00e9ats technologiques de laboratoire et h\u00f4tellerie-restauration&#8230;<\/li>\n\n\n\n<li>aux BTS des secteurs : bioindustries, environnement,\u00a0recherche, sant\u00e9, services aux collectivit\u00e9s (restauration), services et soins \u00e0 la personne<\/li>\n<\/ul>\n","protected":false},"excerpt":{"rendered":"<p>Plaquette &#8211; SVT &#8211; ONS Guide &#8211; Conditions d\u2019enseignement pour les SVT au coll\u00e8ge et au lyc\u00e9e Risques et s\u00e9curit\u00e9, Site acad\u00e9mique de Toulouse. Le site de l&rsquo;acad\u00e9mie de Toulouse met \u00e0 disposition : Site 3RB &#8211; INRS Le site 3RB fournit des informations et des outils sur la pr\u00e9vention des risques biologiques \u00e0 destination &hellip; <\/p>\n<p><a class=\"more-link btn\" href=\"https:\/\/ent2d.ac-bordeaux.fr\/disciplines\/svt\/textes-reglementaires\/risque-et-securite-en-svt\/\">Lire la suite<\/a><\/p>\n","protected":false},"author":1615,"featured_media":0,"parent":4059,"menu_order":4,"comment_status":"closed","ping_status":"closed","template":"","meta":{"footnotes":""},"class_list":["post-4116","page","type-page","status-publish","hentry","nodate","item-wrap"],"_links":{"self":[{"href":"https:\/\/ent2d.ac-bordeaux.fr\/disciplines\/svt\/wp-json\/wp\/v2\/pages\/4116","targetHints":{"allow":["GET"]}}],"collection":[{"href":"https:\/\/ent2d.ac-bordeaux.fr\/disciplines\/svt\/wp-json\/wp\/v2\/pages"}],"about":[{"href":"https:\/\/ent2d.ac-bordeaux.fr\/disciplines\/svt\/wp-json\/wp\/v2\/types\/page"}],"author":[{"embeddable":true,"href":"https:\/\/ent2d.ac-bordeaux.fr\/disciplines\/svt\/wp-json\/wp\/v2\/users\/1615"}],"replies":[{"embeddable":true,"href":"https:\/\/ent2d.ac-bordeaux.fr\/disciplines\/svt\/wp-json\/wp\/v2\/comments?post=4116"}],"version-history":[{"count":4,"href":"https:\/\/ent2d.ac-bordeaux.fr\/disciplines\/svt\/wp-json\/wp\/v2\/pages\/4116\/revisions"}],"predecessor-version":[{"id":5462,"href":"https:\/\/ent2d.ac-bordeaux.fr\/disciplines\/svt\/wp-json\/wp\/v2\/pages\/4116\/revisions\/5462"}],"up":[{"embeddable":true,"href":"https:\/\/ent2d.ac-bordeaux.fr\/disciplines\/svt\/wp-json\/wp\/v2\/pages\/4059"}],"wp:attachment":[{"href":"https:\/\/ent2d.ac-bordeaux.fr\/disciplines\/svt\/wp-json\/wp\/v2\/media?parent=4116"}],"curies":[{"name":"wp","href":"https:\/\/api.w.org\/{rel}","templated":true}]}}