{"id":4100,"date":"2022-12-22T10:58:40","date_gmt":"2022-12-22T09:58:40","guid":{"rendered":"https:\/\/ent2d.ac-bordeaux.fr\/disciplines\/svt\/?page_id=4100"},"modified":"2025-07-01T13:31:14","modified_gmt":"2025-07-01T12:31:14","slug":"textes-missions-enseignants","status":"publish","type":"page","link":"https:\/\/ent2d.ac-bordeaux.fr\/disciplines\/svt\/textes-reglementaires\/textes-missions-enseignants\/","title":{"rendered":"Textes missions enseignants"},"content":{"rendered":"<div class=\"wp-block-image\">\n<figure class=\"aligncenter size-full\"><img loading=\"lazy\" decoding=\"async\" width=\"207\" height=\"73\" src=\"https:\/\/ent2d.ac-bordeaux.fr\/disciplines\/svt\/wp-content\/uploads\/sites\/4\/2022\/12\/image-1.png\" alt=\"\" class=\"wp-image-4124\" \/><\/figure>\n<\/div>\n\n\n<h2 class=\"wp-block-heading\">Textes de r\u00e9f\u00e9rence<\/h2>\n\n\n\n<p>&gt; <a href=\"https:\/\/www.legifrance.gouv.fr\/loda\/id\/JORFTEXT000029390906\/\" target=\"_blank\" rel=\"noreferrer noopener\">D\u00e9cret n\u00b02014-940 du 20 ao\u00fbt 2014 d\u00e9finissant les missions des enseignants<\/a> : Version en vigueur au 17 octobre 2022<\/p>\n\n\n\n<p><a href=\"https:\/\/eduscol.education.fr\/document\/65663\/download?attachment\">&gt; Guide sur les conditions d\u2019enseignement pour l\u2019enseignement des SVT au coll\u00e8ge et au lyc\u00e9e<\/a> (<a href=\"https:\/\/eduscol.education.fr\/2397\/ressources-et-outils-numeriques-en-sciences-de-la-vie-et-de-la-terre\">Plus d&rsquo;informations sur cette page<\/a>)<\/p>\n","protected":false},"excerpt":{"rendered":"<p>Textes de r\u00e9f\u00e9rence &gt; D\u00e9cret n\u00b02014-940 du 20 ao\u00fbt 2014 d\u00e9finissant les missions des enseignants : Version en vigueur au 17 octobre 2022 &gt; Guide sur les conditions d\u2019enseignement pour l\u2019enseignement des SVT au coll\u00e8ge et au lyc\u00e9e (Plus d&rsquo;informations sur cette page)<\/p>\n","protected":false},"author":1615,"featured_media":0,"parent":4059,"menu_order":3,"comment_status":"closed","ping_status":"closed","template":"","meta":{"footnotes":""},"class_list":["post-4100","page","type-page","status-publish","hentry","nodate","item-wrap"],"_links":{"self":[{"href":"https:\/\/ent2d.ac-bordeaux.fr\/disciplines\/svt\/wp-json\/wp\/v2\/pages\/4100","targetHints":{"allow":["GET"]}}],"collection":[{"href":"https:\/\/ent2d.ac-bordeaux.fr\/disciplines\/svt\/wp-json\/wp\/v2\/pages"}],"about":[{"href":"https:\/\/ent2d.ac-bordeaux.fr\/disciplines\/svt\/wp-json\/wp\/v2\/types\/page"}],"author":[{"embeddable":true,"href":"https:\/\/ent2d.ac-bordeaux.fr\/disciplines\/svt\/wp-json\/wp\/v2\/users\/1615"}],"replies":[{"embeddable":true,"href":"https:\/\/ent2d.ac-bordeaux.fr\/disciplines\/svt\/wp-json\/wp\/v2\/comments?post=4100"}],"version-history":[{"count":6,"href":"https:\/\/ent2d.ac-bordeaux.fr\/disciplines\/svt\/wp-json\/wp\/v2\/pages\/4100\/revisions"}],"predecessor-version":[{"id":5384,"href":"https:\/\/ent2d.ac-bordeaux.fr\/disciplines\/svt\/wp-json\/wp\/v2\/pages\/4100\/revisions\/5384"}],"up":[{"embeddable":true,"href":"https:\/\/ent2d.ac-bordeaux.fr\/disciplines\/svt\/wp-json\/wp\/v2\/pages\/4059"}],"wp:attachment":[{"href":"https:\/\/ent2d.ac-bordeaux.fr\/disciplines\/svt\/wp-json\/wp\/v2\/media?parent=4100"}],"curies":[{"name":"wp","href":"https:\/\/api.w.org\/{rel}","templated":true}]}}