{"id":352,"date":"2016-02-17T14:19:00","date_gmt":"2016-02-17T13:19:00","guid":{"rendered":"http:\/\/ent2d.ac-bordeaux.fr\/disciplines\/svt\/?page_id=352"},"modified":"2016-11-30T19:59:13","modified_gmt":"2016-11-30T18:59:13","slug":"maitrise-de-la-langue","status":"publish","type":"page","link":"https:\/\/ent2d.ac-bordeaux.fr\/disciplines\/svt\/maitrise-de-la-langue\/","title":{"rendered":"Ma\u00eetrise de la langue"},"content":{"rendered":"<h1 class=\"contenu\">S\u00e9quence introductive<\/h1>\n<p class=\"contenu\">L\u2019enseignement des sciences de la vie et de la Terre participe, comme les autres disciplines, \u00e0 l\u2019apprentissage et \u00e0 la ma\u00eetrise de la langue fran\u00e7aise. La diversit\u00e9 des activit\u00e9s men\u00e9es en SVT permet la mise en \u0153uvre dans les classes de pratiques langagi\u00e8res tant \u00e0 l\u2019oral qu\u2019\u00e0 l\u2019\u00e9crit. De plus, les textes scientifiques propos\u00e9s aux \u00e9l\u00e8ves permettent d\u2019enrichir le vocabulaire mais aussi de mieux comprendre par exemple les mani\u00e8res d\u2019\u00e9tablir par le langage argument\u00e9 les relations de causalit\u00e9 mises en \u0153uvre en sciences. La d\u00e9marche d\u2019investigation est aussi l\u2019occasion de faire produire par les \u00e9l\u00e8ves des \u00e9crits personnels appuyant la construction de leurs savoirs.<br \/>\nLe travail sur la ma\u00eetrise de la langue sera bien s\u00fbr men\u00e9 en lien avec le travail r\u00e9alis\u00e9 en Lettres par une classe. Il s\u2019agit d\u2019abord d\u2019\u00eatre attentif \u00e0 un certain nombre de points d\u00e9s la construction du cours : polys\u00e9mie des termes, niveau de difficult\u00e9 du langage employ\u00e9, diversit\u00e9 des modes d\u2019expression mise en \u0153uvre dans la s\u00e9ance, etc\u2026 A l\u2019oral, il faut veiller \u00e0 faire pratiquer une construction m\u00e9thodique d\u2019un discours logique retra\u00e7ant les \u00e9tapes de la d\u00e9marche scientifique : discours descriptif visant \u00e0 la pr\u00e9cision, puis logique, faisant appara\u00eetre les liens d\u00e9ductifs ; production d\u2019une synth\u00e8se en fin d\u2019exp\u00e9rimentation.<br \/>\nLes \u00e9crits devront aussi \u00eatre pr\u00e9vu \u00e0 diff\u00e9rents moments de la s\u00e9ance, en pr\u00e9voyant la mise en \u0153uvre progressive des structures logiques, en particulier le lien de causalit\u00e9, l\u2019enrichissement du vocabulaire et la production d\u2019\u00e9crits \u00e0 forte charpente logique notamment dans le cadre de la d\u00e9marche d\u2019investigation.<\/p>\n<h1 class=\"contenu\">\u00c9l\u00e9ments d&rsquo;information et de r\u00e9flexions<\/h1>\n<ul>\n<li><b>Maitrise de la langue en sciences exp\u00e9rimentales<\/b><\/li>\n<\/ul>\n<p>&nbsp;<\/p>\n<ul>\n<li><b>Vocabulaire et sciences exp\u00e9rimentales<\/b><\/li>\n<\/ul>\n","protected":false},"excerpt":{"rendered":"<p>S\u00e9quence introductive L\u2019enseignement des sciences de la vie et de la Terre participe, comme les autres disciplines, \u00e0 l\u2019apprentissage et \u00e0 la ma\u00eetrise de la langue fran\u00e7aise. La diversit\u00e9 des activit\u00e9s men\u00e9es en SVT permet la mise en \u0153uvre dans les classes de pratiques langagi\u00e8res tant \u00e0 l\u2019oral qu\u2019\u00e0 l\u2019\u00e9crit. De plus, les textes scientifiques &hellip; <\/p>\n<p><a class=\"more-link btn\" href=\"https:\/\/ent2d.ac-bordeaux.fr\/disciplines\/svt\/maitrise-de-la-langue\/\">Lire la suite<\/a><\/p>\n","protected":false},"author":8,"featured_media":0,"parent":0,"menu_order":2,"comment_status":"closed","ping_status":"closed","template":"template-twocolumnsright.php","meta":{"footnotes":""},"class_list":["post-352","page","type-page","status-publish","hentry","nodate","item-wrap"],"_links":{"self":[{"href":"https:\/\/ent2d.ac-bordeaux.fr\/disciplines\/svt\/wp-json\/wp\/v2\/pages\/352","targetHints":{"allow":["GET"]}}],"collection":[{"href":"https:\/\/ent2d.ac-bordeaux.fr\/disciplines\/svt\/wp-json\/wp\/v2\/pages"}],"about":[{"href":"https:\/\/ent2d.ac-bordeaux.fr\/disciplines\/svt\/wp-json\/wp\/v2\/types\/page"}],"author":[{"embeddable":true,"href":"https:\/\/ent2d.ac-bordeaux.fr\/disciplines\/svt\/wp-json\/wp\/v2\/users\/8"}],"replies":[{"embeddable":true,"href":"https:\/\/ent2d.ac-bordeaux.fr\/disciplines\/svt\/wp-json\/wp\/v2\/comments?post=352"}],"version-history":[{"count":1,"href":"https:\/\/ent2d.ac-bordeaux.fr\/disciplines\/svt\/wp-json\/wp\/v2\/pages\/352\/revisions"}],"predecessor-version":[{"id":353,"href":"https:\/\/ent2d.ac-bordeaux.fr\/disciplines\/svt\/wp-json\/wp\/v2\/pages\/352\/revisions\/353"}],"wp:attachment":[{"href":"https:\/\/ent2d.ac-bordeaux.fr\/disciplines\/svt\/wp-json\/wp\/v2\/media?parent=352"}],"curies":[{"name":"wp","href":"https:\/\/api.w.org\/{rel}","templated":true}]}}