{"id":3519,"date":"2021-11-15T18:49:50","date_gmt":"2021-11-15T17:49:50","guid":{"rendered":"https:\/\/ent2d.ac-bordeaux.fr\/disciplines\/svt\/?page_id=3519"},"modified":"2024-07-02T18:06:54","modified_gmt":"2024-07-02T17:06:54","slug":"les-mooc-fun","status":"publish","type":"page","link":"https:\/\/ent2d.ac-bordeaux.fr\/disciplines\/svt\/formations\/les-mooc-fun\/","title":{"rendered":"Les MOOC FUN"},"content":{"rendered":"\n<figure class=\"wp-block-table\"><table><tbody><tr><td><a href=\"https:\/\/www.fun-mooc.fr\/fr\/cours\/?limit=21&amp;offset=0\" target=\"_blank\" rel=\"noreferrer noopener\"><img loading=\"lazy\" decoding=\"async\" width=\"194\" height=\"68\" class=\"wp-image-3520\" style=\"width: 300px\" src=\"https:\/\/ent2d.ac-bordeaux.fr\/disciplines\/svt\/wp-content\/uploads\/sites\/4\/2021\/11\/funmooc.png\" alt=\"\"><\/a><\/td><td>France universit\u00e9 num\u00e9rique (FUN) est une plateforme, du minist\u00e8re de l\u2019Enseignement sup\u00e9rieur, qui propose des cours en ligne ouverts et massifs. Le catalogue de cours disponibles est continuellement enrichi pour proposer une vari\u00e9t\u00e9 de formations r\u00e9pondant aux besoins de tous les publics.<br>Vous trouverez ici une s\u00e9lection de cours en ligne susceptibles de vous int\u00e9resser.<\/td><\/tr><\/tbody><\/table><\/figure>\n\n\n\n<p><\/p>\n\n\n\n<figure class=\"wp-block-table is-style-stripes\"><table class=\"has-black-color has-text-color\"><thead><tr><th class=\"has-text-align-center\" data-align=\"center\">Intitul\u00e9<\/th><th class=\"has-text-align-center\" data-align=\"center\">Description<\/th><th class=\"has-text-align-center\" data-align=\"center\">Dur\u00e9e<\/th><th class=\"has-text-align-center\" data-align=\"center\">Rythme<\/th><th class=\"has-text-align-center\" data-align=\"center\">Inscriptions<\/th><th class=\"has-text-align-center\" data-align=\"center\">Cours<\/th><\/tr><\/thead><tbody><tr><td class=\"has-text-align-center\" data-align=\"center\"><a href=\"https:\/\/www.fun-mooc.fr\/fr\/cours\/les-metiers-du-vivant\/\" target=\"_blank\" rel=\"noreferrer noopener\">Les m\u00e9tiers du vivant<\/a><\/td><td class=\"has-text-align-center\" data-align=\"center\">D\u00e9couvrir les m\u00e9tiers et les formations dans les secteurs de la production agricole, la transformation agro-alimentaire, la sant\u00e9 animale et les services associ\u00e9s \u00e0 la production agricole<br><em>Agreenium<\/em><\/td><td class=\"has-text-align-center\" data-align=\"center\">4 semaines<\/td><td class=\"has-text-align-center\" data-align=\"center\">~1h30\/semaine<\/td><td class=\"has-text-align-center\" data-align=\"center\">Du 02 octobre 2023 au 31 mai 2024<\/td><td class=\"has-text-align-center\" data-align=\"center\">Du 02 octobre 2023 au 30 juin 2024<\/td><\/tr><tr><td class=\"has-text-align-center\" data-align=\"center\"><a href=\"https:\/\/www.fun-mooc.fr\/fr\/cours\/accompagnez-vos-eleves-lorientation-grace-aux-mooc\/\" target=\"_blank\" rel=\"noreferrer noopener\">Accompagnez vos \u00e9l\u00e8ves \u00e0 l&rsquo;orientation gr\u00e2ce aux MOOC<\/a><\/td><td class=\"has-text-align-center\" data-align=\"center\">L\u2019objectif de ce MOOC est d\u2019accompagner les \u00e9quipes \u00e9ducatives des lyc\u00e9es \u00e0 l\u2019utilisation des MOOC d\u2019aide \u00e0 l\u2019orientation, afin de combiner le MOOC avec des activit\u00e9s en classe et apporter une r\u00e9ponse adapt\u00e9e aux profils et attentes des \u00e9l\u00e8ves, dans un souci de personnalisation de l\u2019accompagnement \u00e0 l\u2019orientation.<\/td><td class=\"has-text-align-center\" data-align=\"center\">1heure<\/td><td class=\"has-text-align-center\" data-align=\"center\"><\/td><td class=\"has-text-align-center\" data-align=\"center\">Du 16 nov. 2023 au 30 juin 2024<\/td><td class=\"has-text-align-center\" data-align=\"center\">Du 16 nov. 2023 au 30 juin 2024<\/td><\/tr><tr><td class=\"has-text-align-center\" data-align=\"center\"><a href=\"https:\/\/www.fun-mooc.fr\/fr\/cours\/enseigner-avec-le-jeu\/\">Enseigner avec le jeu<\/a><\/td><td class=\"has-text-align-center\" data-align=\"center\">D\u00e9couvrez la mani\u00e8re dont les jeux peuvent servir d\u2019agents pivots pour l\u2019engagement des apprenants et l\u2019acquisition de comp\u00e9tences.<\/td><td class=\"has-text-align-center\" data-align=\"center\">3 semaines<\/td><td class=\"has-text-align-center\" data-align=\"center\">~4 h\/semaine<\/td><td class=\"has-text-align-center\" data-align=\"center\">Jusqu&rsquo;au 17 sept. 2024<\/td><td class=\"has-text-align-center\" data-align=\"center\">Du 07 oct. 2024 au 25 oct. 2024<\/td><\/tr><tr><td class=\"has-text-align-center\" data-align=\"center\"><a href=\"https:\/\/www.fun-mooc.fr\/fr\/cours\/human-population-and-evolutionary-genetics\/\" target=\"_blank\" rel=\"noreferrer noopener\">Human Population and Evolutionary Genetics<\/a><br>(Anglais et fran\u00e7ais)<\/td><td class=\"has-text-align-center\" data-align=\"center\">Ce Mooc a pour but de donner les connaissances de base sur la g\u00e9n\u00e9tique des populations et l&rsquo;aide de la g\u00e9n\u00e9tique dans l&rsquo;\u00e9tude des migrations et de l&rsquo;adaptation de l&rsquo;homme aux conditions extr\u00eames.<\/td><td class=\"has-text-align-center\" data-align=\"center\">6 semaines<\/td><td class=\"has-text-align-center\" data-align=\"center\">~2h\/semaine<\/td><td class=\"has-text-align-center\" data-align=\"center\">Du 10 ao\u00fbt 2023 au 10 oct. 2024<\/td><td class=\"has-text-align-center\" data-align=\"center\">Du 17 oct. 2023 au 17 oct. 2024<\/td><\/tr><tr><td class=\"has-text-align-center\" data-align=\"center\"><a href=\"https:\/\/www.fun-mooc.fr\/fr\/cours\/hiv-science\/\">HIV Science<\/a><\/td><td class=\"has-text-align-center\" data-align=\"center\">Ce MOOC examine les diff\u00e9rents aspects de l&rsquo;infection par le VIH : de son origine biologique et son identification comme agent causal du SIDA jusqu&rsquo;aux perspectives d&rsquo;\u00e9radication.<\/td><td class=\"has-text-align-center\" data-align=\"center\">8 semaines<\/td><td class=\"has-text-align-center\" data-align=\"center\">~2h30\/semaine<\/td><td class=\"has-text-align-center\" data-align=\"center\">Du 04 sept. 2023 au 13 nov. 2024<\/td><td class=\"has-text-align-center\" data-align=\"center\">Du 14 nov. 2023 au 13 nov. 2024<\/td><\/tr><tr><td class=\"has-text-align-center\" data-align=\"center\"><a href=\"https:\/\/www.fun-mooc.fr\/fr\/cours\/intelligence-artificielle-pour-et-par-les-enseignants-ai4t\/\" target=\"_blank\" rel=\"noreferrer noopener\">Intelligence artificielle pour et par les enseignants<\/a><\/td><td class=\"has-text-align-center\" data-align=\"center\">Explorer et soutenir l&rsquo;utilisation \u00e9clair\u00e9e de l&rsquo;IA dans l&rsquo;\u00e9ducation.<\/td><td class=\"has-text-align-center\" data-align=\"center\">3heures<\/td><td class=\"has-text-align-center\" data-align=\"center\"><\/td><td class=\"has-text-align-center\" data-align=\"center\">Du 12 nov. 2023 au 10 nov. 2024<\/td><td class=\"has-text-align-center\" data-align=\"center\">Du 16 nov. 2023 au 14 nov. 2024<\/td><\/tr><tr><td class=\"has-text-align-center\" data-align=\"center\"><a href=\"https:\/\/www.fun-mooc.fr\/fr\/cours\/water-borne-infectious-diseases\/\">Water Borne Infectious Diseases<\/a><br>(Anglais et fran\u00e7ais)<\/td><td class=\"has-text-align-center\" data-align=\"center\">Ce MOOC explique pourquoi l\u2019eau peut transmettre des infections bact\u00e9riennes, virales et parasitaires et explore les moyens de lutte et de pr\u00e9vention.<\/td><td class=\"has-text-align-center\" data-align=\"center\">8 semaines<\/td><td class=\"has-text-align-center\" data-align=\"center\">~2h30\/semaine<\/td><td class=\"has-text-align-center\" data-align=\"center\">Du 05 oct. 2023 au 27 nov. 2024<\/td><td class=\"has-text-align-center\" data-align=\"center\">Du 05 d\u00e9c. 2023 au 04 d\u00e9c. 2024<\/td><\/tr><tr><td class=\"has-text-align-center\" data-align=\"center\"><a href=\"https:\/\/www.fun-mooc.fr\/fr\/cours\/roches-et-mineraux-courants-genese-identification-et-utilisations\/\">Roches et min\u00e9raux courants : gen\u00e8se, identification et utilisations<\/a><\/td><td class=\"has-text-align-center\" data-align=\"center\">Ce MOOC souhaite vous donner envie d\u2019<strong>identifier les roches<\/strong>\u00a0que vous rencontrerez sur le terrain, dans le cadre de vos activit\u00e9s professionnelles ou de vos loisirs. L\u2019<strong>application mobile gratuite<\/strong>\u00a0vous permettra d\u2019identifier et de garder des traces des roches que vous verrez.<\/td><td class=\"has-text-align-center\" data-align=\"center\">7 semaines<\/td><td class=\"has-text-align-center\" data-align=\"center\">~2 h\/semaine<\/td><td class=\"has-text-align-center\" data-align=\"center\">Du 22 janv. 2024 au 31 d\u00e9c. 2024<\/td><td class=\"has-text-align-center\" data-align=\"center\">Du 22 janv. 2024 au 31 d\u00e9c. 2024<\/td><\/tr><tr><td class=\"has-text-align-center\" data-align=\"center\"><a href=\"https:\/\/www.fun-mooc.fr\/fr\/cours\/innate-immunity\/\">Innate Immunity<\/a><br>(Anglais)<\/td><td class=\"has-text-align-center\" data-align=\"center\">Ce MOOC pr\u00e9sente les acteurs et l&rsquo;ensemble de l&rsquo;orchestre impliqu\u00e9s dans l&rsquo;immunit\u00e9 inn\u00e9e contre les agents pathog\u00e8nes.<\/td><td class=\"has-text-align-center\" data-align=\"center\">8 semaines<\/td><td class=\"has-text-align-center\" data-align=\"center\">~3 h\/semaine<\/td><td class=\"has-text-align-center\" data-align=\"center\">Du 09 nov. 2023 au 08 janv. 2025<\/td><td class=\"has-text-align-center\" data-align=\"center\">Du 09 janv. 2024 au 08 janv. 2025<\/td><\/tr><tr><td class=\"has-text-align-center\" data-align=\"center\"><a href=\"https:\/\/www.fun-mooc.fr\/fr\/cours\/stocker-du-carbone-dans-les-ecosystemes\/\">Stocker du carbone dans les \u00e9cosyst\u00e8mes : des enjeux aux solutions pour les territoires<\/a><\/td><td class=\"has-text-align-center\" data-align=\"center\">La gestion des terres est un enjeu essentiel de la lutte contre le changement climatique notamment de par leur capacit\u00e9 \u00e0 stocker du carbone dans la v\u00e9g\u00e9tation et les sols. Mais comment puis-je agir \u00e0 mon \u00e9chelle sur mon territoire ?<\/td><td class=\"has-text-align-center\" data-align=\"center\">4 semaines<\/td><td class=\"has-text-align-center\" data-align=\"center\">~1h30\/semaine<\/td><td class=\"has-text-align-center\" data-align=\"center\">Du 15 janv. 2024 au 16 d\u00e9c. 2024<\/td><td class=\"has-text-align-center\" data-align=\"center\">Du 15 janv. 2024 au 15 janv. 2025<\/td><\/tr><\/tbody><\/table><\/figure>\n\n\n\n<p><\/p>\n\n\n\n<p><\/p>\n\n\n\n<p><\/p>\n","protected":false},"excerpt":{"rendered":"<p>France universit\u00e9 num\u00e9rique (FUN) est une plateforme, du minist\u00e8re de l\u2019Enseignement sup\u00e9rieur, qui propose des cours en ligne ouverts et massifs. Le catalogue de cours disponibles est continuellement enrichi pour proposer une vari\u00e9t\u00e9 de formations r\u00e9pondant aux besoins de tous les publics.Vous trouverez ici une s\u00e9lection de cours en ligne susceptibles de vous int\u00e9resser. Intitul\u00e9 &hellip; <\/p>\n<p><a class=\"more-link btn\" href=\"https:\/\/ent2d.ac-bordeaux.fr\/disciplines\/svt\/formations\/les-mooc-fun\/\">Lire la suite<\/a><\/p>\n","protected":false},"author":1614,"featured_media":3520,"parent":4062,"menu_order":3,"comment_status":"closed","ping_status":"closed","template":"","meta":{"footnotes":""},"class_list":["post-3519","page","type-page","status-publish","has-post-thumbnail","hentry","nodate","item-wrap"],"_links":{"self":[{"href":"https:\/\/ent2d.ac-bordeaux.fr\/disciplines\/svt\/wp-json\/wp\/v2\/pages\/3519","targetHints":{"allow":["GET"]}}],"collection":[{"href":"https:\/\/ent2d.ac-bordeaux.fr\/disciplines\/svt\/wp-json\/wp\/v2\/pages"}],"about":[{"href":"https:\/\/ent2d.ac-bordeaux.fr\/disciplines\/svt\/wp-json\/wp\/v2\/types\/page"}],"author":[{"embeddable":true,"href":"https:\/\/ent2d.ac-bordeaux.fr\/disciplines\/svt\/wp-json\/wp\/v2\/users\/1614"}],"replies":[{"embeddable":true,"href":"https:\/\/ent2d.ac-bordeaux.fr\/disciplines\/svt\/wp-json\/wp\/v2\/comments?post=3519"}],"version-history":[{"count":69,"href":"https:\/\/ent2d.ac-bordeaux.fr\/disciplines\/svt\/wp-json\/wp\/v2\/pages\/3519\/revisions"}],"predecessor-version":[{"id":5336,"href":"https:\/\/ent2d.ac-bordeaux.fr\/disciplines\/svt\/wp-json\/wp\/v2\/pages\/3519\/revisions\/5336"}],"up":[{"embeddable":true,"href":"https:\/\/ent2d.ac-bordeaux.fr\/disciplines\/svt\/wp-json\/wp\/v2\/pages\/4062"}],"wp:featuredmedia":[{"embeddable":true,"href":"https:\/\/ent2d.ac-bordeaux.fr\/disciplines\/svt\/wp-json\/wp\/v2\/media\/3520"}],"wp:attachment":[{"href":"https:\/\/ent2d.ac-bordeaux.fr\/disciplines\/svt\/wp-json\/wp\/v2\/media?parent=3519"}],"curies":[{"name":"wp","href":"https:\/\/api.w.org\/{rel}","templated":true}]}}