{"id":3440,"date":"2021-09-23T08:49:05","date_gmt":"2021-09-23T07:49:05","guid":{"rendered":"https:\/\/ent2d.ac-bordeaux.fr\/disciplines\/svt\/?page_id=3440"},"modified":"2023-03-02T21:43:29","modified_gmt":"2023-03-02T20:43:29","slug":"banque-de-sujets-du-dnb","status":"publish","type":"page","link":"https:\/\/ent2d.ac-bordeaux.fr\/disciplines\/svt\/ressources\/banque-de-sujet\/banque-de-sujets-du-dnb\/","title":{"rendered":"Banques de sujets du DNB."},"content":{"rendered":"\n<h2 class=\"wp-block-heading\">Banque du site acad\u00e9mique de Besan\u00e7on<\/h2>\n\n\n\n<p>Cette banque tr\u00e8s compl\u00e8te,  mise en ligne par l\u2019acad\u00e9mie de Besan\u00e7on, regroupe les sujets du DNB de M\u00e9tropole et des Centres \u00c9trangers, le tout <strong><em>class\u00e9 par ann\u00e9e de session<\/em><\/strong>.<\/p>\n\n\n\n<div class=\"wp-block-image\"><figure class=\"aligncenter size-large is-resized\"><a href=\"http:\/\/svt.ac-besancon.fr\/sujets-dnb\/\" target=\"_blank\" rel=\"noopener noreferrer\"><img loading=\"lazy\" decoding=\"async\" src=\"https:\/\/ent2d.ac-bordeaux.fr\/disciplines\/svt\/wp-content\/uploads\/sites\/4\/2021\/09\/banque_dnb.png\" alt=\"\" class=\"wp-image-3441\" width=\"297\" height=\"193\" srcset=\"https:\/\/ent2d.ac-bordeaux.fr\/disciplines\/svt\/wp-content\/uploads\/sites\/4\/2021\/09\/banque_dnb.png 466w, https:\/\/ent2d.ac-bordeaux.fr\/disciplines\/svt\/wp-content\/uploads\/sites\/4\/2021\/09\/banque_dnb-300x195.png 300w\" sizes=\"auto, (max-width: 297px) 100vw, 297px\" \/><\/a><\/figure><\/div>\n\n\n\n<hr class=\"wp-block-separator\" \/>\n\n\n\n<h2 class=\"wp-block-heading\">Une banque de sujet du DNB est disponible sur le site <a rel=\"noreferrer noopener\" href=\"https:\/\/eduscol.education.fr\/711\/preparer-le-dnb-avec-les-sujets-des-annales\" target=\"_blank\">\u00c9duscol<\/a><\/h2>\n\n\n\n<p>Des annales sont propos\u00e9es depuis la session 2018.<\/p>\n\n\n\n<div class=\"wp-block-image\"><figure class=\"aligncenter size-full is-resized\"><a href=\"https:\/\/eduscol.education.fr\/711\/preparer-le-dnb-avec-les-sujets-des-annales\" target=\"_blank\" rel=\"noopener\"><img loading=\"lazy\" decoding=\"async\" src=\"https:\/\/ent2d.ac-bordeaux.fr\/disciplines\/svt\/wp-content\/uploads\/sites\/4\/2023\/03\/image-7.png\" alt=\"\" class=\"wp-image-4552\" width=\"521\" height=\"202\" srcset=\"https:\/\/ent2d.ac-bordeaux.fr\/disciplines\/svt\/wp-content\/uploads\/sites\/4\/2023\/03\/image-7.png 797w, https:\/\/ent2d.ac-bordeaux.fr\/disciplines\/svt\/wp-content\/uploads\/sites\/4\/2023\/03\/image-7-300x116.png 300w, https:\/\/ent2d.ac-bordeaux.fr\/disciplines\/svt\/wp-content\/uploads\/sites\/4\/2023\/03\/image-7-768x298.png 768w\" sizes=\"auto, (max-width: 521px) 100vw, 521px\" \/><\/a><\/figure><\/div>\n\n\n\n<hr class=\"wp-block-separator\" \/>\n\n\n\n<h2 class=\"wp-block-heading\"><a rel=\"noreferrer noopener\" href=\"https:\/\/svt.spip.ac-rouen.fr\/spip.php?article401\" target=\"_blank\">Le site de l\u2019acad\u00e9mie de Rouen<\/a> propose lui aussi une banque de sujet, <strong><em>class\u00e9 par th\u00e8me du programme<\/em><\/strong>.<\/h2>\n","protected":false},"excerpt":{"rendered":"<p>Banque du site acad\u00e9mique de Besan\u00e7on Cette banque tr\u00e8s compl\u00e8te, mise en ligne par l\u2019acad\u00e9mie de Besan\u00e7on, regroupe les sujets du DNB de M\u00e9tropole et des Centres \u00c9trangers, le tout class\u00e9 par ann\u00e9e de session. Une banque de sujet du DNB est disponible sur le site \u00c9duscol Des annales sont propos\u00e9es depuis la session 2018. &hellip; <\/p>\n<p><a class=\"more-link btn\" href=\"https:\/\/ent2d.ac-bordeaux.fr\/disciplines\/svt\/ressources\/banque-de-sujet\/banque-de-sujets-du-dnb\/\">Lire la suite<\/a><\/p>\n","protected":false},"author":1615,"featured_media":0,"parent":4187,"menu_order":1,"comment_status":"closed","ping_status":"closed","template":"","meta":{"footnotes":""},"class_list":["post-3440","page","type-page","status-publish","hentry","nodate","item-wrap"],"_links":{"self":[{"href":"https:\/\/ent2d.ac-bordeaux.fr\/disciplines\/svt\/wp-json\/wp\/v2\/pages\/3440","targetHints":{"allow":["GET"]}}],"collection":[{"href":"https:\/\/ent2d.ac-bordeaux.fr\/disciplines\/svt\/wp-json\/wp\/v2\/pages"}],"about":[{"href":"https:\/\/ent2d.ac-bordeaux.fr\/disciplines\/svt\/wp-json\/wp\/v2\/types\/page"}],"author":[{"embeddable":true,"href":"https:\/\/ent2d.ac-bordeaux.fr\/disciplines\/svt\/wp-json\/wp\/v2\/users\/1615"}],"replies":[{"embeddable":true,"href":"https:\/\/ent2d.ac-bordeaux.fr\/disciplines\/svt\/wp-json\/wp\/v2\/comments?post=3440"}],"version-history":[{"count":16,"href":"https:\/\/ent2d.ac-bordeaux.fr\/disciplines\/svt\/wp-json\/wp\/v2\/pages\/3440\/revisions"}],"predecessor-version":[{"id":4574,"href":"https:\/\/ent2d.ac-bordeaux.fr\/disciplines\/svt\/wp-json\/wp\/v2\/pages\/3440\/revisions\/4574"}],"up":[{"embeddable":true,"href":"https:\/\/ent2d.ac-bordeaux.fr\/disciplines\/svt\/wp-json\/wp\/v2\/pages\/4187"}],"wp:attachment":[{"href":"https:\/\/ent2d.ac-bordeaux.fr\/disciplines\/svt\/wp-json\/wp\/v2\/media?parent=3440"}],"curies":[{"name":"wp","href":"https:\/\/api.w.org\/{rel}","templated":true}]}}