{"id":3362,"date":"2021-09-13T20:44:24","date_gmt":"2021-09-13T19:44:24","guid":{"rendered":"https:\/\/ent2d.ac-bordeaux.fr\/disciplines\/svt\/?page_id=3362"},"modified":"2021-09-13T20:44:24","modified_gmt":"2021-09-13T19:44:24","slug":"des-textes-au-jo-et-au-bo","status":"publish","type":"page","link":"https:\/\/ent2d.ac-bordeaux.fr\/disciplines\/svt\/des-textes-au-jo-et-au-bo\/","title":{"rendered":"Des textes au JO et au BO"},"content":{"rendered":"<table width=\"0\">\n<tbody>\n<tr>\n<td width=\"138\"><strong>Objet<\/strong><\/td>\n<td width=\"278\"><strong>Contenu du texte<\/strong><\/td>\n<td width=\"312\">R\u00e9f\u00e9rence<\/td>\n<td width=\"341\">Commentaires<\/td>\n<\/tr>\n<tr>\n<td width=\"138\"><strong><em>Guide de l\u2019\u00e9valuation <\/em><\/strong><\/td>\n<td width=\"278\"><strong>Ce guide de l\u2019\u00e9valuation au service des apprentissages des lyc\u00e9ens s&rsquo;inscrit dans le prolongement et en compl\u00e9ment de la note de service \u00ab\u00a0Modalit\u00e9s d&rsquo;\u00e9valuation des candidats \u00e0 compter de la session 2022\u00a0\u00bb du 28 juillet 2021 publi\u00e9e au Bulletin officiel du 29 juillet.<\/strong><\/td>\n<td width=\"312\"><a href=\"https:\/\/eduscol.education.fr\/2688\/nouveau-lycee-general-et-technologique-guide-de-l-evaluation\" target=\"_blank\" rel=\"noopener noreferrer\">https:\/\/eduscol.education.fr\/2688\/nouveau-lycee-general-et-technologique-guide-de-l-evaluation<\/a><\/td>\n<td width=\"341\">Il expose \u00e0 la fois des principes communs, des pr\u00e9conisations par discipline et par sp\u00e9cialit\u00e9 ainsi que des pr\u00e9conisations pour le pilotage g\u00e9n\u00e9ral de l\u2019\u00e9valuation.<\/td>\n<\/tr>\n<tr>\n<td width=\"138\"><strong><em>Am\u00e9nagement des programmes pour les \u00e9preuves \u00e9crites du baccalaur\u00e9at<\/em><\/strong><\/td>\n<td width=\"278\"><strong>Adaptation du p\u00e9rim\u00e8tre d&rsquo;\u00e9valuation de l&rsquo;\u00e9preuve de l&rsquo;enseignement de sp\u00e9cialit\u00e9 sciences de la vie et de la Terre de la classe de terminale \u00e0 compter de la session 2022<\/strong><\/td>\n<td width=\"312\"><a href=\"https:\/\/www.education.gouv.fr\/bo\/21\/Hebdo30\/MENE2121276N.htm\" target=\"_blank\" rel=\"noopener noreferrer\">https:\/\/www.education.gouv.fr\/bo\/21\/Hebdo30\/MENE2121276N.htm<\/a><\/td>\n<td width=\"341\">\u00a0<\/td>\n<\/tr>\n<tr>\n<td rowspan=\"3\" width=\"138\"><strong><em>Modifications des modalit\u00e9s du contr\u00f4le continu pour les baccalaur\u00e9ats g\u00e9n\u00e9raux et technologiques<\/em><\/strong><\/td>\n<td width=\"278\"><strong>D\u00e9cret n\u00b0 2021-983 du 27 juillet 2021 modifiant les dispositions du code de l&rsquo;\u00e9ducation relatives au baccalaur\u00e9at g\u00e9n\u00e9ral et au baccalaur\u00e9at technologique<\/strong><\/td>\n<td width=\"312\"><a href=\"https:\/\/www.legifrance.gouv.fr\/jorf\/id\/JORFTEXT000043861382\" target=\"_blank\" rel=\"noopener noreferrer\">https:\/\/www.legifrance.gouv.fr\/jorf\/id\/JORFTEXT000043861382<\/a><\/td>\n<td rowspan=\"3\" width=\"341\">Prise en compte du contr\u00f4le continu en lien avec les modifications des modalit\u00e9s du contr\u00f4le continu\n<p>La part des diff\u00e9rentes disciplines (en %) pour le contr\u00f4le continu est pr\u00e9cis\u00e9e dans le deuxi\u00e8me texte.<\/p>\n<\/td>\n<\/tr>\n<tr>\n<td width=\"278\"><strong>Arr\u00eat\u00e9 du 27 juillet 2021 portant adaptations des modalit\u00e9s d&rsquo;organisation du baccalaur\u00e9at g\u00e9n\u00e9ral et technologique \u00e0 compter de la session 2022<\/strong><\/td>\n<td width=\"312\"><a href=\"https:\/\/www.legifrance.gouv.fr\/jorf\/id\/JORFTEXT000043861610\" target=\"_blank\" rel=\"noopener noreferrer\">https:\/\/www.legifrance.gouv.fr\/jorf\/id\/JORFTEXT000043861610<\/a><\/td>\n<\/tr>\n<tr>\n<td width=\"278\"><strong>Modalit\u00e9s d&rsquo;\u00e9valuation des candidats \u00e0 compter de la session 2022<\/strong><\/td>\n<td width=\"312\"><a href=\"https:\/\/www.education.gouv.fr\/bo\/21\/Hebdo30\/MENE2121270N.htm\" target=\"_blank\" rel=\"noopener noreferrer\">https:\/\/www.education.gouv.fr\/bo\/21\/Hebdo30\/MENE2121270N.htm<\/a><\/td>\n<\/tr>\n<tr>\n<td rowspan=\"3\" width=\"138\"><strong><em>Organisation des enseignements en CPGE TB et BCPST<\/em><\/strong>\n<p>\u00a0<\/p>\n<p><strong><em>\u00a0<\/em><\/strong><\/p>\n<p><strong><em>Programmes des classes pr\u00e9paratoires TB et BCPST<\/em><\/strong><\/p>\n<\/td>\n<td width=\"278\"><strong>Arr\u00eat\u00e9 du 9 juillet 2021 modifiant l&rsquo;arr\u00eat\u00e9 du 3 mai 2005 relatif aux programmes de premi\u00e8re et seconde ann\u00e9es des classes pr\u00e9paratoires scientifiques de la voie Technologie et biologie (TB)<\/strong><\/td>\n<td width=\"312\"><a href=\"https:\/\/www.legifrance.gouv.fr\/jorf\/id\/JORFTEXT000043847764\" target=\"_blank\" rel=\"noopener noreferrer\">https:\/\/www.legifrance.gouv.fr\/jorf\/id\/JORFTEXT000043847764<\/a><\/td>\n<td rowspan=\"3\" width=\"341\">Ensemble des textes qui d\u00e9finissent les modalit\u00e9s d\u2019enseignement et les programmes en CPGE.\n<p>\u00a0<\/p>\n<p>Mise en place des programmes de premi\u00e8re ann\u00e9e \u00e0 la rentr\u00e9e de septembre 2021<\/p>\n<p>Mise en place des programmes de deuxi\u00e8me ann\u00e9e \u00e0 la rentr\u00e9e de septembre 2022<\/p>\n<\/td>\n<\/tr>\n<tr>\n<td width=\"278\"><strong>Programmes de premi\u00e8re et seconde ann\u00e9es des classes pr\u00e9paratoires scientifiques de la voie Technologie et biologie (TB) : modification<\/strong><\/td>\n<td width=\"312\"><a href=\"https:\/\/www.education.gouv.fr\/bo\/21\/Hebdo30\/ESRS2111618A.htm\" target=\"_blank\" rel=\"noopener noreferrer\">https:\/\/www.education.gouv.fr\/bo\/21\/Hebdo30\/ESRS2111618A.htm<\/a><\/td>\n<\/tr>\n<tr>\n<td width=\"278\"><strong>Programmes et horaire hebdomadaire de la classe pr\u00e9paratoire scientifique Biologie, chimie, physique et sciences de la Terre (BCPST)<\/strong><\/td>\n<td width=\"312\"><a href=\"https:\/\/www.education.gouv.fr\/bo\/21\/Hebdo26\/ESRH2108111A.htm\" target=\"_blank\" rel=\"noopener noreferrer\">https:\/\/www.education.gouv.fr\/bo\/21\/Hebdo26\/ESRH2108111A.htm<\/a><\/td>\n<\/tr>\n<tr>\n<td width=\"138\"><strong><em>Fonction de professeur principal de \u00ab\u00a0groupe d\u2019\u00e9l\u00e8ves\u00a0\u00bb<\/em><\/strong><\/td>\n<td width=\"278\"><strong>D\u00e9cret n\u00b0 2021-954 du 19 juillet 2021 modifiant les dispositions du code de l&rsquo;\u00e9ducation pour d\u00e9finir la fonction de professeur principal et de professeur r\u00e9f\u00e9rent de groupe d&rsquo;\u00e9l\u00e8ves<\/strong><\/td>\n<td width=\"312\"><a href=\"https:\/\/www.legifrance.gouv.fr\/jorf\/id\/JORFTEXT000043806008\" target=\"_blank\" rel=\"noopener noreferrer\">https:\/\/www.legifrance.gouv.fr\/jorf\/id\/JORFTEXT000043806008<\/a><\/td>\n<td width=\"341\">\u00a0<\/td>\n<\/tr>\n<tr>\n<td rowspan=\"3\" width=\"138\"><strong><em>Epreuves ponctuelles du BACCALAUREAT<\/em><\/strong><\/td>\n<td width=\"278\"><strong>\u00a0L&rsquo;\u00e9preuve orale dit Grand oral de la classe de terminale de la voie g\u00e9n\u00e9rale \u00e0 compter de la session 2022<\/strong><\/td>\n<td width=\"312\"><a href=\"https:\/\/www.education.gouv.fr\/bo\/21\/Hebdo31\/MENE2121378N.htm\" target=\"_blank\" rel=\"noopener noreferrer\">https:\/\/www.education.gouv.fr\/bo\/21\/Hebdo31\/MENE2121378N.htm<\/a><\/td>\n<td width=\"341\">\u00a0<\/td>\n<\/tr>\n<tr>\n<td width=\"278\"><strong>Evaluations ponctuelles pour l&rsquo;enseignement scientifique \u00e0 compter de la session 2022<\/strong><\/td>\n<td width=\"312\"><a href=\"https:\/\/www.education.gouv.fr\/bo\/21\/Hebdo31\/MENE2121385N.htm\" target=\"_blank\" rel=\"noopener noreferrer\">https:\/\/www.education.gouv.fr\/bo\/21\/Hebdo31\/MENE2121385N.htm<\/a><\/td>\n<td rowspan=\"2\" width=\"341\">\n<p>Evaluation pour les candidats libres et\/ ou pour les candidats scolaires sans notes de contr\u00f4le continu<\/p>\n<\/td>\n<\/tr>\n<tr>\n<td width=\"278\"><strong>Evaluations ponctuelles dans l&rsquo;enseignement de sp\u00e9cialit\u00e9 suivi uniquement pendant la classe de premi\u00e8re de la voie g\u00e9n\u00e9rale \u00e0 compter de la session 2023 <\/strong><\/td>\n<td width=\"312\"><a href=\"https:\/\/www.education.gouv.fr\/bo\/21\/Hebdo31\/MENE2121284N.htm\" target=\"_blank\" rel=\"noopener noreferrer\">https:\/\/www.education.gouv.fr\/bo\/21\/Hebdo31\/MENE2121284N.htm<\/a><\/td>\n<\/tr>\n<\/tbody>\n<\/table>\n\n\n<p><\/p>\n","protected":false},"excerpt":{"rendered":"<p>Objet Contenu du texte R\u00e9f\u00e9rence Commentaires Guide de l\u2019\u00e9valuation Ce guide de l\u2019\u00e9valuation au service des apprentissages des lyc\u00e9ens s&rsquo;inscrit dans le prolongement et en compl\u00e9ment de la note de service \u00ab\u00a0Modalit\u00e9s d&rsquo;\u00e9valuation des candidats \u00e0 compter de la session 2022\u00a0\u00bb du 28 juillet 2021 publi\u00e9e au Bulletin officiel du 29 juillet. https:\/\/eduscol.education.fr\/2688\/nouveau-lycee-general-et-technologique-guide-de-l-evaluation Il expose &hellip; <\/p>\n<p><a class=\"more-link btn\" href=\"https:\/\/ent2d.ac-bordeaux.fr\/disciplines\/svt\/des-textes-au-jo-et-au-bo\/\">Lire la suite<\/a><\/p>\n","protected":false},"author":1615,"featured_media":0,"parent":0,"menu_order":0,"comment_status":"closed","ping_status":"closed","template":"","meta":{"footnotes":""},"class_list":["post-3362","page","type-page","status-publish","hentry","nodate","item-wrap"],"_links":{"self":[{"href":"https:\/\/ent2d.ac-bordeaux.fr\/disciplines\/svt\/wp-json\/wp\/v2\/pages\/3362","targetHints":{"allow":["GET"]}}],"collection":[{"href":"https:\/\/ent2d.ac-bordeaux.fr\/disciplines\/svt\/wp-json\/wp\/v2\/pages"}],"about":[{"href":"https:\/\/ent2d.ac-bordeaux.fr\/disciplines\/svt\/wp-json\/wp\/v2\/types\/page"}],"author":[{"embeddable":true,"href":"https:\/\/ent2d.ac-bordeaux.fr\/disciplines\/svt\/wp-json\/wp\/v2\/users\/1615"}],"replies":[{"embeddable":true,"href":"https:\/\/ent2d.ac-bordeaux.fr\/disciplines\/svt\/wp-json\/wp\/v2\/comments?post=3362"}],"version-history":[{"count":11,"href":"https:\/\/ent2d.ac-bordeaux.fr\/disciplines\/svt\/wp-json\/wp\/v2\/pages\/3362\/revisions"}],"predecessor-version":[{"id":3374,"href":"https:\/\/ent2d.ac-bordeaux.fr\/disciplines\/svt\/wp-json\/wp\/v2\/pages\/3362\/revisions\/3374"}],"wp:attachment":[{"href":"https:\/\/ent2d.ac-bordeaux.fr\/disciplines\/svt\/wp-json\/wp\/v2\/media?parent=3362"}],"curies":[{"name":"wp","href":"https:\/\/api.w.org\/{rel}","templated":true}]}}