{"id":3353,"date":"2021-09-13T17:36:58","date_gmt":"2021-09-13T16:36:58","guid":{"rendered":"https:\/\/ent2d.ac-bordeaux.fr\/disciplines\/svt\/?page_id=3353"},"modified":"2022-09-02T16:50:31","modified_gmt":"2022-09-02T15:50:31","slug":"inspection","status":"publish","type":"page","link":"https:\/\/ent2d.ac-bordeaux.fr\/disciplines\/svt\/inspection\/","title":{"rendered":"Inspection"},"content":{"rendered":"\n<h3 class=\"wp-block-heading\"><strong>Jean-Marc MOULLET, <\/strong>Inspecteur G\u00e9n\u00e9ral de l\u2019Education Nationale est le doyen du groupe STVST<\/h3>\n\n\n\n<h3 class=\"wp-block-heading\"><strong>Bertrand PAJOT,<\/strong> Inspecteur G\u00e9n\u00e9ral de l\u2019Education Nationale, a en responsabilit\u00e9 notre acad\u00e9mie.<\/h3>\n\n\n\n<h3 class=\"wp-block-heading\">Les responsabilit\u00e9s de l\u2019inspection p\u00e9dagogique r\u00e9gionale se r\u00e9partissent comme suit&nbsp;:<\/h3>\n\n\n\n<figure class=\"wp-block-table is-style-stripes\"><table><thead><tr><th class=\"has-text-align-left\" data-align=\"left\"> <span class=\"has-inline-color has-luminous-vivid-orange-color\"><strong>Zones d\u2019animation p\u00e9dagogiques<\/strong><\/span> <\/th><th class=\"has-text-align-center\" data-align=\"center\"> <strong><span class=\"has-inline-color has-luminous-vivid-orange-color\">Inspecteurs<\/span><\/strong> <\/th><\/tr><\/thead><tbody><tr><td class=\"has-text-align-left\" data-align=\"left\"><strong>24 : Est-Dordogne<br>33 : Bordeaux Centre, Gradignan-Talence, Sud Gironde-<br>Sud Entre deux Mers,<br>40 : Dax et Mont de Marsan<br>64 : ensemble du d\u00e9partement.<\/strong><\/td><td class=\"has-text-align-center\" data-align=\"center\"><strong>F. BLANC<\/strong> <br><a rel=\"noreferrer noopener\" href=\"mailto:frederic.blanc2@ac-bordeaux.fr\" target=\"_blank\"><strong>frederic.blanc2@ac-bordeaux.fr<\/strong><\/a><\/td><\/tr><tr><td class=\"has-text-align-left\" data-align=\"left\"><strong>24&nbsp;: Nord Dordogne, Ouest Dordogne<\/strong> <strong>&nbsp;<\/strong><\/td><td class=\"has-text-align-center\" data-align=\"center\"><strong>B. FORESTIER<\/strong> <br><a rel=\"noreferrer noopener\" href=\"mailto:bruno.forestier@ac-bordeaux.fr\" target=\"_blank\"><strong>bruno.forestier@ac-bordeaux.fr<\/strong><\/a><\/td><\/tr><tr><td class=\"has-text-align-left\" data-align=\"left\"><strong>24 : Bergerac et P\u00e9rigueux<br>33 : Arcachon, Blaye, B\u00e8gles-Lormont, Bordeaux-St Medard en Jalles, Bordeaux-M\u00e9rignac, Libourne, Medoc.<br>47 : ensemble du d\u00e9partement.<br>40 : Parentis<\/strong><\/td><td class=\"has-text-align-center\" data-align=\"center\"><strong>F. SALLETTE <\/strong><br><strong><a rel=\"noreferrer noopener\" href=\"mailto:fabienne.sallette@ac-bordeaux.fr\" target=\"_blank\">fabienne.sallette@ac-bordeaux.fr<\/a><\/strong><\/td><\/tr><tr><td class=\"has-text-align-left\" data-align=\"left\">&nbsp;<\/td><td class=\"has-text-align-center\" data-align=\"center\"><strong><span class=\"has-inline-color has-luminous-vivid-orange-color\">Charg\u00e9es de mission d\u2019inspection<\/span><\/strong><\/td><\/tr><tr><td class=\"has-text-align-left\" data-align=\"left\">&nbsp;<\/td><td class=\"has-text-align-center\" data-align=\"center\"><strong>Kathia Chauvet-Bayle<\/strong><br><strong>Bertrand Duval<\/strong><br><strong>Pierre-Yves Hiquet<\/strong><\/td><\/tr><\/tbody><\/table><\/figure>\n","protected":false},"excerpt":{"rendered":"<p>Jean-Marc MOULLET, Inspecteur G\u00e9n\u00e9ral de l\u2019Education Nationale est le doyen du groupe STVST Bertrand PAJOT, Inspecteur G\u00e9n\u00e9ral de l\u2019Education Nationale, a en responsabilit\u00e9 notre acad\u00e9mie. Les responsabilit\u00e9s de l\u2019inspection p\u00e9dagogique r\u00e9gionale se r\u00e9partissent comme suit&nbsp;: Zones d\u2019animation p\u00e9dagogiques Inspecteurs 24 : Est-Dordogne33 : Bordeaux Centre, Gradignan-Talence, Sud Gironde-Sud Entre deux Mers,40 : Dax et Mont &hellip; <\/p>\n<p><a class=\"more-link btn\" href=\"https:\/\/ent2d.ac-bordeaux.fr\/disciplines\/svt\/inspection\/\">Lire la suite<\/a><\/p>\n","protected":false},"author":1615,"featured_media":0,"parent":0,"menu_order":0,"comment_status":"closed","ping_status":"closed","template":"","meta":{"footnotes":""},"class_list":["post-3353","page","type-page","status-publish","hentry","nodate","item-wrap"],"_links":{"self":[{"href":"https:\/\/ent2d.ac-bordeaux.fr\/disciplines\/svt\/wp-json\/wp\/v2\/pages\/3353","targetHints":{"allow":["GET"]}}],"collection":[{"href":"https:\/\/ent2d.ac-bordeaux.fr\/disciplines\/svt\/wp-json\/wp\/v2\/pages"}],"about":[{"href":"https:\/\/ent2d.ac-bordeaux.fr\/disciplines\/svt\/wp-json\/wp\/v2\/types\/page"}],"author":[{"embeddable":true,"href":"https:\/\/ent2d.ac-bordeaux.fr\/disciplines\/svt\/wp-json\/wp\/v2\/users\/1615"}],"replies":[{"embeddable":true,"href":"https:\/\/ent2d.ac-bordeaux.fr\/disciplines\/svt\/wp-json\/wp\/v2\/comments?post=3353"}],"version-history":[{"count":7,"href":"https:\/\/ent2d.ac-bordeaux.fr\/disciplines\/svt\/wp-json\/wp\/v2\/pages\/3353\/revisions"}],"predecessor-version":[{"id":3767,"href":"https:\/\/ent2d.ac-bordeaux.fr\/disciplines\/svt\/wp-json\/wp\/v2\/pages\/3353\/revisions\/3767"}],"wp:attachment":[{"href":"https:\/\/ent2d.ac-bordeaux.fr\/disciplines\/svt\/wp-json\/wp\/v2\/media?parent=3353"}],"curies":[{"name":"wp","href":"https:\/\/api.w.org\/{rel}","templated":true}]}}