{"id":3243,"date":"2021-06-24T20:35:44","date_gmt":"2021-06-24T19:35:44","guid":{"rendered":"https:\/\/ent2d.ac-bordeaux.fr\/disciplines\/svt\/?page_id=3243"},"modified":"2024-05-04T10:02:08","modified_gmt":"2024-05-04T09:02:08","slug":"agregation-interne-2","status":"publish","type":"page","link":"https:\/\/ent2d.ac-bordeaux.fr\/disciplines\/svt\/formations\/examens-et-concours\/agregation-interne-2\/","title":{"rendered":"Pr\u00e9paration \u00e0 l\u2019agr\u00e9gation interne de SV-STU"},"content":{"rendered":"\n<h2 class=\"wp-block-heading\">Pour les enseignants du public :<\/h2>\n\n\n\n<p>Depuis la rentr\u00e9e 2021, l&rsquo;EAFC &nbsp;(ex DAFPEN) met en place une pr\u00e9paration \u00e0 l\u2019agr\u00e9gation interne de SV-STU.&nbsp; Cette formation est notamment compos\u00e9e :<\/p>\n\n\n\n<ul class=\"wp-block-list\">\n<li>de pr\u00e9sentiels d\u2019actualisation des connaissances scientifiques et p\u00e9dagogiques intenses : 2 jours fin ao\u00fbt et 3 jours au d\u00e9but des vacances d\u2019automne ;<\/li>\n\n\n\n<li>de temps hebdomadaires d\u2019\u00e9changes et de travaux \u00e0 distance, \u00e0 raison de deux \u00e0 trois heures en distanciel, en g\u00e9n\u00e9ral le mercredi apr\u00e8s-midi, de septembre \u00e0 janvier (sauf durant les p\u00e9riodes de vacances scolaires) ;<\/li>\n\n\n\n<li>un suivi individualis\u00e9 (par un formateur tuteur) ;<\/li>\n\n\n\n<li>de deux \u00e9preuves blanches d\u2019entra\u00eenement en novembre ;<\/li>\n\n\n\n<li>de temps de pr\u00e9paration \u00e0 l\u2019oral en mars-avril, les mercredis.<\/li>\n<\/ul>\n\n\n\n<p>\ud83d\udcdd <span style=\"text-decoration: underline\"><strong>Note :<\/strong><\/span> Cette pr\u00e9paration \u00e0 l&rsquo;agr\u00e9gation interne de SV-STU, exigeante, est ouverte aux enseignants du\u00a0<span style=\"text-decoration: underline\">public<\/span>, en poste dans l&rsquo;acad\u00e9mie (\u00e0 la rentr\u00e9e), et qui satisfont aux conditions d&rsquo;inscription au concours : titulaire, 5 ann\u00e9es de fonction publique, etc.<strong> <em>Plus d&rsquo;informations <a href=\"https:\/\/www.devenirenseignant.gouv.fr\/enseigner-dans-les-classes-preparatoires-au-college-ou-au-lycee-et-dans-les-etablissements-de-142\">ici<\/a><\/em><\/strong><\/p>\n\n\n\n<p>Nous vous informons que la p\u00e9riode de pr\u00e9-inscription \u00e0 cette formation est ouverte du\u00a0jeudi<strong> 2 mai au vendredi 31 mai 202<\/strong>4 (au soir). Si vous \u00eates int\u00e9ress\u00e9, il vous est demand\u00e9 de renseigner le formulaire en ligne \u00e0 partir du lien suivant <a href=\"https:\/\/ppe.orion.education.fr\/nouvelleaquitaine\/itw\/answer\/s\/nJPOtjWJZx\/k\/AgregationInterne2025\">https:\/\/ppe.orion.education.fr\/nouvelleaquitaine\/itw\/answer\/s\/nJPOtjWJZx\/k\/AgregationInterne2025<\/a><\/p>\n\n\n\n<p>Nous attirons votre attention sur le fait que le suivi de cette formation rel\u00e8ve d\u2019un r\u00e9el investissement, exigeant, mais profitable \u00e0 tous, dans un cadre d\u2019\u00e9changes et de collaboration avec les autres stagiaires.<\/p>\n\n\n\n<p>L\u2019inscription \u00e0 la PAI implique une obligation de suivi.<\/p>\n\n\n\n<p>Les enseignants qui veulent signaler un probl\u00e8me de saisie sur la plateforme Interview \u00e9crivent \u00e0 l&rsquo;adresse suivante :\u00a0 <a href=\"mailto:eafc-prepa-concours@ac-bordeaux.fr\">eafc-prepa-concours@ac-bordeaux.fr<\/a>, sujet : \u00ab\u00a0Agr\u00e9gation interne\u00a0\u00bb<\/p>\n\n\n\n<p>Au sein de l\u2019\u00e9quipe d\u2019inspection, Mme Fabienne SALETTE sera votre interlocutrice privil\u00e9gi\u00e9e pour toute question relative \u00e0 ce dossier :<\/p>\n\n\n\n<p>Fabienne SALLETTE<br>Inspectrice d\u2019Acad\u00e9mie<br>Inspectrice P\u00e9dagogique R\u00e9gionale de SVT<br>prenom.nom@ac-bordeaux.fr<\/p>\n\n\n\n<h3 class=\"wp-block-heading\">Contact formateur :<\/h3>\n\n\n\n<p>Fabrice BOUCHET : prenom.nom@ac-bordeaux.fr<\/p>\n\n\n\n<hr class=\"wp-block-separator has-alpha-channel-opacity\" \/>\n\n\n\n<h2 class=\"wp-block-heading\">Pour les enseignants du priv\u00e9 :<\/h2>\n\n\n\n<p>L\u2019ISFEC Fran\u00e7ois d\u2019Assise propose, pour les coll\u00e8gues de l\u2019enseignement priv\u00e9 sous contrat, trois parcours de formations en fonction des disponibilit\u00e9s de chacun et de votre exp\u00e9rience vis-\u00e0-vis du concours&nbsp; :&nbsp;<\/p>\n\n\n\n<p>Ann\u00e9e 0 :&nbsp;<em>Formation en distanciel<\/em>.<\/p>\n\n\n\n<p>Ann\u00e9e 1 :&nbsp;<em>Formation en distanciel et en pr\u00e9sentiel<\/em>.<\/p>\n\n\n\n<p>Ann\u00e9e 2 :&nbsp;<em>Formation en distanciel<\/em>.<\/p>\n\n\n\n<p>Des conf\u00e9rences scientifiques et des entra\u00eenements aux expos\u00e9s rythmeront chacun des parcours.<\/p>\n\n\n\n<p>Pour plus de d\u00e9tails sur ces parcours (pr\u00e9sentiel \u2013 distanciel, charges horaires)&nbsp;:&nbsp;<a href=\"https:\/\/youtu.be\/FXUtMstHmZw\">https:\/\/youtu.be\/FXUtMstHmZw<\/a><\/p>\n\n\n\n<p>Vous trouverez toutes les informations et les conditions d\u2019inscription sur le lien du site Formiris :&nbsp;<a rel=\"noreferrer noopener\" href=\"https:\/\/www.formiris.org\/actualites\/national\/concours-caerpa\" target=\"_blank\">https:\/\/www.formiris.org\/actualites\/national\/concours-caerpa<\/a><\/p>\n\n\n\n<p>Ces parcours sont ouverts au niveau national : chaque ann\u00e9e, nous accueillons des coll\u00e8gues de la France enti\u00e8re, d\u00e9partements et r\u00e9gions d\u2019outre-mer et collectivit\u00e9s d\u2019outre-mer inclus.&nbsp;<\/p>\n\n\n\n<p>Le suivi de cette formation rel\u00e8ve d\u2019un r\u00e9el investissement, exigeant mais profitable \u00e0 tous, dans un cadre d\u2019\u00e9changes et de collaboration avec les autres stagiaires.<\/p>\n\n\n\n<p>Mr. Bruno LAVIGNE sera votre interlocuteur privil\u00e9gi\u00e9e pour toute question relative \u00e0 ce dossier :<\/p>\n\n\n\n<h3 class=\"wp-block-heading\">Contact :<\/h3>\n\n\n\n<p>Bruno LAVIGNE<br>Enseignant de SVT \u2013 Lyc\u00e9e Sainte Marie Bastide \u2013 Bordeaux<br>Coordinateur du parcours CAER SVT<br><a rel=\"noreferrer noopener\" href=\"mailto:Bruno.Lavigne@ac-bordeaux.fr\" target=\"_blank\">Bruno.Lavigne@ac-bordeaux.fr<\/a><\/p>\n","protected":false},"excerpt":{"rendered":"<p>Pour les enseignants du public : Depuis la rentr\u00e9e 2021, l&rsquo;EAFC &nbsp;(ex DAFPEN) met en place une pr\u00e9paration \u00e0 l\u2019agr\u00e9gation interne de SV-STU.&nbsp; Cette formation est notamment compos\u00e9e : \ud83d\udcdd Note : Cette pr\u00e9paration \u00e0 l&rsquo;agr\u00e9gation interne de SV-STU, exigeante, est ouverte aux enseignants du\u00a0public, en poste dans l&rsquo;acad\u00e9mie (\u00e0 la rentr\u00e9e), et qui satisfont &hellip; <\/p>\n<p><a class=\"more-link btn\" href=\"https:\/\/ent2d.ac-bordeaux.fr\/disciplines\/svt\/formations\/examens-et-concours\/agregation-interne-2\/\">Lire la suite<\/a><\/p>\n","protected":false},"author":1615,"featured_media":0,"parent":4130,"menu_order":2,"comment_status":"closed","ping_status":"closed","template":"","meta":{"footnotes":""},"class_list":["post-3243","page","type-page","status-publish","hentry","nodate","item-wrap"],"_links":{"self":[{"href":"https:\/\/ent2d.ac-bordeaux.fr\/disciplines\/svt\/wp-json\/wp\/v2\/pages\/3243","targetHints":{"allow":["GET"]}}],"collection":[{"href":"https:\/\/ent2d.ac-bordeaux.fr\/disciplines\/svt\/wp-json\/wp\/v2\/pages"}],"about":[{"href":"https:\/\/ent2d.ac-bordeaux.fr\/disciplines\/svt\/wp-json\/wp\/v2\/types\/page"}],"author":[{"embeddable":true,"href":"https:\/\/ent2d.ac-bordeaux.fr\/disciplines\/svt\/wp-json\/wp\/v2\/users\/1615"}],"replies":[{"embeddable":true,"href":"https:\/\/ent2d.ac-bordeaux.fr\/disciplines\/svt\/wp-json\/wp\/v2\/comments?post=3243"}],"version-history":[{"count":15,"href":"https:\/\/ent2d.ac-bordeaux.fr\/disciplines\/svt\/wp-json\/wp\/v2\/pages\/3243\/revisions"}],"predecessor-version":[{"id":5324,"href":"https:\/\/ent2d.ac-bordeaux.fr\/disciplines\/svt\/wp-json\/wp\/v2\/pages\/3243\/revisions\/5324"}],"up":[{"embeddable":true,"href":"https:\/\/ent2d.ac-bordeaux.fr\/disciplines\/svt\/wp-json\/wp\/v2\/pages\/4130"}],"wp:attachment":[{"href":"https:\/\/ent2d.ac-bordeaux.fr\/disciplines\/svt\/wp-json\/wp\/v2\/media?parent=3243"}],"curies":[{"name":"wp","href":"https:\/\/api.w.org\/{rel}","templated":true}]}}