{"id":3233,"date":"2021-06-24T20:30:30","date_gmt":"2021-06-24T19:30:30","guid":{"rendered":"https:\/\/ent2d.ac-bordeaux.fr\/disciplines\/svt\/?page_id=3233"},"modified":"2025-10-01T16:13:47","modified_gmt":"2025-10-01T15:13:47","slug":"capes-interne-2","status":"publish","type":"page","link":"https:\/\/ent2d.ac-bordeaux.fr\/disciplines\/svt\/formations\/examens-et-concours\/capes-interne-2\/","title":{"rendered":"CAPES interne"},"content":{"rendered":"\n<h3 class=\"wp-block-heading\"><span style=\"text-decoration: underline\">Rentr\u00e9e 2025\/2026<\/span><\/h3>\n\n\n\n<h4 class=\"wp-block-heading\">La pr\u00e9paration au CAPES interne de SVT sera reconduite dans notre acad\u00e9mie \u00e0 la rentr\u00e9e prochaine, pour les enseignants contractuels. Elle sera notamment compos\u00e9e de :<\/h4>\n\n\n\n<p>Points Forts du Programme de Pr\u00e9paration :<\/p>\n\n\n\n<ul class=\"wp-block-list\">\n<li><strong>D\u00e9veloppement de Comp\u00e9tences Professionnelles <\/strong>: Le programme de pr\u00e9paration met l&rsquo;accent sur l&rsquo;acquisition et le perfectionnement des comp\u00e9tences professionnelles. Lors de l&rsquo;accompagnement \u00e0 la pr\u00e9paration du RAEP (Reconnaissance des Acquis de l&rsquo;Exp\u00e9rience Professionnelle), les candidats b\u00e9n\u00e9ficieront de regards crois\u00e9s sur leurs pratiques p\u00e9dagogiques, favorisant ainsi une am\u00e9lioration continue de leurs m\u00e9thodes d&rsquo;enseignement.<\/li>\n<\/ul>\n\n\n\n<ul class=\"wp-block-list\">\n<li><strong>Entra\u00eenement \u00e0 l&rsquo;\u00c9preuve Orale :<\/strong> L&rsquo;entra\u00eenement \u00e0 l&rsquo;\u00e9preuve orale constitue un moment cl\u00e9 de la pr\u00e9paration. C&rsquo;est une occasion unique pour les candidats d&rsquo;\u00e9changer entre pairs, ce qui permet \u00e0 chacun de progresser tant sur le plan p\u00e9dagogique que scientifique.<\/li>\n<\/ul>\n\n\n\n<ul class=\"wp-block-list\">\n<li><strong>Pr\u00e9paration \u00c9chelonn\u00e9e sur Deux Ans <\/strong>: La pr\u00e9paration au concours peut s&rsquo;\u00e9taler sur une p\u00e9riode de deux ans. Cette approche offre aux candidats la possibilit\u00e9 d&rsquo;acqu\u00e9rir les comp\u00e9tences sp\u00e9cifiques requises pour les \u00e9preuves du CAPES interne de mani\u00e8re plus sereine, tout en continuant \u00e0 exercer leurs fonctions.<\/li>\n<\/ul>\n\n\n\n<p><\/p>\n\n\n<iframe loading=\"lazy\" src=\"https:\/\/ladigitale.dev\/digiquiz\/q\/68dd4178d63b8\" title=\"\" width=\"80%\" height=\"450\" scrolling=\"yes\" frameborder=\"0\" marginheight=\"0\" allowFullScreen=\"true\"><a href=\"https:\/\/ladigitale.dev\/digiquiz\/q\/68dd4178d63b8\" target=\"_blank\">https:\/\/ladigitale.dev\/digiquiz\/q\/68dd4178d63b8<\/a><\/iframe>\n\n\n\n<p><\/p>\n\n\n\n<p>Pour tout renseignement compl\u00e9mentaire, vous pouvez vous adresser aux deux enseignants responsables qui assurent le suivi de la pr\u00e9paration au CAPES interne SVT :<\/p>\n\n\n\n<p>Bonnet Myriam&nbsp;:&nbsp;<a href=\"mailto:Myriam.Bonnet@ac-bordeaux.fr\">Myriam.Bonnet@ac-bordeaux.fr<\/a><br>Duval Bertrand&nbsp;:&nbsp;<a href=\"mailto:bertrand.Duval@ac-bordeaux.fr\">bertrand.Duval@ac-bordeaux.fr<\/a>&nbsp;<\/p>\n","protected":false},"excerpt":{"rendered":"<p>Rentr\u00e9e 2025\/2026 La pr\u00e9paration au CAPES interne de SVT sera reconduite dans notre acad\u00e9mie \u00e0 la rentr\u00e9e prochaine, pour les enseignants contractuels. Elle sera notamment compos\u00e9e de : Points Forts du Programme de Pr\u00e9paration : Pour tout renseignement compl\u00e9mentaire, vous pouvez vous adresser aux deux enseignants responsables qui assurent le suivi de la pr\u00e9paration au &hellip; <\/p>\n<p><a class=\"more-link btn\" href=\"https:\/\/ent2d.ac-bordeaux.fr\/disciplines\/svt\/formations\/examens-et-concours\/capes-interne-2\/\">Lire la suite<\/a><\/p>\n","protected":false},"author":1615,"featured_media":0,"parent":4130,"menu_order":1,"comment_status":"closed","ping_status":"closed","template":"","meta":{"footnotes":""},"class_list":["post-3233","page","type-page","status-publish","hentry","nodate","item-wrap"],"_links":{"self":[{"href":"https:\/\/ent2d.ac-bordeaux.fr\/disciplines\/svt\/wp-json\/wp\/v2\/pages\/3233","targetHints":{"allow":["GET"]}}],"collection":[{"href":"https:\/\/ent2d.ac-bordeaux.fr\/disciplines\/svt\/wp-json\/wp\/v2\/pages"}],"about":[{"href":"https:\/\/ent2d.ac-bordeaux.fr\/disciplines\/svt\/wp-json\/wp\/v2\/types\/page"}],"author":[{"embeddable":true,"href":"https:\/\/ent2d.ac-bordeaux.fr\/disciplines\/svt\/wp-json\/wp\/v2\/users\/1615"}],"replies":[{"embeddable":true,"href":"https:\/\/ent2d.ac-bordeaux.fr\/disciplines\/svt\/wp-json\/wp\/v2\/comments?post=3233"}],"version-history":[{"count":28,"href":"https:\/\/ent2d.ac-bordeaux.fr\/disciplines\/svt\/wp-json\/wp\/v2\/pages\/3233\/revisions"}],"predecessor-version":[{"id":5430,"href":"https:\/\/ent2d.ac-bordeaux.fr\/disciplines\/svt\/wp-json\/wp\/v2\/pages\/3233\/revisions\/5430"}],"up":[{"embeddable":true,"href":"https:\/\/ent2d.ac-bordeaux.fr\/disciplines\/svt\/wp-json\/wp\/v2\/pages\/4130"}],"wp:attachment":[{"href":"https:\/\/ent2d.ac-bordeaux.fr\/disciplines\/svt\/wp-json\/wp\/v2\/media?parent=3233"}],"curies":[{"name":"wp","href":"https:\/\/api.w.org\/{rel}","templated":true}]}}