{"id":2929,"date":"2020-07-01T12:46:12","date_gmt":"2020-07-01T11:46:12","guid":{"rendered":"https:\/\/ent2d.ac-bordeaux.fr\/disciplines\/svt\/?page_id=2929"},"modified":"2020-07-01T13:29:34","modified_gmt":"2020-07-01T12:29:34","slug":"articles-a-telecharger","status":"publish","type":"page","link":"https:\/\/ent2d.ac-bordeaux.fr\/disciplines\/svt\/ressources\/scientifiques\/conferences-scientifiques\/questionner-la-notion-despece-en-sappuyant-sur-les-apports-modernes-du-sequencage-de-ladn\/articles-a-telecharger\/","title":{"rendered":"Articles \u00e0 t\u00e9l\u00e9charger"},"content":{"rendered":"\n<div class=\"wp-block-file\"><a href=\"https:\/\/ent2d.ac-bordeaux.fr\/disciplines\/svt\/wp-content\/uploads\/sites\/4\/2020\/07\/BDM30VF_33_Samyn.pdf\" target=\"_blank\" rel=\"noreferrer noopener\">Les principes de la nomenclature zoologique : exemple des holothuries<\/a><a href=\"https:\/\/ent2d.ac-bordeaux.fr\/disciplines\/svt\/wp-content\/uploads\/sites\/4\/2020\/07\/BDM30VF_33_Samyn.pdf\" class=\"wp-block-file__button\" download>T\u00e9l\u00e9charger<\/a><\/div>\n\n\n\n<div class=\"wp-block-file\"><a href=\"https:\/\/ent2d.ac-bordeaux.fr\/disciplines\/svt\/wp-content\/uploads\/sites\/4\/2020\/07\/Haxaire-Rougerie-Mielke-Kitching-2015-Manduca-exiguus.pdf\" target=\"_blank\" rel=\"noreferrer noopener\"><em>Manduca exiguus<\/em> (Gehlen, 1942): a valid species from southern and southeastern Brazil, Uruguay and northeastern Argentina (Lepidoptera: Sphingidae)<\/a><a href=\"https:\/\/ent2d.ac-bordeaux.fr\/disciplines\/svt\/wp-content\/uploads\/sites\/4\/2020\/07\/Haxaire-Rougerie-Mielke-Kitching-2015-Manduca-exiguus.pdf\" class=\"wp-block-file__button\" download>T\u00e9l\u00e9charger<\/a><\/div>\n\n\n\n<div class=\"wp-block-file\"><a href=\"https:\/\/ent2d.ac-bordeaux.fr\/disciplines\/svt\/wp-content\/uploads\/sites\/4\/2020\/07\/Hybride_collardi.pdf\" target=\"_blank\" rel=\"noreferrer noopener\">DNA barcodes and morphology reveal a hybrid hawkmoth in Tahiti (Lepidoptera : Sphingidae)<\/a><a href=\"https:\/\/ent2d.ac-bordeaux.fr\/disciplines\/svt\/wp-content\/uploads\/sites\/4\/2020\/07\/Hybride_collardi.pdf\" class=\"wp-block-file__button\" download>T\u00e9l\u00e9charger<\/a><\/div>\n\n\n\n<div class=\"wp-block-file\"><a href=\"https:\/\/ent2d.ac-bordeaux.fr\/disciplines\/svt\/wp-content\/uploads\/sites\/4\/2020\/07\/Narita-et-al-2006-Wolbachia-in-Eurema-Mol-Ecol-15-1095-1108-2.pdf\" target=\"_blank\" rel=\"noreferrer noopener\">Genetic structure of sibling butterfly species affected by <em>Wolbachia<\/em> infection sweep: evolutionary and biogeographical implications<\/a><a href=\"https:\/\/ent2d.ac-bordeaux.fr\/disciplines\/svt\/wp-content\/uploads\/sites\/4\/2020\/07\/Narita-et-al-2006-Wolbachia-in-Eurema-Mol-Ecol-15-1095-1108-2.pdf\" class=\"wp-block-file__button\" download>T\u00e9l\u00e9charger<\/a><\/div>\n\n\n\n<div class=\"wp-block-file\"><a href=\"https:\/\/ent2d.ac-bordeaux.fr\/disciplines\/svt\/wp-content\/uploads\/sites\/4\/2020\/07\/Sphinx-maurorum_oreina5.pdf\" target=\"_blank\" rel=\"noreferrer noopener\"><em>Sphinx maurorum<\/em> (Jordan, 1931), 24e Sphingidae de la faune de France (Lep. Sphingidae)<\/a><a href=\"https:\/\/ent2d.ac-bordeaux.fr\/disciplines\/svt\/wp-content\/uploads\/sites\/4\/2020\/07\/Sphinx-maurorum_oreina5.pdf\" class=\"wp-block-file__button\" download>T\u00e9l\u00e9charger<\/a><\/div>\n\n\n\n<div class=\"wp-block-file\"><a href=\"https:\/\/ent2d.ac-bordeaux.fr\/disciplines\/svt\/wp-content\/uploads\/sites\/4\/2020\/07\/Syst-Biol-2007-De-Queiroz-879-86.pdf\" target=\"_blank\" rel=\"noreferrer noopener\">Species Concepts and Species Delimitation<\/a><a href=\"https:\/\/ent2d.ac-bordeaux.fr\/disciplines\/svt\/wp-content\/uploads\/sites\/4\/2020\/07\/Syst-Biol-2007-De-Queiroz-879-86.pdf\" class=\"wp-block-file__button\" download>T\u00e9l\u00e9charger<\/a><\/div>\n\n\n\n<div class=\"wp-block-file\"><a href=\"https:\/\/ent2d.ac-bordeaux.fr\/disciplines\/svt\/wp-content\/uploads\/sites\/4\/2020\/07\/Syst-Biol-2007-Wolsan-1011-21.pdf\" target=\"_blank\" rel=\"noreferrer noopener\">Naming Species in Phylogenetic Nomenclature<\/a><a href=\"https:\/\/ent2d.ac-bordeaux.fr\/disciplines\/svt\/wp-content\/uploads\/sites\/4\/2020\/07\/Syst-Biol-2007-Wolsan-1011-21.pdf\" class=\"wp-block-file__button\" download>T\u00e9l\u00e9charger<\/a><\/div>\n\n\n\n<div class=\"wp-block-file\"><a href=\"https:\/\/ent2d.ac-bordeaux.fr\/disciplines\/svt\/wp-content\/uploads\/sites\/4\/2020\/07\/WIEMER1.pdf\" target=\"_blank\" rel=\"noreferrer noopener\">Does the DNA barcoding gap exist? \u2013 a case study in blue butterflies (Lepidoptera: Lycaenidae)<\/a><a href=\"https:\/\/ent2d.ac-bordeaux.fr\/disciplines\/svt\/wp-content\/uploads\/sites\/4\/2020\/07\/WIEMER1.pdf\" class=\"wp-block-file__button\" download>T\u00e9l\u00e9charger<\/a><\/div>\n\n\n\n<div class=\"wp-block-file\"><a href=\"https:\/\/ent2d.ac-bordeaux.fr\/disciplines\/svt\/wp-content\/uploads\/sites\/4\/2020\/07\/Xylophanes_neopt_group.pdf\" target=\"_blank\" rel=\"noreferrer noopener\">Morphology and DNA barcoding reveal three cryptic species within the <em>Xylophanes neoptolemus<\/em> and <em>loelia<\/em> species-groups (Lepidoptera: Sphingidae)<\/a><a href=\"https:\/\/ent2d.ac-bordeaux.fr\/disciplines\/svt\/wp-content\/uploads\/sites\/4\/2020\/07\/Xylophanes_neopt_group.pdf\" class=\"wp-block-file__button\" download>T\u00e9l\u00e9charger<\/a><\/div>\n","protected":false},"excerpt":{"rendered":"","protected":false},"author":8,"featured_media":0,"parent":2861,"menu_order":0,"comment_status":"closed","ping_status":"closed","template":"","meta":{"footnotes":""},"class_list":["post-2929","page","type-page","status-publish","hentry","nodate","item-wrap"],"_links":{"self":[{"href":"https:\/\/ent2d.ac-bordeaux.fr\/disciplines\/svt\/wp-json\/wp\/v2\/pages\/2929","targetHints":{"allow":["GET"]}}],"collection":[{"href":"https:\/\/ent2d.ac-bordeaux.fr\/disciplines\/svt\/wp-json\/wp\/v2\/pages"}],"about":[{"href":"https:\/\/ent2d.ac-bordeaux.fr\/disciplines\/svt\/wp-json\/wp\/v2\/types\/page"}],"author":[{"embeddable":true,"href":"https:\/\/ent2d.ac-bordeaux.fr\/disciplines\/svt\/wp-json\/wp\/v2\/users\/8"}],"replies":[{"embeddable":true,"href":"https:\/\/ent2d.ac-bordeaux.fr\/disciplines\/svt\/wp-json\/wp\/v2\/comments?post=2929"}],"version-history":[{"count":8,"href":"https:\/\/ent2d.ac-bordeaux.fr\/disciplines\/svt\/wp-json\/wp\/v2\/pages\/2929\/revisions"}],"predecessor-version":[{"id":2947,"href":"https:\/\/ent2d.ac-bordeaux.fr\/disciplines\/svt\/wp-json\/wp\/v2\/pages\/2929\/revisions\/2947"}],"up":[{"embeddable":true,"href":"https:\/\/ent2d.ac-bordeaux.fr\/disciplines\/svt\/wp-json\/wp\/v2\/pages\/2861"}],"wp:attachment":[{"href":"https:\/\/ent2d.ac-bordeaux.fr\/disciplines\/svt\/wp-json\/wp\/v2\/media?parent=2929"}],"curies":[{"name":"wp","href":"https:\/\/api.w.org\/{rel}","templated":true}]}}