{"id":2881,"date":"2020-05-14T08:09:36","date_gmt":"2020-05-14T07:09:36","guid":{"rendered":"https:\/\/ent2d.ac-bordeaux.fr\/disciplines\/svt\/?page_id=2881"},"modified":"2020-05-19T20:19:39","modified_gmt":"2020-05-19T19:19:39","slug":"classe-virtuelle-cned","status":"publish","type":"page","link":"https:\/\/ent2d.ac-bordeaux.fr\/disciplines\/svt\/ressources\/numeriques\/coin-tice\/outils\/communiquer\/classe-virtuelle-cned\/","title":{"rendered":"CLASSE VIRTUELLE CNED"},"content":{"rendered":"\n<p class=\"has-text-color has-medium-font-size has-vivid-cyan-blue-color\">Conseils : <\/p>\n\n\n\n<ul class=\"wp-block-list\"><li>L&rsquo;utilisation du navigateur Chrome est conseill\u00e9e pour avoir acc\u00e8s \u00e0 toutes les fonctionnalit\u00e9s.<\/li><li>Si vous poss\u00e9dez plusieurs ordinateurs : entra\u00eenez- vous avec les membres de votre foyer (ou vos amis) en leur communiquant le lien participant de votre classe virtuelle.<\/li><li>Si nous ne poss\u00e9dez pas plusieurs ordinateurs : ouvrez plusieurs fen\u00eatres de votre navigateur (une fen\u00eatre avec le lien mod\u00e9rateur et les autres avec le lien participant pour simuler des \u00e9l\u00e8ves).<\/li><\/ul>\n\n\n\n<h2 class=\"wp-block-heading\">Formation distancielle : cr\u00e9ation et animation d&rsquo;une classe virtuelle CNED<\/h2>\n\n\n\n<h3 class=\"wp-block-heading\">Cr\u00e9ation du compte<\/h3>\n\n\n\n<div class=\"wp-block-button\"><a class=\"wp-block-button__link has-background has-vivid-cyan-blue-background-color\" href=\"https:\/\/college.cned.fr\/login\/index.php\">Pour les professeurs de coll\u00e8ge<\/a><\/div>\n\n\n\n<div class=\"wp-block-button\"><a class=\"wp-block-button__link has-background has-vivid-cyan-blue-background-color\" href=\"https:\/\/lycee.cned.fr\/login\/index.php\">Pour les professeurs de lyc\u00e9e<\/a><\/div>\n\n\n<iframe loading=\"lazy\" frameborder=\"0\" width=\"100%\" height=\"450\" src=\"https:\/\/ent2d.ac-bordeaux.fr\/mediacad\/m\/22519\/d\/i\" webkitAllowFullScreen=\"true\" mozallowfullscreen=\"true\" allowFullScreen=\"true\"><\/iframe>\n\n\n\n<h3 class=\"wp-block-heading\">Retrouver les liens \u00e0 utiliser<\/h3>\n\n\n<iframe loading=\"lazy\" frameborder=\"0\" width=\"100%\" height=\"450\" src=\"https:\/\/ent2d.ac-bordeaux.fr\/mediacad\/m\/22520\/d\/i\" webkitAllowFullScreen=\"true\" mozallowfullscreen=\"true\" allowFullScreen=\"true\"><\/iframe>\n\n\n\n<h3 class=\"wp-block-heading\">Pr\u00e9sentation des fonctionnalit\u00e9s de la classe virtuelle<\/h3>\n\n\n<iframe loading=\"lazy\" frameborder=\"0\" width=\"100%\" height=\"450\" src=\"https:\/\/ent2d.ac-bordeaux.fr\/mediacad\/m\/22521\/d\/i\" webkitAllowFullScreen=\"true\" mozallowfullscreen=\"true\" allowFullScreen=\"true\"><\/iframe>\n\n\n\n<h3 class=\"wp-block-heading\">Param\u00e9trage de la session<\/h3>\n\n\n<iframe loading=\"lazy\" frameborder=\"0\" width=\"100%\" height=\"450\" src=\"https:\/\/ent2d.ac-bordeaux.fr\/mediacad\/m\/22522\/d\/i\" webkitAllowFullScreen=\"true\" mozallowfullscreen=\"true\" allowFullScreen=\"true\"><\/iframe>\n\n\n\n<p>Les param\u00e8tres de la session sont conserv\u00e9s si vous vous d\u00e9connectez pour une courte p\u00e9riode. Si la p\u00e9riode est plus longue, il faudra \u00e0 nouveau param\u00e9trer au d\u00e9but de votre session.<\/p>\n\n\n\n<h3 class=\"wp-block-heading\">Animer la session<\/h3>\n\n\n\n<h4 class=\"wp-block-heading\">G\u00e9rer la prise de parole<\/h4>\n\n\n<iframe loading=\"lazy\" frameborder=\"0\" width=\"100%\" height=\"450\" src=\"https:\/\/ent2d.ac-bordeaux.fr\/mediacad\/m\/22524\/d\/i\" webkitAllowFullScreen=\"true\" mozallowfullscreen=\"true\" allowFullScreen=\"true\"><\/iframe>\n\n\n\n<h4 class=\"wp-block-heading\">Tableau blanc<\/h4>\n\n\n<iframe loading=\"lazy\" frameborder=\"0\" width=\"100%\" height=\"450\" src=\"https:\/\/ent2d.ac-bordeaux.fr\/mediacad\/m\/22525\/d\/i\" webkitAllowFullScreen=\"true\" mozallowfullscreen=\"true\" allowFullScreen=\"true\"><\/iframe>\n\n\n\n<h4 class=\"wp-block-heading\">Partager une application \/ un \u00e9cran<\/h4>\n\n\n<iframe loading=\"lazy\" frameborder=\"0\" width=\"100%\" height=\"450\" src=\"https:\/\/ent2d.ac-bordeaux.fr\/mediacad\/m\/22526\/d\/i\" webkitAllowFullScreen=\"true\" mozallowfullscreen=\"true\" allowFullScreen=\"true\"><\/iframe>\n\n\n\n<p>Ne pas oublier de cocher \u00ab\u00a0Partager le contenu audio\u00a0\u00bb dans \u00ab\u00a0Onglet Chrome\u00a0\u00bb si vous voulez que les \u00e9l\u00e8ves entendent le son de ce que vous partagez dans l&rsquo;onglet.<\/p>\n\n\n\n<h4 class=\"wp-block-heading\">Partager des fichiers<\/h4>\n\n\n<iframe loading=\"lazy\" frameborder=\"0\" width=\"100%\" height=\"450\" src=\"https:\/\/ent2d.ac-bordeaux.fr\/mediacad\/m\/22527\/d\/i\" webkitAllowFullScreen=\"true\" mozallowfullscreen=\"true\" allowFullScreen=\"true\"><\/iframe>\n\n\n\n<h4 class=\"wp-block-heading\">Faire des groupes de travail<\/h4>\n\n\n<iframe loading=\"lazy\" frameborder=\"0\" width=\"100%\" height=\"450\" src=\"https:\/\/ent2d.ac-bordeaux.fr\/mediacad\/m\/22528\/d\/i\" webkitAllowFullScreen=\"true\" mozallowfullscreen=\"true\" allowFullScreen=\"true\"><\/iframe>\n\n\n\n<h4 class=\"wp-block-heading\">G\u00e9rer les intrusions<\/h4>\n\n\n<iframe loading=\"lazy\" frameborder=\"0\" width=\"100%\" height=\"450\" src=\"https:\/\/ent2d.ac-bordeaux.fr\/mediacad\/m\/22529\/d\/i\" webkitAllowFullScreen=\"true\" mozallowfullscreen=\"true\" allowFullScreen=\"true\"><\/iframe>\n\n\n\n<h2 class=\"wp-block-heading\">Documentation<\/h2>\n\n\n\n<div class=\"wp-block-file\"><a href=\"https:\/\/ent2d.ac-bordeaux.fr\/disciplines\/svt\/wp-content\/uploads\/sites\/4\/2020\/05\/Guide-Professeur-MaClasse_FR_2020.pdf\">Guide Professeur<\/a><a href=\"https:\/\/ent2d.ac-bordeaux.fr\/disciplines\/svt\/wp-content\/uploads\/sites\/4\/2020\/05\/Guide-Professeur-MaClasse_FR_2020.pdf\" class=\"wp-block-file__button\" download>T\u00e9l\u00e9charger<\/a><\/div>\n\n\n\n<div class=\"wp-block-file\"><a href=\"https:\/\/ent2d.ac-bordeaux.fr\/disciplines\/svt\/wp-content\/uploads\/sites\/4\/2020\/05\/Animer_une_classe_virtuelle.pdf\">Animer_une_classe_virtuelle<\/a><a href=\"https:\/\/ent2d.ac-bordeaux.fr\/disciplines\/svt\/wp-content\/uploads\/sites\/4\/2020\/05\/Animer_une_classe_virtuelle.pdf\" class=\"wp-block-file__button\" download>T\u00e9l\u00e9charger<\/a><\/div>\n\n\n\n<div class=\"wp-block-file\"><a href=\"https:\/\/ent2d.ac-bordeaux.fr\/disciplines\/svt\/wp-content\/uploads\/sites\/4\/2020\/05\/Guide-Eleve-MaClasse_FR_2020.pdf\">Guide El\u00e8ve<\/a><a href=\"https:\/\/ent2d.ac-bordeaux.fr\/disciplines\/svt\/wp-content\/uploads\/sites\/4\/2020\/05\/Guide-Eleve-MaClasse_FR_2020.pdf\" class=\"wp-block-file__button\" download>T\u00e9l\u00e9charger<\/a><\/div>\n","protected":false},"excerpt":{"rendered":"<p>Conseils : L&rsquo;utilisation du navigateur Chrome est conseill\u00e9e pour avoir acc\u00e8s \u00e0 toutes les fonctionnalit\u00e9s. Si vous poss\u00e9dez plusieurs ordinateurs : entra\u00eenez- vous avec les membres de votre foyer (ou vos amis) en leur communiquant le lien participant de votre classe virtuelle. Si nous ne poss\u00e9dez pas plusieurs ordinateurs : ouvrez plusieurs fen\u00eatres de votre &hellip; <\/p>\n<p><a class=\"more-link btn\" href=\"https:\/\/ent2d.ac-bordeaux.fr\/disciplines\/svt\/ressources\/numeriques\/coin-tice\/outils\/communiquer\/classe-virtuelle-cned\/\">Lire la suite<\/a><\/p>\n","protected":false},"author":8,"featured_media":0,"parent":2242,"menu_order":1,"comment_status":"closed","ping_status":"closed","template":"template-onecolumn.php","meta":{"footnotes":""},"class_list":["post-2881","page","type-page","status-publish","hentry","nodate","item-wrap"],"_links":{"self":[{"href":"https:\/\/ent2d.ac-bordeaux.fr\/disciplines\/svt\/wp-json\/wp\/v2\/pages\/2881","targetHints":{"allow":["GET"]}}],"collection":[{"href":"https:\/\/ent2d.ac-bordeaux.fr\/disciplines\/svt\/wp-json\/wp\/v2\/pages"}],"about":[{"href":"https:\/\/ent2d.ac-bordeaux.fr\/disciplines\/svt\/wp-json\/wp\/v2\/types\/page"}],"author":[{"embeddable":true,"href":"https:\/\/ent2d.ac-bordeaux.fr\/disciplines\/svt\/wp-json\/wp\/v2\/users\/8"}],"replies":[{"embeddable":true,"href":"https:\/\/ent2d.ac-bordeaux.fr\/disciplines\/svt\/wp-json\/wp\/v2\/comments?post=2881"}],"version-history":[{"count":12,"href":"https:\/\/ent2d.ac-bordeaux.fr\/disciplines\/svt\/wp-json\/wp\/v2\/pages\/2881\/revisions"}],"predecessor-version":[{"id":2901,"href":"https:\/\/ent2d.ac-bordeaux.fr\/disciplines\/svt\/wp-json\/wp\/v2\/pages\/2881\/revisions\/2901"}],"up":[{"embeddable":true,"href":"https:\/\/ent2d.ac-bordeaux.fr\/disciplines\/svt\/wp-json\/wp\/v2\/pages\/2242"}],"wp:attachment":[{"href":"https:\/\/ent2d.ac-bordeaux.fr\/disciplines\/svt\/wp-json\/wp\/v2\/media?parent=2881"}],"curies":[{"name":"wp","href":"https:\/\/api.w.org\/{rel}","templated":true}]}}