{"id":2840,"date":"2020-04-14T08:43:51","date_gmt":"2020-04-14T07:43:51","guid":{"rendered":"https:\/\/ent2d.ac-bordeaux.fr\/disciplines\/svt\/?page_id=2840"},"modified":"2020-04-27T13:49:02","modified_gmt":"2020-04-27T12:49:02","slug":"pronote","status":"publish","type":"page","link":"https:\/\/ent2d.ac-bordeaux.fr\/disciplines\/svt\/ressources\/numeriques\/coin-tice\/outils\/etudier\/pronote\/","title":{"rendered":"PRONOTE"},"content":{"rendered":"\n<h2 class=\"wp-block-heading\">Formation distancielle : comment cr\u00e9er des QCM avec Pronote<\/h2>\n\n\n\n<h3 class=\"wp-block-heading\">Cr\u00e9er le QCM et les diff\u00e9rents types de question<\/h3>\n\n\n<iframe loading=\"lazy\" frameborder=\"0\" width=\"100%\" height=\"450\" src=\"https:\/\/ent2d.ac-bordeaux.fr\/mediacad\/m\/21721\/d\/i\" webkitAllowFullScreen=\"true\" mozallowfullscreen=\"true\" allowFullScreen=\"true\"><\/iframe>\n\n\n\n<div class=\"wp-block-button\"><a class=\"wp-block-button__link\" href=\"https:\/\/ent2d.ac-bordeaux.fr\/mediacad\/pr\/media\/display\/m\/21721\/e\/source\/d\/d\">T\u00e9l\u00e9charger le fichier source (mp4 207,9 Mio)<br><\/a><\/div>\n\n\n\n<h3 class=\"wp-block-heading\">Modalit\u00e9s d&rsquo;ex\u00e9cution<\/h3>\n\n\n<iframe loading=\"lazy\" frameborder=\"0\" width=\"100%\" height=\"450\" src=\"https:\/\/ent2d.ac-bordeaux.fr\/mediacad\/m\/21722\/d\/i\" webkitAllowFullScreen=\"true\" mozallowfullscreen=\"true\" allowFullScreen=\"true\"><\/iframe>\n\n\n\n<div class=\"wp-block-button\"><a class=\"wp-block-button__link\" href=\"https:\/\/ent2d.ac-bordeaux.fr\/mediacad\/pr\/media\/display\/m\/21722\/e\/source\/d\/d\">T\u00e9l\u00e9charger le fichier source (mp4 64,9 Mio)<br><\/a><\/div>\n\n\n\n<h3 class=\"wp-block-heading\">R\u00e9sultats<\/h3>\n\n\n<iframe loading=\"lazy\" frameborder=\"0\" width=\"100%\" height=\"450\" src=\"https:\/\/ent2d.ac-bordeaux.fr\/mediacad\/m\/21723\/d\/i\" webkitAllowFullScreen=\"true\" mozallowfullscreen=\"true\" allowFullScreen=\"true\"><\/iframe>\n\n\n\n<div class=\"wp-block-button\"><a class=\"wp-block-button__link\" href=\"https:\/\/ent2d.ac-bordeaux.fr\/mediacad\/pr\/media\/display\/m\/21723\/e\/source\/d\/d\">T\u00e9l\u00e9charger le fichier source (mp4 33,7 Mio)<br><\/a><\/div>\n\n\n\n<h3 class=\"wp-block-heading\">Donner le QCM aux \u00e9l\u00e8ves<\/h3>\n\n\n<iframe loading=\"lazy\" frameborder=\"0\" width=\"100%\" height=\"450\" src=\"https:\/\/ent2d.ac-bordeaux.fr\/mediacad\/m\/21724\/d\/i\" webkitAllowFullScreen=\"true\" mozallowfullscreen=\"true\" allowFullScreen=\"true\"><\/iframe>\n\n\n\n<div class=\"wp-block-button\"><a class=\"wp-block-button__link\" href=\"https:\/\/ent2d.ac-bordeaux.fr\/mediacad\/pr\/media\/display\/m\/21724\/e\/source\/d\/d\">T\u00e9l\u00e9charger le fichier source (mp4 127,2 Mio)<br><\/a><\/div>\n\n\n\n<h3 class=\"wp-block-heading\">Exportation \/ Importation<\/h3>\n\n\n<iframe loading=\"lazy\" frameborder=\"0\" width=\"100%\" height=\"450\" src=\"https:\/\/ent2d.ac-bordeaux.fr\/mediacad\/m\/21725\/d\/i\" webkitAllowFullScreen=\"true\" mozallowfullscreen=\"true\" allowFullScreen=\"true\"><\/iframe>\n\n\n\n<div class=\"wp-block-button\"><a class=\"wp-block-button__link\" href=\"https:\/\/ent2d.ac-bordeaux.fr\/mediacad\/pr\/media\/display\/m\/21725\/e\/source\/d\/d\">T\u00e9l\u00e9charger le fichier source (mp4 41,3 Mio)<br><\/a><\/div>\n\n\n\n<h3 class=\"wp-block-heading\">Questions \/ R\u00e9ponses<\/h3>\n\n\n<iframe loading=\"lazy\" frameborder=\"0\" width=\"100%\" height=\"450\" src=\"https:\/\/ent2d.ac-bordeaux.fr\/mediacad\/m\/21726\/d\/i\" webkitAllowFullScreen=\"true\" mozallowfullscreen=\"true\" allowFullScreen=\"true\"><\/iframe>\n\n\n\n<div class=\"wp-block-button\"><a class=\"wp-block-button__link\" href=\"https:\/\/ent2d.ac-bordeaux.fr\/mediacad\/pr\/media\/display\/m\/21726\/e\/source\/d\/d\">T\u00e9l\u00e9charger le fichier source (mp4 46,2 Mio)<br><\/a><\/div>\n\n\n\n<h2 class=\"wp-block-heading\">Banque acad\u00e9mique de QCM Pronote<\/h2>\n\n\n\n<p>Une banque acad\u00e9mique de QCM Pronote \u00e0 enrichir est disponible dans l&rsquo;espace collaboratif acad\u00e9mique :<\/p>\n\n\n\n<figure class=\"wp-block-image\"><a href=\"https:\/\/ent2d.ac-bordeaux.fr\/owncloud\/index.php?app=user_servervars\" target=\"_blank\" rel=\"noreferrer noopener\"><img loading=\"lazy\" decoding=\"async\" width=\"121\" height=\"121\" src=\"https:\/\/ent2d.ac-bordeaux.fr\/disciplines\/svt\/wp-content\/uploads\/sites\/4\/2016\/05\/Cloud-logo.png\" alt=\"\" class=\"wp-image-1927\" \/><\/a><\/figure>\n\n\n\n<h2 class=\"wp-block-heading\">Importer les QCM Pronote dans Moodle<\/h2>\n\n\n\n<p>Dans un cours Moodle, cliquer sur la roue en haut \u00e0 droite :<\/p>\n\n\n\n<figure class=\"wp-block-image\"><img loading=\"lazy\" decoding=\"async\" width=\"532\" height=\"222\" src=\"https:\/\/ent2d.ac-bordeaux.fr\/disciplines\/svt\/wp-content\/uploads\/sites\/4\/2020\/04\/Capture-d\u2019e\u0301cran-2020-04-27-a\u0300-14.30.25.png\" alt=\"\" class=\"wp-image-2869\" srcset=\"https:\/\/ent2d.ac-bordeaux.fr\/disciplines\/svt\/wp-content\/uploads\/sites\/4\/2020\/04\/Capture-d\u2019e\u0301cran-2020-04-27-a\u0300-14.30.25.png 532w, https:\/\/ent2d.ac-bordeaux.fr\/disciplines\/svt\/wp-content\/uploads\/sites\/4\/2020\/04\/Capture-d\u2019e\u0301cran-2020-04-27-a\u0300-14.30.25-300x125.png 300w\" sizes=\"auto, (max-width: 532px) 100vw, 532px\" \/><\/figure>\n\n\n\n<p>Choisir \u00ab\u00a0Plus&#8230;\u00a0\u00bb dans le menu qui s&rsquo;est ouvert :<\/p>\n\n\n\n<figure class=\"wp-block-image\"><img loading=\"lazy\" decoding=\"async\" width=\"590\" height=\"652\" src=\"https:\/\/ent2d.ac-bordeaux.fr\/disciplines\/svt\/wp-content\/uploads\/sites\/4\/2020\/04\/Capture-d\u2019e\u0301cran-2020-04-27-a\u0300-14.30.37.png\" alt=\"\" class=\"wp-image-2870\" srcset=\"https:\/\/ent2d.ac-bordeaux.fr\/disciplines\/svt\/wp-content\/uploads\/sites\/4\/2020\/04\/Capture-d\u2019e\u0301cran-2020-04-27-a\u0300-14.30.37.png 590w, https:\/\/ent2d.ac-bordeaux.fr\/disciplines\/svt\/wp-content\/uploads\/sites\/4\/2020\/04\/Capture-d\u2019e\u0301cran-2020-04-27-a\u0300-14.30.37-271x300.png 271w\" sizes=\"auto, (max-width: 590px) 100vw, 590px\" \/><\/figure>\n\n\n\n<p>Cliquer sur \u00ab\u00a0Importer\u00a0\u00bb dans la rubrique \u00ab\u00a0Banque de questions\u00a0\u00bb : <\/p>\n\n\n\n<figure class=\"wp-block-image\"><img loading=\"lazy\" decoding=\"async\" width=\"658\" height=\"212\" src=\"https:\/\/ent2d.ac-bordeaux.fr\/disciplines\/svt\/wp-content\/uploads\/sites\/4\/2020\/04\/Capture-d\u2019e\u0301cran-2020-04-27-a\u0300-14.30.47.png\" alt=\"\" class=\"wp-image-2871\" srcset=\"https:\/\/ent2d.ac-bordeaux.fr\/disciplines\/svt\/wp-content\/uploads\/sites\/4\/2020\/04\/Capture-d\u2019e\u0301cran-2020-04-27-a\u0300-14.30.47.png 658w, https:\/\/ent2d.ac-bordeaux.fr\/disciplines\/svt\/wp-content\/uploads\/sites\/4\/2020\/04\/Capture-d\u2019e\u0301cran-2020-04-27-a\u0300-14.30.47-300x97.png 300w\" sizes=\"auto, (max-width: 658px) 100vw, 658px\" \/><\/figure>\n\n\n\n<p>Choisir \u00ab\u00a0Format XML Moodle\u00a0\u00bb dans la rubrique \u00ab\u00a0Format de fichier\u00a0\u00bb : <\/p>\n\n\n\n<figure class=\"wp-block-image\"><img loading=\"lazy\" decoding=\"async\" width=\"1024\" height=\"423\" src=\"https:\/\/ent2d.ac-bordeaux.fr\/disciplines\/svt\/wp-content\/uploads\/sites\/4\/2020\/04\/Capture-d\u2019e\u0301cran-2020-04-27-a\u0300-14.31.05.png\" alt=\"\" class=\"wp-image-2872\" srcset=\"https:\/\/ent2d.ac-bordeaux.fr\/disciplines\/svt\/wp-content\/uploads\/sites\/4\/2020\/04\/Capture-d\u2019e\u0301cran-2020-04-27-a\u0300-14.31.05.png 1024w, https:\/\/ent2d.ac-bordeaux.fr\/disciplines\/svt\/wp-content\/uploads\/sites\/4\/2020\/04\/Capture-d\u2019e\u0301cran-2020-04-27-a\u0300-14.31.05-300x124.png 300w, https:\/\/ent2d.ac-bordeaux.fr\/disciplines\/svt\/wp-content\/uploads\/sites\/4\/2020\/04\/Capture-d\u2019e\u0301cran-2020-04-27-a\u0300-14.31.05-768x317.png 768w\" sizes=\"auto, (max-width: 1024px) 100vw, 1024px\" \/><\/figure>\n\n\n\n<p>Choisir le fichier au format XML export\u00e9 depuis Pronote : <\/p>\n\n\n\n<figure class=\"wp-block-image\"><img loading=\"lazy\" decoding=\"async\" width=\"1024\" height=\"292\" src=\"https:\/\/ent2d.ac-bordeaux.fr\/disciplines\/svt\/wp-content\/uploads\/sites\/4\/2020\/04\/Capture-d\u2019e\u0301cran-2020-04-27-a\u0300-14.31.13.png\" alt=\"\" class=\"wp-image-2873\" srcset=\"https:\/\/ent2d.ac-bordeaux.fr\/disciplines\/svt\/wp-content\/uploads\/sites\/4\/2020\/04\/Capture-d\u2019e\u0301cran-2020-04-27-a\u0300-14.31.13.png 1024w, https:\/\/ent2d.ac-bordeaux.fr\/disciplines\/svt\/wp-content\/uploads\/sites\/4\/2020\/04\/Capture-d\u2019e\u0301cran-2020-04-27-a\u0300-14.31.13-300x85.png 300w, https:\/\/ent2d.ac-bordeaux.fr\/disciplines\/svt\/wp-content\/uploads\/sites\/4\/2020\/04\/Capture-d\u2019e\u0301cran-2020-04-27-a\u0300-14.31.13-768x219.png 768w\" sizes=\"auto, (max-width: 1024px) 100vw, 1024px\" \/><\/figure>\n\n\n\n<p>Attendre que le fichier apparaissent en <strong>rouge<\/strong> puis cliquer sur \u00ab\u00a0Importation\u00a0\u00bb : <\/p>\n\n\n\n<figure class=\"wp-block-image\"><img loading=\"lazy\" decoding=\"async\" width=\"1024\" height=\"289\" src=\"https:\/\/ent2d.ac-bordeaux.fr\/disciplines\/svt\/wp-content\/uploads\/sites\/4\/2020\/04\/Capture-d\u2019e\u0301cran-2020-04-27-a\u0300-14.31.49.png\" alt=\"\" class=\"wp-image-2874\" srcset=\"https:\/\/ent2d.ac-bordeaux.fr\/disciplines\/svt\/wp-content\/uploads\/sites\/4\/2020\/04\/Capture-d\u2019e\u0301cran-2020-04-27-a\u0300-14.31.49.png 1024w, https:\/\/ent2d.ac-bordeaux.fr\/disciplines\/svt\/wp-content\/uploads\/sites\/4\/2020\/04\/Capture-d\u2019e\u0301cran-2020-04-27-a\u0300-14.31.49-300x85.png 300w, https:\/\/ent2d.ac-bordeaux.fr\/disciplines\/svt\/wp-content\/uploads\/sites\/4\/2020\/04\/Capture-d\u2019e\u0301cran-2020-04-27-a\u0300-14.31.49-768x217.png 768w\" sizes=\"auto, (max-width: 1024px) 100vw, 1024px\" \/><\/figure>\n\n\n\n<p>Si l&rsquo;importation est possible et s&rsquo;est bien pass\u00e9e, des indications apparaissent en vert. Cliquer alors sur \u00ab\u00a0Continuer\u00a0\u00bb : <\/p>\n\n\n\n<figure class=\"wp-block-image\"><img loading=\"lazy\" decoding=\"async\" width=\"1024\" height=\"332\" src=\"https:\/\/ent2d.ac-bordeaux.fr\/disciplines\/svt\/wp-content\/uploads\/sites\/4\/2020\/04\/Capture-d\u2019e\u0301cran-2020-04-27-a\u0300-14.31.58.png\" alt=\"\" class=\"wp-image-2875\" srcset=\"https:\/\/ent2d.ac-bordeaux.fr\/disciplines\/svt\/wp-content\/uploads\/sites\/4\/2020\/04\/Capture-d\u2019e\u0301cran-2020-04-27-a\u0300-14.31.58.png 1024w, https:\/\/ent2d.ac-bordeaux.fr\/disciplines\/svt\/wp-content\/uploads\/sites\/4\/2020\/04\/Capture-d\u2019e\u0301cran-2020-04-27-a\u0300-14.31.58-300x97.png 300w, https:\/\/ent2d.ac-bordeaux.fr\/disciplines\/svt\/wp-content\/uploads\/sites\/4\/2020\/04\/Capture-d\u2019e\u0301cran-2020-04-27-a\u0300-14.31.58-768x249.png 768w\" sizes=\"auto, (max-width: 1024px) 100vw, 1024px\" \/><\/figure>\n\n\n\n<p>Pour ranger correctement votre fichier dans les cat\u00e9gories de la banque de question, s\u00e9lectionner votre question (cocher la case) puis choisir la bonne cat\u00e9gorie dans le menu d\u00e9roulant et cliquer sur \u00ab\u00a0D\u00e9placer vers\u00a0\u00bb : <\/p>\n\n\n\n<figure class=\"wp-block-image\"><img loading=\"lazy\" decoding=\"async\" width=\"1024\" height=\"164\" src=\"https:\/\/ent2d.ac-bordeaux.fr\/disciplines\/svt\/wp-content\/uploads\/sites\/4\/2020\/04\/Capture-d\u2019e\u0301cran-2020-04-27-a\u0300-14.33.49.png\" alt=\"\" class=\"wp-image-2876\" srcset=\"https:\/\/ent2d.ac-bordeaux.fr\/disciplines\/svt\/wp-content\/uploads\/sites\/4\/2020\/04\/Capture-d\u2019e\u0301cran-2020-04-27-a\u0300-14.33.49.png 1024w, https:\/\/ent2d.ac-bordeaux.fr\/disciplines\/svt\/wp-content\/uploads\/sites\/4\/2020\/04\/Capture-d\u2019e\u0301cran-2020-04-27-a\u0300-14.33.49-300x48.png 300w, https:\/\/ent2d.ac-bordeaux.fr\/disciplines\/svt\/wp-content\/uploads\/sites\/4\/2020\/04\/Capture-d\u2019e\u0301cran-2020-04-27-a\u0300-14.33.49-768x123.png 768w\" sizes=\"auto, (max-width: 1024px) 100vw, 1024px\" \/><\/figure>\n\n\n\n<figure class=\"wp-block-image\"><img loading=\"lazy\" decoding=\"async\" width=\"1024\" height=\"347\" src=\"https:\/\/ent2d.ac-bordeaux.fr\/disciplines\/svt\/wp-content\/uploads\/sites\/4\/2020\/04\/Capture-d\u2019e\u0301cran-2020-04-27-a\u0300-14.33.09.png\" alt=\"\" class=\"wp-image-2877\" srcset=\"https:\/\/ent2d.ac-bordeaux.fr\/disciplines\/svt\/wp-content\/uploads\/sites\/4\/2020\/04\/Capture-d\u2019e\u0301cran-2020-04-27-a\u0300-14.33.09.png 1024w, https:\/\/ent2d.ac-bordeaux.fr\/disciplines\/svt\/wp-content\/uploads\/sites\/4\/2020\/04\/Capture-d\u2019e\u0301cran-2020-04-27-a\u0300-14.33.09-300x102.png 300w, https:\/\/ent2d.ac-bordeaux.fr\/disciplines\/svt\/wp-content\/uploads\/sites\/4\/2020\/04\/Capture-d\u2019e\u0301cran-2020-04-27-a\u0300-14.33.09-768x260.png 768w\" sizes=\"auto, (max-width: 1024px) 100vw, 1024px\" \/><\/figure>\n\n\n\n<p>Retourner ensuite dans votre cours et cr\u00e9er un test puis aller chercher votre question dans la banque de question.<\/p>\n\n\n\n<h2 class=\"wp-block-heading\">Documentation Pronote<\/h2>\n\n\n\n<div class=\"wp-block-file\"><a href=\"https:\/\/ent2d.ac-bordeaux.fr\/disciplines\/svt\/wp-content\/uploads\/sites\/4\/2020\/04\/Guide-Espace-Professeurs-PRONOTE-FR-2019.pdf\" target=\"_blank\" rel=\"noreferrer noopener\">Guide-Espace-Professeurs-PRONOTE-FR-2019<\/a><a href=\"https:\/\/ent2d.ac-bordeaux.fr\/disciplines\/svt\/wp-content\/uploads\/sites\/4\/2020\/04\/Guide-Espace-Professeurs-PRONOTE-FR-2019.pdf\" class=\"wp-block-file__button\" download>T\u00e9l\u00e9charger<\/a><\/div>\n\n\n\n<p><\/p>\n","protected":false},"excerpt":{"rendered":"<p>Formation distancielle : comment cr\u00e9er des QCM avec Pronote Cr\u00e9er le QCM et les diff\u00e9rents types de question Modalit\u00e9s d&rsquo;ex\u00e9cution R\u00e9sultats Donner le QCM aux \u00e9l\u00e8ves Exportation \/ Importation Questions \/ R\u00e9ponses Banque acad\u00e9mique de QCM Pronote Une banque acad\u00e9mique de QCM Pronote \u00e0 enrichir est disponible dans l&rsquo;espace collaboratif acad\u00e9mique : Importer les QCM &hellip; <\/p>\n<p><a class=\"more-link btn\" href=\"https:\/\/ent2d.ac-bordeaux.fr\/disciplines\/svt\/ressources\/numeriques\/coin-tice\/outils\/etudier\/pronote\/\">Lire la suite<\/a><\/p>\n","protected":false},"author":8,"featured_media":0,"parent":2246,"menu_order":0,"comment_status":"closed","ping_status":"closed","template":"template-onecolumn.php","meta":{"footnotes":""},"class_list":["post-2840","page","type-page","status-publish","hentry","nodate","item-wrap"],"_links":{"self":[{"href":"https:\/\/ent2d.ac-bordeaux.fr\/disciplines\/svt\/wp-json\/wp\/v2\/pages\/2840","targetHints":{"allow":["GET"]}}],"collection":[{"href":"https:\/\/ent2d.ac-bordeaux.fr\/disciplines\/svt\/wp-json\/wp\/v2\/pages"}],"about":[{"href":"https:\/\/ent2d.ac-bordeaux.fr\/disciplines\/svt\/wp-json\/wp\/v2\/types\/page"}],"author":[{"embeddable":true,"href":"https:\/\/ent2d.ac-bordeaux.fr\/disciplines\/svt\/wp-json\/wp\/v2\/users\/8"}],"replies":[{"embeddable":true,"href":"https:\/\/ent2d.ac-bordeaux.fr\/disciplines\/svt\/wp-json\/wp\/v2\/comments?post=2840"}],"version-history":[{"count":11,"href":"https:\/\/ent2d.ac-bordeaux.fr\/disciplines\/svt\/wp-json\/wp\/v2\/pages\/2840\/revisions"}],"predecessor-version":[{"id":4685,"href":"https:\/\/ent2d.ac-bordeaux.fr\/disciplines\/svt\/wp-json\/wp\/v2\/pages\/2840\/revisions\/4685"}],"up":[{"embeddable":true,"href":"https:\/\/ent2d.ac-bordeaux.fr\/disciplines\/svt\/wp-json\/wp\/v2\/pages\/2246"}],"wp:attachment":[{"href":"https:\/\/ent2d.ac-bordeaux.fr\/disciplines\/svt\/wp-json\/wp\/v2\/media?parent=2840"}],"curies":[{"name":"wp","href":"https:\/\/api.w.org\/{rel}","templated":true}]}}