{"id":2795,"date":"2020-03-06T14:52:05","date_gmt":"2020-03-06T13:52:05","guid":{"rendered":"https:\/\/ent2d.ac-bordeaux.fr\/disciplines\/svt\/?page_id=2795"},"modified":"2024-05-04T13:15:12","modified_gmt":"2024-05-04T12:15:12","slug":"la-construction-du-savoir-scientifique","status":"publish","type":"page","link":"https:\/\/ent2d.ac-bordeaux.fr\/disciplines\/svt\/ressources\/scientifiques\/conferences-scientifiques\/la-construction-du-savoir-scientifique\/","title":{"rendered":"La construction du savoir scientifique"},"content":{"rendered":"\n<h3 class=\"wp-block-heading\" id=\"mce_22\">Pascal Duris (professeur en \u00e9pist\u00e9mologie et histoire des sciences &#8211; Universit\u00e9 de Bordeaux)<\/h3>\n\n\n<iframe loading=\"lazy\" src=\"https:\/\/podeduc.apps.education.fr\/video\/45409-la-construction-du-savoir-scientifique\/?is_iframe=true\" title=\"\" width=\"80%\" height=\"450\" scrolling=\"yes\" frameborder=\"0\" marginheight=\"0\" allowFullScreen=\"true\"><a href=\"https:\/\/podeduc.apps.education.fr\/video\/45409-la-construction-du-savoir-scientifique\/?is_iframe=true\" target=\"_blank\">https:\/\/podeduc.apps.education.fr\/video\/45409-la-construction-du-savoir-scientifique\/?is_iframe=true<\/a><\/iframe>\n\n\n\n<p>Cette vid\u00e9o est chapitr\u00e9e (selon le plan ci-dessous). Il est ainsi possible d\u2019acc\u00e9der directement au chapitre d\u00e9sir\u00e9 en cliquant sur l\u2019ic\u00f4ne d\u00e9di\u00e9e dans le ruban situ\u00e9 au bas de la vid\u00e9o (une fois la lecture lanc\u00e9e.<\/p>\n\n\n\n<ul class=\"wp-block-list\">\n<li>Introduction<\/li>\n<\/ul>\n\n\n\n<ul class=\"wp-block-list\">\n<li>Partie 1 &#8211; Lecture des programmes<\/li>\n<\/ul>\n\n\n\n<ul class=\"wp-block-list\">\n<li>Partie 2 &#8211; Pas de science d\u00e9finitive<\/li>\n<\/ul>\n\n\n\n<ul class=\"wp-block-list\">\n<li>Partie 3 &#8211; Les pi\u00e8ges de la litt\u00e9rature secondaire<\/li>\n<\/ul>\n\n\n\n<ul class=\"wp-block-list\">\n<li>Partie 4 &#8211; Quelques id\u00e9es \u00e0 retenir<\/li>\n<\/ul>\n\n\n\n<ul class=\"wp-block-list\">\n<li>Partie 5 &#8211; Bibliographie<\/li>\n<\/ul>\n\n\n\n<ul class=\"wp-block-list\">\n<li>Partie 6 &#8211; Conclusion<\/li>\n<\/ul>\n\n\n\n<ul class=\"wp-block-list\">\n<li>Partie 7 &#8211; Questions<\/li>\n<\/ul>\n\n\n\n<div class=\"wp-block-file\"><a id=\"wp-block-file--media-39ed74d9-0893-4792-90f6-6e9253ee4fc9\" href=\"https:\/\/ent2d.ac-bordeaux.fr\/disciplines\/svt\/wp-content\/uploads\/sites\/4\/2020\/03\/Enseignement-scientifique-1e\u0300re-ge\u0301ne\u0301rale-original.ppt\">Diaporama<\/a><a href=\"https:\/\/ent2d.ac-bordeaux.fr\/disciplines\/svt\/wp-content\/uploads\/sites\/4\/2020\/03\/Enseignement-scientifique-1e\u0300re-ge\u0301ne\u0301rale-original.ppt\" class=\"wp-block-file__button wp-element-button\" download aria-describedby=\"wp-block-file--media-39ed74d9-0893-4792-90f6-6e9253ee4fc9\">T\u00e9l\u00e9charger<\/a><\/div>\n","protected":false},"excerpt":{"rendered":"<p>Pascal Duris (professeur en \u00e9pist\u00e9mologie et histoire des sciences &#8211; Universit\u00e9 de Bordeaux) Cette vid\u00e9o est chapitr\u00e9e (selon le plan ci-dessous). Il est ainsi possible d\u2019acc\u00e9der directement au chapitre d\u00e9sir\u00e9 en cliquant sur l\u2019ic\u00f4ne d\u00e9di\u00e9e dans le ruban situ\u00e9 au bas de la vid\u00e9o (une fois la lecture lanc\u00e9e.<\/p>\n","protected":false},"author":8,"featured_media":0,"parent":2756,"menu_order":1,"comment_status":"closed","ping_status":"closed","template":"template-onecolumn.php","meta":{"footnotes":""},"class_list":["post-2795","page","type-page","status-publish","hentry","nodate","item-wrap"],"_links":{"self":[{"href":"https:\/\/ent2d.ac-bordeaux.fr\/disciplines\/svt\/wp-json\/wp\/v2\/pages\/2795","targetHints":{"allow":["GET"]}}],"collection":[{"href":"https:\/\/ent2d.ac-bordeaux.fr\/disciplines\/svt\/wp-json\/wp\/v2\/pages"}],"about":[{"href":"https:\/\/ent2d.ac-bordeaux.fr\/disciplines\/svt\/wp-json\/wp\/v2\/types\/page"}],"author":[{"embeddable":true,"href":"https:\/\/ent2d.ac-bordeaux.fr\/disciplines\/svt\/wp-json\/wp\/v2\/users\/8"}],"replies":[{"embeddable":true,"href":"https:\/\/ent2d.ac-bordeaux.fr\/disciplines\/svt\/wp-json\/wp\/v2\/comments?post=2795"}],"version-history":[{"count":6,"href":"https:\/\/ent2d.ac-bordeaux.fr\/disciplines\/svt\/wp-json\/wp\/v2\/pages\/2795\/revisions"}],"predecessor-version":[{"id":5326,"href":"https:\/\/ent2d.ac-bordeaux.fr\/disciplines\/svt\/wp-json\/wp\/v2\/pages\/2795\/revisions\/5326"}],"up":[{"embeddable":true,"href":"https:\/\/ent2d.ac-bordeaux.fr\/disciplines\/svt\/wp-json\/wp\/v2\/pages\/2756"}],"wp:attachment":[{"href":"https:\/\/ent2d.ac-bordeaux.fr\/disciplines\/svt\/wp-json\/wp\/v2\/media?parent=2795"}],"curies":[{"name":"wp","href":"https:\/\/api.w.org\/{rel}","templated":true}]}}