{"id":2787,"date":"2020-03-06T14:37:49","date_gmt":"2020-03-06T13:37:49","guid":{"rendered":"https:\/\/ent2d.ac-bordeaux.fr\/disciplines\/svt\/?page_id=2787"},"modified":"2024-05-04T14:21:48","modified_gmt":"2024-05-04T13:21:48","slug":"lepigenetique-transgenerationelle-a-lheure-du-sequencage-des-genomes-faits-et-controverses","status":"publish","type":"page","link":"https:\/\/ent2d.ac-bordeaux.fr\/disciplines\/svt\/ressources\/scientifiques\/conferences-scientifiques\/lepigenetique-transgenerationelle-a-lheure-du-sequencage-des-genomes-faits-et-controverses\/","title":{"rendered":"L\u2019\u00e9pig\u00e9n\u00e9tique transg\u00e9n\u00e9rationelle \u00e0 l&rsquo;heure du s\u00e9quen\u00e7age des g\u00e9nomes ; faits et controverses"},"content":{"rendered":"\n<h3 class=\"wp-block-heading\" id=\"mce_22\">Vincent Colot (directeur de recherche CNRS \u00e0 l\u2019Institut de biologie de l&rsquo;Ecole normale sup\u00e9rieure (CNRS\/Inserm\/ENS Paris))<\/h3>\n\n\n<iframe loading=\"lazy\" src=\"https:\/\/podeduc.apps.education.fr\/video\/45584-lepigenetique-transgenerationnelle-a-lheure-du-sequencage-des-genomes-faits-et-controverses\/?is_iframe=true\" title=\"\" width=\"80%\" height=\"450\" scrolling=\"yes\" frameborder=\"0\" marginheight=\"0\" allowFullScreen=\"true\"><a href=\"https:\/\/podeduc.apps.education.fr\/video\/45584-lepigenetique-transgenerationnelle-a-lheure-du-sequencage-des-genomes-faits-et-controverses\/?is_iframe=true\" target=\"_blank\">https:\/\/podeduc.apps.education.fr\/video\/45584-lepigenetique-transgenerationnelle-a-lheure-du-sequencage-des-genomes-faits-et-controverses\/?is_iframe=true<\/a><\/iframe>\n\n\n\n<p>Cette vid\u00e9o est chapitr\u00e9e (selon le plan ci-dessous). Il est ainsi possible d\u2019acc\u00e9der directement au chapitre d\u00e9sir\u00e9 en cliquant sur l\u2019ic\u00f4ne d\u00e9di\u00e9e dans le ruban situ\u00e9 au bas de la vid\u00e9o (une fois la lecture lanc\u00e9e.<\/p>\n\n\n\n<ul class=\"wp-block-list\">\n<li>Partie 1 &#8211; D\u00e9finition(s)<\/li>\n<\/ul>\n\n\n\n<ul class=\"wp-block-list\">\n<li>Partie 2 &#8211; Exemples<\/li>\n<\/ul>\n\n\n\n<ul class=\"wp-block-list\">\n<li>Partie 3 &#8211; R\u00e9flexions<\/li>\n<\/ul>\n\n\n\n<ul class=\"wp-block-list\">\n<li>Partie 4 &#8211; Questions<\/li>\n<\/ul>\n\n\n\n<div class=\"wp-block-file\"><a id=\"wp-block-file--media-2221a5bb-8c4d-4fad-8491-ea78b2909280\" href=\"https:\/\/ent2d.ac-bordeaux.fr\/disciplines\/svt\/wp-content\/uploads\/sites\/4\/2020\/03\/Confe\u0301rence_Colot_Epige\u0301ne\u0301tique.pptx\">Diaporama<\/a><a href=\"https:\/\/ent2d.ac-bordeaux.fr\/disciplines\/svt\/wp-content\/uploads\/sites\/4\/2020\/03\/Confe\u0301rence_Colot_Epige\u0301ne\u0301tique.pptx\" class=\"wp-block-file__button wp-element-button\" download aria-describedby=\"wp-block-file--media-2221a5bb-8c4d-4fad-8491-ea78b2909280\">T\u00e9l\u00e9charger<\/a><\/div>\n\n\n\n<ul class=\"wp-block-list\"><\/ul>\n\n\n\n<ul class=\"wp-block-list\"><\/ul>\n","protected":false},"excerpt":{"rendered":"<p>Vincent Colot (directeur de recherche CNRS \u00e0 l\u2019Institut de biologie de l&rsquo;Ecole normale sup\u00e9rieure (CNRS\/Inserm\/ENS Paris)) Cette vid\u00e9o est chapitr\u00e9e (selon le plan ci-dessous). Il est ainsi possible d\u2019acc\u00e9der directement au chapitre d\u00e9sir\u00e9 en cliquant sur l\u2019ic\u00f4ne d\u00e9di\u00e9e dans le ruban situ\u00e9 au bas de la vid\u00e9o (une fois la lecture lanc\u00e9e.<\/p>\n","protected":false},"author":8,"featured_media":0,"parent":2756,"menu_order":2,"comment_status":"closed","ping_status":"closed","template":"template-onecolumn.php","meta":{"footnotes":""},"class_list":["post-2787","page","type-page","status-publish","hentry","nodate","item-wrap"],"_links":{"self":[{"href":"https:\/\/ent2d.ac-bordeaux.fr\/disciplines\/svt\/wp-json\/wp\/v2\/pages\/2787","targetHints":{"allow":["GET"]}}],"collection":[{"href":"https:\/\/ent2d.ac-bordeaux.fr\/disciplines\/svt\/wp-json\/wp\/v2\/pages"}],"about":[{"href":"https:\/\/ent2d.ac-bordeaux.fr\/disciplines\/svt\/wp-json\/wp\/v2\/types\/page"}],"author":[{"embeddable":true,"href":"https:\/\/ent2d.ac-bordeaux.fr\/disciplines\/svt\/wp-json\/wp\/v2\/users\/8"}],"replies":[{"embeddable":true,"href":"https:\/\/ent2d.ac-bordeaux.fr\/disciplines\/svt\/wp-json\/wp\/v2\/comments?post=2787"}],"version-history":[{"count":5,"href":"https:\/\/ent2d.ac-bordeaux.fr\/disciplines\/svt\/wp-json\/wp\/v2\/pages\/2787\/revisions"}],"predecessor-version":[{"id":5328,"href":"https:\/\/ent2d.ac-bordeaux.fr\/disciplines\/svt\/wp-json\/wp\/v2\/pages\/2787\/revisions\/5328"}],"up":[{"embeddable":true,"href":"https:\/\/ent2d.ac-bordeaux.fr\/disciplines\/svt\/wp-json\/wp\/v2\/pages\/2756"}],"wp:attachment":[{"href":"https:\/\/ent2d.ac-bordeaux.fr\/disciplines\/svt\/wp-json\/wp\/v2\/media?parent=2787"}],"curies":[{"name":"wp","href":"https:\/\/api.w.org\/{rel}","templated":true}]}}