{"id":2756,"date":"2020-03-03T16:41:56","date_gmt":"2020-03-03T15:41:56","guid":{"rendered":"https:\/\/ent2d.ac-bordeaux.fr\/disciplines\/svt\/?page_id=2756"},"modified":"2025-02-03T17:41:19","modified_gmt":"2025-02-03T16:41:19","slug":"conferences-scientifiques","status":"publish","type":"page","link":"https:\/\/ent2d.ac-bordeaux.fr\/disciplines\/svt\/ressources\/scientifiques\/conferences-scientifiques\/","title":{"rendered":"Conf\u00e9rences scientifiques"},"content":{"rendered":"\n<h1 class=\"wp-block-heading\">Ann\u00e9e 2024- 2025<\/h1>\n\n\n\n<h3 class=\"wp-block-heading\">M. Duris (professeur en \u00e9pist\u00e9mologie et histoire des sciences &#8211; Universit\u00e9 de Bordeaux)<\/h3>\n\n\n\n<p>G\u00e9n\u00e9ration spontan\u00e9e, exp\u00e9riences Pasteur<\/p>\n\n\n\n<div class=\"wp-block-file\"><a id=\"wp-block-file--media-1bcac985-f185-446b-8a30-817e17aecf41\" href=\"https:\/\/ent2d.ac-bordeaux.fr\/disciplines\/svt\/wp-content\/uploads\/sites\/4\/2024\/12\/Conference-Pascal-Duris-4-decembre-204.pdf\" target=\"_blank\" rel=\"noreferrer noopener\">Diaporama P Duris 041224<\/a><a href=\"https:\/\/ent2d.ac-bordeaux.fr\/disciplines\/svt\/wp-content\/uploads\/sites\/4\/2024\/12\/Conference-Pascal-Duris-4-decembre-204.pdf\" class=\"wp-block-file__button wp-element-button\" download aria-describedby=\"wp-block-file--media-1bcac985-f185-446b-8a30-817e17aecf41\">T\u00e9l\u00e9charger<\/a><\/div>\n\n\n\n<h3 class=\"wp-block-heading\">Mme. Marza (Ma\u00eetresse de conf\u00e9rence Microbiologie fondamentale et pathog\u00e9nicit\u00e9 &#8211; Universit\u00e9 de Bordeaux)<\/h3>\n\n\n\n<p>Les maladies \u00e9mergentes, exemple de la COVID-19<\/p>\n\n\n\n<div class=\"wp-block-file\"><a id=\"wp-block-file--media-b693440d-d611-47ce-838c-4763bdf07050\" href=\"https:\/\/ent2d.ac-bordeaux.fr\/disciplines\/svt\/wp-content\/uploads\/sites\/4\/2025\/02\/COVID-2025.pdf\">COVID-2025<\/a><a href=\"https:\/\/ent2d.ac-bordeaux.fr\/disciplines\/svt\/wp-content\/uploads\/sites\/4\/2025\/02\/COVID-2025.pdf\" class=\"wp-block-file__button wp-element-button\" download aria-describedby=\"wp-block-file--media-b693440d-d611-47ce-838c-4763bdf07050\">T\u00e9l\u00e9charger<\/a><\/div>\n\n\n\n<h1 class=\"wp-block-heading\">Ann\u00e9e 2022 &#8211; 2023<\/h1>\n\n\n\n<h3 class=\"wp-block-heading\">M. Jubault-Bregler, professeur de SVT en CPGE BCPST<\/h3>\n\n\n\n<div class=\"wp-block-button\"><a class=\"wp-block-button__link wp-element-button\" href=\"https:\/\/ent2d.ac-bordeaux.fr\/disciplines\/svt\/enseigner-levolution-au-college-conference-de-marc-jubault-bregler\/\">Enseigner l\u2019\u00c9volution au coll\u00e8ge <\/a><\/div>\n\n\n\n<h1 class=\"wp-block-heading\">Ann\u00e9e 2018 &#8211; 2019<\/h1>\n\n\n\n<h3 class=\"wp-block-heading\">M. Jubault-Bregler (professeur de SVT en CPGE BCPST au lyc\u00e9e Montaigne de Bordeaux)<\/h3>\n\n\n\n<div class=\"wp-block-button\"><a class=\"wp-block-button__link wp-element-button\" href=\"lhistoire-humaine-lue-dans-son-genome\">L&rsquo;histoire humaine lue dans son g\u00e9nome<\/a><\/div>\n\n\n\n<h3 class=\"wp-block-heading\">M. Duris (professeur en \u00e9pist\u00e9mologie et histoire des sciences &#8211; Universit\u00e9 de Bordeaux)<\/h3>\n\n\n\n<div class=\"wp-block-button\"><a class=\"wp-block-button__link wp-element-button\" href=\"la-construction-du-savoir-scientifique\">La construction du savoir scientifique<\/a><\/div>\n\n\n\n<h1 class=\"wp-block-heading\">Ann\u00e9e 2019 &#8211; 2020<\/h1>\n\n\n\n<h3 class=\"wp-block-heading\"><strong>M. Colot<\/strong> (Directeur de recherche au CNRS groupe dynamique des g\u00e9nomes et variation \u00e9pig\u00e9n\u00e9tique \u00e0 l\u2019ENS de Paris)<\/h3>\n\n\n\n<div class=\"wp-block-button\"><a class=\"wp-block-button__link\" href=\"lepigenetique-transgenerationelle-a-lheure-du-sequencage-des-genomes-faits-et-controverses\">L&rsquo;\u00e9pig\u00e9n\u00e9tique  transg\u00e9n\u00e9rationnelle \u00e0 l&rsquo;heure du s\u00e9quen\u00e7age des g\u00e9nomes ; faits et  controverses<a href=\"https:\/\/ent2d.ac-bordeaux.fr\/disciplines\/svt\/lepigenetique-transgenerationelle-a-lheure-du-sequencage-des-genomes-faits-et-controverses\/\"><\/a><\/a><\/div>\n\n\n\n<h3 class=\"wp-block-heading\">M. Haxaire (professeur de SVT, entomologiste, chercheur associ\u00e9 au MHN de Paris)<\/h3>\n\n\n\n<div class=\"wp-block-button\"><a class=\"wp-block-button__link wp-element-button\" href=\"questionner-la-notion-despece-en-sappuyant-sur-les-apports-modernes-du-sequencage-de-ladn\">Questionner la notion d\u2019esp\u00e8ce en s\u2019appuyant sur  les apports modernes du s\u00e9quen\u00e7age de l\u2019ADN\ufeff<\/a><\/div>\n\n\n\n<h3 class=\"wp-block-heading\">Mme F\u00e9lonneau (Pr. Psychologie Sociale et EnvironnementaleLaboratoire de Psychologie \u00ab&nbsp;LabPsy&nbsp;\u00bbUniversit\u00e9 de Bordeaux)<\/h3>\n\n\n\n<p>Perception environnementale et changements comportementaux. L\u2019adaptabilit\u00e9 : freins et leviers<\/p>\n\n\n\n<div class=\"wp-block-file\"><a id=\"wp-block-file--media-70039925-57c2-44cd-82db-c99afd528a1b\" href=\"https:\/\/ent2d.ac-bordeaux.fr\/disciplines\/svt\/wp-content\/uploads\/sites\/4\/2020\/04\/Pr\u00e9sentation-ML-F\u00e9lonneau-140220.pptx\">Diaporama ML F\u00e9lonneau 140220<\/a><a href=\"https:\/\/ent2d.ac-bordeaux.fr\/disciplines\/svt\/wp-content\/uploads\/sites\/4\/2020\/04\/Pr\u00e9sentation-ML-F\u00e9lonneau-140220.pptx\" class=\"wp-block-file__button wp-element-button\" download aria-describedby=\"wp-block-file--media-70039925-57c2-44cd-82db-c99afd528a1b\">T\u00e9l\u00e9charger<\/a><\/div>\n","protected":false},"excerpt":{"rendered":"<p>Ann\u00e9e 2024- 2025 M. Duris (professeur en \u00e9pist\u00e9mologie et histoire des sciences &#8211; Universit\u00e9 de Bordeaux) G\u00e9n\u00e9ration spontan\u00e9e, exp\u00e9riences Pasteur Mme. Marza (Ma\u00eetresse de conf\u00e9rence Microbiologie fondamentale et pathog\u00e9nicit\u00e9 &#8211; Universit\u00e9 de Bordeaux) Les maladies \u00e9mergentes, exemple de la COVID-19 Ann\u00e9e 2022 &#8211; 2023 M. Jubault-Bregler, professeur de SVT en CPGE BCPST Enseigner l\u2019\u00c9volution au &hellip; <\/p>\n<p><a class=\"more-link btn\" href=\"https:\/\/ent2d.ac-bordeaux.fr\/disciplines\/svt\/ressources\/scientifiques\/conferences-scientifiques\/\">Lire la suite<\/a><\/p>\n","protected":false},"author":8,"featured_media":0,"parent":4185,"menu_order":1,"comment_status":"closed","ping_status":"closed","template":"template-onecolumn.php","meta":{"footnotes":""},"class_list":["post-2756","page","type-page","status-publish","hentry","nodate","item-wrap"],"_links":{"self":[{"href":"https:\/\/ent2d.ac-bordeaux.fr\/disciplines\/svt\/wp-json\/wp\/v2\/pages\/2756","targetHints":{"allow":["GET"]}}],"collection":[{"href":"https:\/\/ent2d.ac-bordeaux.fr\/disciplines\/svt\/wp-json\/wp\/v2\/pages"}],"about":[{"href":"https:\/\/ent2d.ac-bordeaux.fr\/disciplines\/svt\/wp-json\/wp\/v2\/types\/page"}],"author":[{"embeddable":true,"href":"https:\/\/ent2d.ac-bordeaux.fr\/disciplines\/svt\/wp-json\/wp\/v2\/users\/8"}],"replies":[{"embeddable":true,"href":"https:\/\/ent2d.ac-bordeaux.fr\/disciplines\/svt\/wp-json\/wp\/v2\/comments?post=2756"}],"version-history":[{"count":20,"href":"https:\/\/ent2d.ac-bordeaux.fr\/disciplines\/svt\/wp-json\/wp\/v2\/pages\/2756\/revisions"}],"predecessor-version":[{"id":5360,"href":"https:\/\/ent2d.ac-bordeaux.fr\/disciplines\/svt\/wp-json\/wp\/v2\/pages\/2756\/revisions\/5360"}],"up":[{"embeddable":true,"href":"https:\/\/ent2d.ac-bordeaux.fr\/disciplines\/svt\/wp-json\/wp\/v2\/pages\/4185"}],"wp:attachment":[{"href":"https:\/\/ent2d.ac-bordeaux.fr\/disciplines\/svt\/wp-json\/wp\/v2\/media?parent=2756"}],"curies":[{"name":"wp","href":"https:\/\/api.w.org\/{rel}","templated":true}]}}