{"id":2592,"date":"2019-07-03T19:40:46","date_gmt":"2019-07-03T18:40:46","guid":{"rendered":"https:\/\/ent2d.ac-bordeaux.fr\/disciplines\/svt\/?page_id=2592"},"modified":"2020-01-28T15:10:13","modified_gmt":"2020-01-28T14:10:13","slug":"premiere-specialite","status":"publish","type":"page","link":"https:\/\/ent2d.ac-bordeaux.fr\/disciplines\/svt\/python\/premiere-specialite\/","title":{"rendered":"Premi\u00e8re Sp\u00e9cialit\u00e9"},"content":{"rendered":"<p><strong>Pr\u00e9alable<\/strong><\/p>\n<p>Installer Edupython&nbsp;: <a href=\"http:\/\/download.tuxfamily.org\/edupython\/Setup_EP26.exe\">http:\/\/download.tuxfamily.org\/edupython\/Setup_EP26.exe<\/a><\/p>\n<p>Pr\u00e9caution : pas d\u2019accent, pas d\u2019espace, pas de virgule mais un point pour les nombres d\u00e9cimaux.<\/p>\n<p>Tout ce qui est pr\u00e9c\u00e9d\u00e9 par # n&rsquo;est pas lu par l&rsquo;\u00e9diteur : cela permet d&rsquo;ins\u00e9rer des explications.<\/p>\n<p>Choix p\u00e9dagogique d&rsquo;utiliser les fonctions vues en 2nde par les \u00e9l\u00e8ves et pas d&rsquo;aller chercher des fonctions toutes pr\u00eates dans des biblioth\u00e8ques Python pour la biologie (pour transcription et traduction par exemple).<\/p>\n\n\n<figure class=\"wp-block-pullquote\" style=\"border-color:#cf2e2e\"><blockquote class=\"has-text-color has-vivid-red-color\"><p>Th\u00e8me La Terre, la vie et l\u2019organisation du vivant<\/p><\/blockquote><\/figure>\n\n\n\n<figure class=\"wp-block-pullquote\" style=\"border-color:#00d084\"><blockquote class=\"has-text-color has-vivid-green-cyan-color\"><p>Sous-th\u00e8me Transmission, variation et expression du patrimoine g\u00e9n\u00e9tique<\/p><\/blockquote><\/figure>\n\n\n\n<div class=\"wp-block-button\"><a class=\"wp-block-button__link has-background has-vivid-cyan-blue-background-color\" href=\"https:\/\/ent2d.ac-bordeaux.fr\/disciplines\/svt\/enseigner\/ressources-academiques\/ressources-et-usages-numeriques\/coin-tice\/python\/premiere-specialite\/la-replication-de-ladn\/\">La r\u00e9plication de l&rsquo;ADN <\/a><\/div>\n\n\n\n<ul class=\"wp-block-list\"><li><strong><a href=\"https:\/\/ent2d.ac-bordeaux.fr\/disciplines\/svt\/enseigner\/ressources-academiques\/ressources-et-usages-numeriques\/coin-tice\/python\/premiere-specialite\/la-replication-de-ladn\/\">Calculer la longueur totale d\u2019une mol\u00e9cule d\u2019ADN dans un chromosome. <\/a><\/strong><\/li><\/ul>\n\n\n\n<ul class=\"wp-block-list\"><li><strong><a href=\"https:\/\/ent2d.ac-bordeaux.fr\/disciplines\/svt\/enseigner\/ressources-academiques\/ressources-et-usages-numeriques\/coin-tice\/python\/premiere-specialite\/la-replication-de-ladn\/3\/\">Calculer la longueur totale de l\u2019ensemble de l\u2019ADN d\u2019une cellule humaine. <\/a><\/strong><\/li><\/ul>\n\n\n\n<ul class=\"wp-block-list\"><li><strong><a href=\"https:\/\/ent2d.ac-bordeaux.fr\/disciplines\/svt\/enseigner\/ressources-academiques\/ressources-et-usages-numeriques\/coin-tice\/python\/premiere-specialite\/la-replication-de-ladn\/4\/\">Calculer la longueur d\u2019ADN de l\u2019ensemble des cellules humaines.<\/a><\/strong><\/li><\/ul>\n\n\n\n<div class=\"wp-block-button\"><a class=\"wp-block-button__link has-background has-vivid-cyan-blue-background-color\" href=\"https:\/\/ent2d.ac-bordeaux.fr\/disciplines\/svt\/enseigner\/ressources-academiques\/ressources-et-usages-numeriques\/coin-tice\/python\/premiere-specialite\/lexpression-du-patrimoine-genetique\/\">L\u2019expression du patrimoine g\u00e9n\u00e9tique <\/a><\/div>\n\n\n\n<ul class=\"wp-block-list\"><li><strong><a href=\"https:\/\/ent2d.ac-bordeaux.fr\/disciplines\/svt\/enseigner\/ressources-academiques\/ressources-et-usages-numeriques\/coin-tice\/python\/premiere-specialite\/lexpression-du-patrimoine-genetique\/\">Calculer le nombre de combinaisons possibles de s\u00e9quences de n nucl\u00e9otides de longueur quand n grandit.<\/a><\/strong><\/li><\/ul>\n\n\n\n<ul class=\"wp-block-list\"><li><strong><a href=\"https:\/\/ent2d.ac-bordeaux.fr\/disciplines\/svt\/enseigner\/ressources-academiques\/ressources-et-usages-numeriques\/coin-tice\/python\/premiere-specialite\/lexpression-du-patrimoine-genetique\/2\/\">Calculer le nombre de combinaisons possibles de s\u00e9quences de n acides amin\u00e9s quand n grandit.<\/a><\/strong><\/li><\/ul>\n\n\n\n<ul class=\"wp-block-list\"><li><strong>Concevoir un algorithme de traduction d\u2019une s\u00e9quence d\u2019ARN et \u00e9ventuellement le programmer dans un langage informatique (par exemple Python). <\/strong><\/li><\/ul>\n\n\n\n<p style=\"text-align:center\"><a href=\"https:\/\/ent2d.ac-bordeaux.fr\/disciplines\/svt\/enseigner\/ressources-academiques\/ressources-et-usages-numeriques\/coin-tice\/python\/premiere-specialite\/lexpression-du-patrimoine-genetique\/3\/\">DIFFICULTE : Niveau 1 <\/a><\/p>\n\n\n\n<p style=\"text-align:center\"><a href=\"https:\/\/ent2d.ac-bordeaux.fr\/disciplines\/svt\/enseigner\/ressources-academiques\/ressources-et-usages-numeriques\/coin-tice\/python\/premiere-specialite\/lexpression-du-patrimoine-genetique\/4\/\">DIFFICULTE : Niveau 2 <\/a><\/p>\n\n\n\n<blockquote class=\"wp-block-quote is-layout-flow wp-block-quote-is-layout-flow\"><p>R\u00e9alis\u00e9 avec l&rsquo;aide et les conseils pr\u00e9cieux de Claire Rouvi\u00e8re et Anne Gravelines, professeurs agr\u00e9g\u00e9s de Math\u00e9matiques du lyc\u00e9e Daguin \u00e0 M\u00e9rignac<\/p><\/blockquote>\n","protected":false},"excerpt":{"rendered":"<p>Pr\u00e9alable Installer Edupython&nbsp;: http:\/\/download.tuxfamily.org\/edupython\/Setup_EP26.exe Pr\u00e9caution : pas d\u2019accent, pas d\u2019espace, pas de virgule mais un point pour les nombres d\u00e9cimaux. Tout ce qui est pr\u00e9c\u00e9d\u00e9 par # n&rsquo;est pas lu par l&rsquo;\u00e9diteur : cela permet d&rsquo;ins\u00e9rer des explications. Choix p\u00e9dagogique d&rsquo;utiliser les fonctions vues en 2nde par les \u00e9l\u00e8ves et pas d&rsquo;aller chercher des fonctions &hellip; <\/p>\n<p><a class=\"more-link btn\" href=\"https:\/\/ent2d.ac-bordeaux.fr\/disciplines\/svt\/python\/premiere-specialite\/\">Lire la suite<\/a><\/p>\n","protected":false},"author":8,"featured_media":0,"parent":2523,"menu_order":3,"comment_status":"closed","ping_status":"closed","template":"template-onecolumn.php","meta":{"footnotes":""},"class_list":["post-2592","page","type-page","status-publish","hentry","nodate","item-wrap"],"_links":{"self":[{"href":"https:\/\/ent2d.ac-bordeaux.fr\/disciplines\/svt\/wp-json\/wp\/v2\/pages\/2592","targetHints":{"allow":["GET"]}}],"collection":[{"href":"https:\/\/ent2d.ac-bordeaux.fr\/disciplines\/svt\/wp-json\/wp\/v2\/pages"}],"about":[{"href":"https:\/\/ent2d.ac-bordeaux.fr\/disciplines\/svt\/wp-json\/wp\/v2\/types\/page"}],"author":[{"embeddable":true,"href":"https:\/\/ent2d.ac-bordeaux.fr\/disciplines\/svt\/wp-json\/wp\/v2\/users\/8"}],"replies":[{"embeddable":true,"href":"https:\/\/ent2d.ac-bordeaux.fr\/disciplines\/svt\/wp-json\/wp\/v2\/comments?post=2592"}],"version-history":[{"count":10,"href":"https:\/\/ent2d.ac-bordeaux.fr\/disciplines\/svt\/wp-json\/wp\/v2\/pages\/2592\/revisions"}],"predecessor-version":[{"id":2696,"href":"https:\/\/ent2d.ac-bordeaux.fr\/disciplines\/svt\/wp-json\/wp\/v2\/pages\/2592\/revisions\/2696"}],"up":[{"embeddable":true,"href":"https:\/\/ent2d.ac-bordeaux.fr\/disciplines\/svt\/wp-json\/wp\/v2\/pages\/2523"}],"wp:attachment":[{"href":"https:\/\/ent2d.ac-bordeaux.fr\/disciplines\/svt\/wp-json\/wp\/v2\/media?parent=2592"}],"curies":[{"name":"wp","href":"https:\/\/api.w.org\/{rel}","templated":true}]}}