{"id":2585,"date":"2019-07-03T18:16:46","date_gmt":"2019-07-03T17:16:46","guid":{"rendered":"https:\/\/ent2d.ac-bordeaux.fr\/disciplines\/svt\/?page_id=2585"},"modified":"2019-07-03T18:17:09","modified_gmt":"2019-07-03T17:17:09","slug":"i-les-fonctions","status":"publish","type":"page","link":"https:\/\/ent2d.ac-bordeaux.fr\/disciplines\/svt\/python\/ii-les-principales-structures-algorithmiques-en-python\/i-les-fonctions\/","title":{"rendered":"I Les fonctions"},"content":{"rendered":"\n<p>Il est possible d\u2019\u00e9crire des petits programmes interm\u00e9diaires appel\u00e9es fonctions.<\/p>\n\n\n\n<p>Exemple :<br>Voir exemple de transcription\/traduction<\/p>\n","protected":false},"excerpt":{"rendered":"<p>Il est possible d\u2019\u00e9crire des petits programmes interm\u00e9diaires appel\u00e9es fonctions. Exemple :Voir exemple de transcription\/traduction<\/p>\n","protected":false},"author":8,"featured_media":0,"parent":2526,"menu_order":9,"comment_status":"closed","ping_status":"closed","template":"template-onecolumn.php","meta":{"footnotes":""},"class_list":["post-2585","page","type-page","status-publish","hentry","nodate","item-wrap"],"_links":{"self":[{"href":"https:\/\/ent2d.ac-bordeaux.fr\/disciplines\/svt\/wp-json\/wp\/v2\/pages\/2585","targetHints":{"allow":["GET"]}}],"collection":[{"href":"https:\/\/ent2d.ac-bordeaux.fr\/disciplines\/svt\/wp-json\/wp\/v2\/pages"}],"about":[{"href":"https:\/\/ent2d.ac-bordeaux.fr\/disciplines\/svt\/wp-json\/wp\/v2\/types\/page"}],"author":[{"embeddable":true,"href":"https:\/\/ent2d.ac-bordeaux.fr\/disciplines\/svt\/wp-json\/wp\/v2\/users\/8"}],"replies":[{"embeddable":true,"href":"https:\/\/ent2d.ac-bordeaux.fr\/disciplines\/svt\/wp-json\/wp\/v2\/comments?post=2585"}],"version-history":[{"count":2,"href":"https:\/\/ent2d.ac-bordeaux.fr\/disciplines\/svt\/wp-json\/wp\/v2\/pages\/2585\/revisions"}],"predecessor-version":[{"id":2588,"href":"https:\/\/ent2d.ac-bordeaux.fr\/disciplines\/svt\/wp-json\/wp\/v2\/pages\/2585\/revisions\/2588"}],"up":[{"embeddable":true,"href":"https:\/\/ent2d.ac-bordeaux.fr\/disciplines\/svt\/wp-json\/wp\/v2\/pages\/2526"}],"wp:attachment":[{"href":"https:\/\/ent2d.ac-bordeaux.fr\/disciplines\/svt\/wp-json\/wp\/v2\/media?parent=2585"}],"curies":[{"name":"wp","href":"https:\/\/api.w.org\/{rel}","templated":true}]}}