{"id":2581,"date":"2019-07-03T18:13:29","date_gmt":"2019-07-03T17:13:29","guid":{"rendered":"https:\/\/ent2d.ac-bordeaux.fr\/disciplines\/svt\/?page_id=2581"},"modified":"2019-07-03T18:15:59","modified_gmt":"2019-07-03T17:15:59","slug":"h-la-boucle-non-bornee-while","status":"publish","type":"page","link":"https:\/\/ent2d.ac-bordeaux.fr\/disciplines\/svt\/python\/ii-les-principales-structures-algorithmiques-en-python\/h-la-boucle-non-bornee-while\/","title":{"rendered":"H La boucle non born\u00e9e while"},"content":{"rendered":"\n<p>La boucle non born\u00e9e permet de r\u00e9p\u00e9ter une ou plusieurs instructions un nombre inconnu de fois tant qu\u2019une condition est toujours v\u00e9rifi\u00e9e.<\/p>\n\n\n\n<p>\n\n\n\n\n\n\n\n\n\n\n\n\n\n\n\n\nExemple&nbsp;:\n\n\n\n<\/p>\n\n\n\n<table class=\"wp-block-table is-style-stripes\"><tbody><tr><td>Editeur<\/td><\/tr><tr><td>pps = 0<br>ddp_mV=-70<br>while ddp_mV &lt;=-50 :<br>    pps = pps + 1<br>    ddp_mV = ddp_mV + pps<br>print(pps)<\/td><\/tr><tr><td>Console (apr\u00e8s ex\u00e9cution)<\/td><\/tr><tr><td>&gt;&gt;&gt;<br>6<br>&gt;&gt;&gt;<\/td><\/tr><\/tbody><\/table>\n\n\n\n<p>\n\n\n\n\n\n\n\n\n\n\n\n\n\n\n\n\nL\u2019instruction a \u00e9t\u00e9 r\u00e9p\u00e9t\u00e9e 6 fois avant que <em>ddp_mV<\/em> d\u00e9passe -50.\n\n\n\n<\/p>\n","protected":false},"excerpt":{"rendered":"<p>La boucle non born\u00e9e permet de r\u00e9p\u00e9ter une ou plusieurs instructions un nombre inconnu de fois tant qu\u2019une condition est toujours v\u00e9rifi\u00e9e. Exemple&nbsp;: Editeur pps = 0ddp_mV=-70while ddp_mV &lt;=-50 : pps = pps + 1 ddp_mV = ddp_mV + ppsprint(pps) Console (apr\u00e8s ex\u00e9cution) &gt;&gt;&gt;6&gt;&gt;&gt; L\u2019instruction a \u00e9t\u00e9 r\u00e9p\u00e9t\u00e9e 6 fois avant que ddp_mV d\u00e9passe -50.<\/p>\n","protected":false},"author":8,"featured_media":0,"parent":2526,"menu_order":8,"comment_status":"closed","ping_status":"closed","template":"template-onecolumn.php","meta":{"footnotes":""},"class_list":["post-2581","page","type-page","status-publish","hentry","nodate","item-wrap"],"_links":{"self":[{"href":"https:\/\/ent2d.ac-bordeaux.fr\/disciplines\/svt\/wp-json\/wp\/v2\/pages\/2581","targetHints":{"allow":["GET"]}}],"collection":[{"href":"https:\/\/ent2d.ac-bordeaux.fr\/disciplines\/svt\/wp-json\/wp\/v2\/pages"}],"about":[{"href":"https:\/\/ent2d.ac-bordeaux.fr\/disciplines\/svt\/wp-json\/wp\/v2\/types\/page"}],"author":[{"embeddable":true,"href":"https:\/\/ent2d.ac-bordeaux.fr\/disciplines\/svt\/wp-json\/wp\/v2\/users\/8"}],"replies":[{"embeddable":true,"href":"https:\/\/ent2d.ac-bordeaux.fr\/disciplines\/svt\/wp-json\/wp\/v2\/comments?post=2581"}],"version-history":[{"count":2,"href":"https:\/\/ent2d.ac-bordeaux.fr\/disciplines\/svt\/wp-json\/wp\/v2\/pages\/2581\/revisions"}],"predecessor-version":[{"id":2584,"href":"https:\/\/ent2d.ac-bordeaux.fr\/disciplines\/svt\/wp-json\/wp\/v2\/pages\/2581\/revisions\/2584"}],"up":[{"embeddable":true,"href":"https:\/\/ent2d.ac-bordeaux.fr\/disciplines\/svt\/wp-json\/wp\/v2\/pages\/2526"}],"wp:attachment":[{"href":"https:\/\/ent2d.ac-bordeaux.fr\/disciplines\/svt\/wp-json\/wp\/v2\/media?parent=2581"}],"curies":[{"name":"wp","href":"https:\/\/api.w.org\/{rel}","templated":true}]}}