{"id":2576,"date":"2019-07-03T18:07:35","date_gmt":"2019-07-03T17:07:35","guid":{"rendered":"https:\/\/ent2d.ac-bordeaux.fr\/disciplines\/svt\/?page_id=2576"},"modified":"2019-07-03T18:12:44","modified_gmt":"2019-07-03T17:12:44","slug":"g-la-boucle-bornee-for","status":"publish","type":"page","link":"https:\/\/ent2d.ac-bordeaux.fr\/disciplines\/svt\/python\/ii-les-principales-structures-algorithmiques-en-python\/g-la-boucle-bornee-for\/","title":{"rendered":"G La boucle born\u00e9e for"},"content":{"rendered":"\n<p>\n\n\n\n\n\n\n\n\n\n\n\n\n\n\n\n\nLa boucle born\u00e9e permet de r\u00e9p\u00e9ter une ou\nplusieurs instructions un nombre d\u00e9fini de fois. La fonction <em>range()<\/em> permet de pr\u00e9ciser le nombre de\npassages dans la boucle de diff\u00e9rentes fa\u00e7ons&nbsp;:\n\n\n\n<\/p>\n\n\n\n<ul class=\"wp-block-list\"><li> for i in range(n) qui signifie en langage naturel que La variable i prend les valeurs enti\u00e8res de 0 \u00e0 n-1. L\u2019instruction de la ligne suivante avec indentation sera r\u00e9alis\u00e9e avec cette s\u00e9rie de valeurs. <\/li><\/ul>\n\n\n\n<ul class=\"wp-block-list\"><li> for i in range(n,m) qui signifie en langage naturel que La variable i prend les valeurs enti\u00e8res de n \u00e0 m-1. L\u2019instruction de la ligne suivante avec indentation sera r\u00e9alis\u00e9e avec cette s\u00e9rie de valeurs. <\/li><\/ul>\n\n\n\n<ul class=\"wp-block-list\"><li> for i in range(n,m,k) qui signifie en langage naturel que La variable i prend les valeurs enti\u00e8res de n \u00e0 m-1 avec un pas de k. L\u2019instruction de la ligne suivante avec indentation sera r\u00e9alis\u00e9e avec cette s\u00e9rie de valeurs. <\/li><\/ul>\n\n\n\n<p>\n\n\n\n\n\n\n\n\n\n\n\n\n\n\n\n\nExemple 1&nbsp;:\n\n\n\n<\/p>\n\n\n\n<table class=\"wp-block-table is-style-stripes\"><tbody><tr><td>Editeur<\/td><\/tr><tr><td>for i in range(3) :<br>    print(i)<\/td><\/tr><tr><td>Console (apr\u00e8s ex\u00e9cution)<\/td><\/tr><tr><td>&gt;&gt;&gt;<br>0<br>1<br>2<br>&gt;&gt;&gt;<\/td><\/tr><\/tbody><\/table>\n\n\n\n<p>\n\n\n\n\n\n\n\n\n\n\n\n\n\n\n\n\nExemple 2&nbsp;:\n\n\n\n<\/p>\n\n\n\n<table class=\"wp-block-table is-style-stripes\"><tbody><tr><td>Editeur<\/td><\/tr><tr><td>for i in range(12,16) :<br>   print(i)<\/td><\/tr><tr><td>Console (apr\u00e8s ex\u00e9cution)<\/td><\/tr><tr><td>&gt;&gt;&gt;<br>12<br>13<br>14<br>15<br>&gt;&gt;&gt;<\/td><\/tr><\/tbody><\/table>\n\n\n\n<p>\n\n\n\n\n\n\n\n\n\n\n\n\n\n\n\n\nExemple 3&nbsp;:\n\n\n\n<\/p>\n\n\n\n<table class=\"wp-block-table is-style-stripes\"><tbody><tr><td>Editeur<\/td><\/tr><tr><td>for i in range(5,15,3) :<br>    print(i)<\/td><\/tr><tr><td>Console (apr\u00e8s ex\u00e9cution)<\/td><\/tr><tr><td>&gt;&gt;&gt;<br>5<br>8<br>11<br>14<br>&gt;&gt;&gt;<\/td><\/tr><\/tbody><\/table>\n","protected":false},"excerpt":{"rendered":"<p>La boucle born\u00e9e permet de r\u00e9p\u00e9ter une ou plusieurs instructions un nombre d\u00e9fini de fois. La fonction range() permet de pr\u00e9ciser le nombre de passages dans la boucle de diff\u00e9rentes fa\u00e7ons&nbsp;: for i in range(n) qui signifie en langage naturel que La variable i prend les valeurs enti\u00e8res de 0 \u00e0 n-1. L\u2019instruction de la &hellip; <\/p>\n<p><a class=\"more-link btn\" href=\"https:\/\/ent2d.ac-bordeaux.fr\/disciplines\/svt\/python\/ii-les-principales-structures-algorithmiques-en-python\/g-la-boucle-bornee-for\/\">Lire la suite<\/a><\/p>\n","protected":false},"author":8,"featured_media":0,"parent":2526,"menu_order":7,"comment_status":"closed","ping_status":"closed","template":"template-onecolumn.php","meta":{"footnotes":""},"class_list":["post-2576","page","type-page","status-publish","hentry","nodate","item-wrap"],"_links":{"self":[{"href":"https:\/\/ent2d.ac-bordeaux.fr\/disciplines\/svt\/wp-json\/wp\/v2\/pages\/2576","targetHints":{"allow":["GET"]}}],"collection":[{"href":"https:\/\/ent2d.ac-bordeaux.fr\/disciplines\/svt\/wp-json\/wp\/v2\/pages"}],"about":[{"href":"https:\/\/ent2d.ac-bordeaux.fr\/disciplines\/svt\/wp-json\/wp\/v2\/types\/page"}],"author":[{"embeddable":true,"href":"https:\/\/ent2d.ac-bordeaux.fr\/disciplines\/svt\/wp-json\/wp\/v2\/users\/8"}],"replies":[{"embeddable":true,"href":"https:\/\/ent2d.ac-bordeaux.fr\/disciplines\/svt\/wp-json\/wp\/v2\/comments?post=2576"}],"version-history":[{"count":2,"href":"https:\/\/ent2d.ac-bordeaux.fr\/disciplines\/svt\/wp-json\/wp\/v2\/pages\/2576\/revisions"}],"predecessor-version":[{"id":2579,"href":"https:\/\/ent2d.ac-bordeaux.fr\/disciplines\/svt\/wp-json\/wp\/v2\/pages\/2576\/revisions\/2579"}],"up":[{"embeddable":true,"href":"https:\/\/ent2d.ac-bordeaux.fr\/disciplines\/svt\/wp-json\/wp\/v2\/pages\/2526"}],"wp:attachment":[{"href":"https:\/\/ent2d.ac-bordeaux.fr\/disciplines\/svt\/wp-json\/wp\/v2\/media?parent=2576"}],"curies":[{"name":"wp","href":"https:\/\/api.w.org\/{rel}","templated":true}]}}