{"id":2543,"date":"2019-07-03T17:33:25","date_gmt":"2019-07-03T16:33:25","guid":{"rendered":"https:\/\/ent2d.ac-bordeaux.fr\/disciplines\/svt\/?page_id=2543"},"modified":"2019-07-03T17:48:59","modified_gmt":"2019-07-03T16:48:59","slug":"b-les-listes","status":"publish","type":"page","link":"https:\/\/ent2d.ac-bordeaux.fr\/disciplines\/svt\/python\/ii-les-principales-structures-algorithmiques-en-python\/b-les-listes\/","title":{"rendered":"B Les listes"},"content":{"rendered":"\n<p>Les listes\npermettent de stocker plusieurs variables au cours de l\u2019ex\u00e9cution d\u2019un programme.\nLes listes sont des collections d\u2019objets de diff\u00e9rents types (variables\nnum\u00e9riques, cha\u00eenes de caract\u00e8res, listes&nbsp;! \u2026).<\/p>\n\n\n\n<p>Exemple&nbsp;:\n\nGene = [\u2018ATGCGCCTTAAA\u2019]\n\n\n\n<\/p>\n","protected":false},"excerpt":{"rendered":"<p>Les listes permettent de stocker plusieurs variables au cours de l\u2019ex\u00e9cution d\u2019un programme. Les listes sont des collections d\u2019objets de diff\u00e9rents types (variables num\u00e9riques, cha\u00eenes de caract\u00e8res, listes&nbsp;! \u2026). Exemple&nbsp;: Gene = [\u2018ATGCGCCTTAAA\u2019]<\/p>\n","protected":false},"author":8,"featured_media":0,"parent":2526,"menu_order":2,"comment_status":"closed","ping_status":"closed","template":"template-onecolumn.php","meta":{"footnotes":""},"class_list":["post-2543","page","type-page","status-publish","hentry","nodate","item-wrap"],"_links":{"self":[{"href":"https:\/\/ent2d.ac-bordeaux.fr\/disciplines\/svt\/wp-json\/wp\/v2\/pages\/2543","targetHints":{"allow":["GET"]}}],"collection":[{"href":"https:\/\/ent2d.ac-bordeaux.fr\/disciplines\/svt\/wp-json\/wp\/v2\/pages"}],"about":[{"href":"https:\/\/ent2d.ac-bordeaux.fr\/disciplines\/svt\/wp-json\/wp\/v2\/types\/page"}],"author":[{"embeddable":true,"href":"https:\/\/ent2d.ac-bordeaux.fr\/disciplines\/svt\/wp-json\/wp\/v2\/users\/8"}],"replies":[{"embeddable":true,"href":"https:\/\/ent2d.ac-bordeaux.fr\/disciplines\/svt\/wp-json\/wp\/v2\/comments?post=2543"}],"version-history":[{"count":1,"href":"https:\/\/ent2d.ac-bordeaux.fr\/disciplines\/svt\/wp-json\/wp\/v2\/pages\/2543\/revisions"}],"predecessor-version":[{"id":2544,"href":"https:\/\/ent2d.ac-bordeaux.fr\/disciplines\/svt\/wp-json\/wp\/v2\/pages\/2543\/revisions\/2544"}],"up":[{"embeddable":true,"href":"https:\/\/ent2d.ac-bordeaux.fr\/disciplines\/svt\/wp-json\/wp\/v2\/pages\/2526"}],"wp:attachment":[{"href":"https:\/\/ent2d.ac-bordeaux.fr\/disciplines\/svt\/wp-json\/wp\/v2\/media?parent=2543"}],"curies":[{"name":"wp","href":"https:\/\/api.w.org\/{rel}","templated":true}]}}