{"id":2524,"date":"2019-07-03T17:13:14","date_gmt":"2019-07-03T16:13:14","guid":{"rendered":"https:\/\/ent2d.ac-bordeaux.fr\/disciplines\/svt\/?page_id=2524"},"modified":"2019-07-03T17:42:45","modified_gmt":"2019-07-03T16:42:45","slug":"i-les-notions-et-outils-de-base","status":"publish","type":"page","link":"https:\/\/ent2d.ac-bordeaux.fr\/disciplines\/svt\/python\/i-les-notions-et-outils-de-base\/","title":{"rendered":"I Les notions et outils de base"},"content":{"rendered":"\n<p>Un <strong>algorithme<\/strong> est un ensemble d\u2019<strong>instructions<\/strong> qui s\u2019encha\u00eenent les unes\napr\u00e8s les autres dans un ordre logique et bien d\u00e9termin\u00e9. Il peut s\u2019\u00e9crire en <strong>langage naturel<\/strong> (c\u2019est-\u00e0-dire en\nfran\u00e7ais) ou en <strong>langage informatique<\/strong>\n(langage compris et interpr\u00e9t\u00e9 par un ordinateur).\n\nUne <strong>instruction<\/strong> est une s\u00e9rie d\u2019actions contenant des mots-cl\u00e9s ainsi\nque des connecteurs logiques et faisant intervenir des <strong>variables<\/strong>.\n\n\n\n<\/p>\n\n\n\n<p>\n\n\n\n\n\n\n\n\n\n\n\n\n\n\n\n\nL\u2019environnement conseill\u00e9 pour utiliser le\nlangage de programmation <strong>Python<\/strong> est\nle logiciel <strong>Edupython<\/strong>\n(gratuit)&nbsp;: <a href=\"https:\/\/edupython.tuxfamily.org\/\">https:\/\/edupython.tuxfamily.org\/<\/a><\/p>\n\n\n\n<figure class=\"wp-block-image\"><img loading=\"lazy\" decoding=\"async\" width=\"1024\" height=\"587\" src=\"https:\/\/ent2d.ac-bordeaux.fr\/disciplines\/svt\/wp-content\/uploads\/sites\/4\/2019\/07\/Capture-Edupython-1024x587.jpeg\" alt=\"\" class=\"wp-image-2528\" srcset=\"https:\/\/ent2d.ac-bordeaux.fr\/disciplines\/svt\/wp-content\/uploads\/sites\/4\/2019\/07\/Capture-Edupython-1024x587.jpeg 1024w, https:\/\/ent2d.ac-bordeaux.fr\/disciplines\/svt\/wp-content\/uploads\/sites\/4\/2019\/07\/Capture-Edupython-300x172.jpeg 300w, https:\/\/ent2d.ac-bordeaux.fr\/disciplines\/svt\/wp-content\/uploads\/sites\/4\/2019\/07\/Capture-Edupython-768x440.jpeg 768w\" sizes=\"auto, (max-width: 1024px) 100vw, 1024px\" \/><figcaption>Logiciel Edupython<\/figcaption><\/figure>\n\n\n\n<p><\/p>\n","protected":false},"excerpt":{"rendered":"<p>Un algorithme est un ensemble d\u2019instructions qui s\u2019encha\u00eenent les unes apr\u00e8s les autres dans un ordre logique et bien d\u00e9termin\u00e9. Il peut s\u2019\u00e9crire en langage naturel (c\u2019est-\u00e0-dire en fran\u00e7ais) ou en langage informatique (langage compris et interpr\u00e9t\u00e9 par un ordinateur). Une instruction est une s\u00e9rie d\u2019actions contenant des mots-cl\u00e9s ainsi que des connecteurs logiques et &hellip; <\/p>\n<p><a class=\"more-link btn\" href=\"https:\/\/ent2d.ac-bordeaux.fr\/disciplines\/svt\/python\/i-les-notions-et-outils-de-base\/\">Lire la suite<\/a><\/p>\n","protected":false},"author":8,"featured_media":0,"parent":2523,"menu_order":1,"comment_status":"closed","ping_status":"closed","template":"template-onecolumn.php","meta":{"footnotes":""},"class_list":["post-2524","page","type-page","status-publish","hentry","nodate","item-wrap"],"_links":{"self":[{"href":"https:\/\/ent2d.ac-bordeaux.fr\/disciplines\/svt\/wp-json\/wp\/v2\/pages\/2524","targetHints":{"allow":["GET"]}}],"collection":[{"href":"https:\/\/ent2d.ac-bordeaux.fr\/disciplines\/svt\/wp-json\/wp\/v2\/pages"}],"about":[{"href":"https:\/\/ent2d.ac-bordeaux.fr\/disciplines\/svt\/wp-json\/wp\/v2\/types\/page"}],"author":[{"embeddable":true,"href":"https:\/\/ent2d.ac-bordeaux.fr\/disciplines\/svt\/wp-json\/wp\/v2\/users\/8"}],"replies":[{"embeddable":true,"href":"https:\/\/ent2d.ac-bordeaux.fr\/disciplines\/svt\/wp-json\/wp\/v2\/comments?post=2524"}],"version-history":[{"count":2,"href":"https:\/\/ent2d.ac-bordeaux.fr\/disciplines\/svt\/wp-json\/wp\/v2\/pages\/2524\/revisions"}],"predecessor-version":[{"id":2529,"href":"https:\/\/ent2d.ac-bordeaux.fr\/disciplines\/svt\/wp-json\/wp\/v2\/pages\/2524\/revisions\/2529"}],"up":[{"embeddable":true,"href":"https:\/\/ent2d.ac-bordeaux.fr\/disciplines\/svt\/wp-json\/wp\/v2\/pages\/2523"}],"wp:attachment":[{"href":"https:\/\/ent2d.ac-bordeaux.fr\/disciplines\/svt\/wp-json\/wp\/v2\/media?parent=2524"}],"curies":[{"name":"wp","href":"https:\/\/api.w.org\/{rel}","templated":true}]}}