{"id":2390,"date":"2019-03-03T21:54:22","date_gmt":"2019-03-03T20:54:22","guid":{"rendered":"https:\/\/ent2d.ac-bordeaux.fr\/disciplines\/svt\/?page_id=2390"},"modified":"2019-03-03T22:02:43","modified_gmt":"2019-03-03T21:02:43","slug":"mentimeter-2","status":"publish","type":"page","link":"https:\/\/ent2d.ac-bordeaux.fr\/disciplines\/svt\/mentimeter-2\/","title":{"rendered":"MENTIMETER"},"content":{"rendered":"<p>Logo Mentimeter<\/p>\n<h1>Mat\u00e9riel n\u00e9cessaire \u2013 professeur :<\/h1>\n<p>Ordinateur (pr\u00e9paration)<\/p>\n<p>Ordinateur avec vid\u00e9oprojecteur (en classe)<\/p>\n<h1>Mat\u00e9riel n\u00e9cessaire \u2013 \u00e9l\u00e8ve ou stagiaire :<\/h1>\n<p>Smartphone avec application Mentimeter ( <a href=\"https:\/\/play.google.com\/store\/apps\/details?id=com.mentimeter.voting&amp;hl=fr\">Android<\/a> <a href=\"https:\/\/itunes.apple.com\/fr\/app\/mentimeter\/id1064435577?mt=8\">iOS<\/a>) ou acc\u00e8s au site<\/p>\n<h1>Exemples d\u2019utilisation : Vote en direct pour interargir avec le public<\/h1>\n<p>Apr\u00e8s cr\u00e9ation de compte (gratuit) sur le <a href=\"https:\/\/www.mentimeter.com\/\">site<\/a>, cr\u00e9ez votre question dans votre pr\u00e9sentation.<\/p>\n<p>Les votants votent sur l&rsquo;application ou le site apr\u00e8s avoir entr\u00e9 le code de votre pr\u00e9sentation.<\/p>\n<p>Les r\u00e9sultats sont visibles en temps r\u00e9el dans votre pr\u00e9sentation.<\/p>\n<h1>Tutoriels :<\/h1>\n<div style=\"width: 640px;\" class=\"wp-video\"><video class=\"wp-video-shortcode\" id=\"video-2390-1\" width=\"640\" height=\"360\" preload=\"metadata\" controls=\"controls\"><source type=\"video\/youtube\" src=\"https:\/\/youtu.be\/grIiDWNADGg?_=1\" \/><a href=\"https:\/\/youtu.be\/grIiDWNADGg\">https:\/\/youtu.be\/grIiDWNADGg<\/a><\/video><\/div>\n","protected":false},"excerpt":{"rendered":"<p>Logo Mentimeter Mat\u00e9riel n\u00e9cessaire \u2013 professeur : Ordinateur (pr\u00e9paration) Ordinateur avec vid\u00e9oprojecteur (en classe) Mat\u00e9riel n\u00e9cessaire \u2013 \u00e9l\u00e8ve ou stagiaire : Smartphone avec application Mentimeter ( Android iOS) ou acc\u00e8s au site Exemples d\u2019utilisation : Vote en direct pour interargir avec le public Apr\u00e8s cr\u00e9ation de compte (gratuit) sur le site, cr\u00e9ez votre question dans &hellip; <\/p>\n<p><a class=\"more-link btn\" href=\"https:\/\/ent2d.ac-bordeaux.fr\/disciplines\/svt\/mentimeter-2\/\">Lire la suite<\/a><\/p>\n","protected":false},"author":8,"featured_media":0,"parent":0,"menu_order":0,"comment_status":"closed","ping_status":"closed","template":"","meta":{"footnotes":""},"class_list":["post-2390","page","type-page","status-publish","hentry","nodate","item-wrap"],"_links":{"self":[{"href":"https:\/\/ent2d.ac-bordeaux.fr\/disciplines\/svt\/wp-json\/wp\/v2\/pages\/2390","targetHints":{"allow":["GET"]}}],"collection":[{"href":"https:\/\/ent2d.ac-bordeaux.fr\/disciplines\/svt\/wp-json\/wp\/v2\/pages"}],"about":[{"href":"https:\/\/ent2d.ac-bordeaux.fr\/disciplines\/svt\/wp-json\/wp\/v2\/types\/page"}],"author":[{"embeddable":true,"href":"https:\/\/ent2d.ac-bordeaux.fr\/disciplines\/svt\/wp-json\/wp\/v2\/users\/8"}],"replies":[{"embeddable":true,"href":"https:\/\/ent2d.ac-bordeaux.fr\/disciplines\/svt\/wp-json\/wp\/v2\/comments?post=2390"}],"version-history":[{"count":3,"href":"https:\/\/ent2d.ac-bordeaux.fr\/disciplines\/svt\/wp-json\/wp\/v2\/pages\/2390\/revisions"}],"predecessor-version":[{"id":2395,"href":"https:\/\/ent2d.ac-bordeaux.fr\/disciplines\/svt\/wp-json\/wp\/v2\/pages\/2390\/revisions\/2395"}],"wp:attachment":[{"href":"https:\/\/ent2d.ac-bordeaux.fr\/disciplines\/svt\/wp-json\/wp\/v2\/media?parent=2390"}],"curies":[{"name":"wp","href":"https:\/\/api.w.org\/{rel}","templated":true}]}}