{"id":2381,"date":"2019-03-03T21:32:22","date_gmt":"2019-03-03T20:32:22","guid":{"rendered":"https:\/\/ent2d.ac-bordeaux.fr\/disciplines\/svt\/?page_id=2381"},"modified":"2019-07-03T16:48:04","modified_gmt":"2019-07-03T15:48:04","slug":"2381-2","status":"publish","type":"page","link":"https:\/\/ent2d.ac-bordeaux.fr\/disciplines\/svt\/ressources\/numeriques\/coin-tice\/outils\/etudier\/2381-2\/","title":{"rendered":"QR Code"},"content":{"rendered":"<p><img loading=\"lazy\" decoding=\"async\" class=\" wp-image-2382 aligncenter\" src=\"https:\/\/ent2d.ac-bordeaux.fr\/disciplines\/svt\/wp-content\/uploads\/sites\/4\/2019\/03\/Qrcode_wikipedia_fr_v2clean.png\" alt=\"\" width=\"227\" height=\"227\" srcset=\"https:\/\/ent2d.ac-bordeaux.fr\/disciplines\/svt\/wp-content\/uploads\/sites\/4\/2019\/03\/Qrcode_wikipedia_fr_v2clean.png 440w, https:\/\/ent2d.ac-bordeaux.fr\/disciplines\/svt\/wp-content\/uploads\/sites\/4\/2019\/03\/Qrcode_wikipedia_fr_v2clean-150x150.png 150w, https:\/\/ent2d.ac-bordeaux.fr\/disciplines\/svt\/wp-content\/uploads\/sites\/4\/2019\/03\/Qrcode_wikipedia_fr_v2clean-300x300.png 300w\" sizes=\"auto, (max-width: 227px) 100vw, 227px\" \/><\/p>\n<p>Le&nbsp;<b>code QR<\/b>&nbsp;(en anglais&nbsp;<i><b><span class=\"lang-en\" lang=\"en\">QR Code<\/span><\/b><\/i>) est un type de&nbsp;code-barres&nbsp;en deux dimensions constitu\u00e9 de modules noirs dispos\u00e9s dans un carr\u00e9 \u00e0 fond blanc. L&rsquo;agencement de ces points d\u00e9finit l&rsquo;information que contient le code.&nbsp;<em>(Source Wikipedia)<\/em><\/p>\n<h1>Mat\u00e9riel n\u00e9cessaire \u2013 professeur :<\/h1>\n<p><span style=\"font-size: 12px\">Tablette ou Smartphone (pr\u00e9paration)<\/span><\/p>\n<p>Ordinateur (pr\u00e9paration)<\/p>\n<p>Ordinateur avec vid\u00e9oprojecteur (en classe &#8211; facultatif)<\/p>\n<p>Document papier avec QR Code<\/p>\n<h1>Mat\u00e9riel n\u00e9cessaire \u2013 \u00e9l\u00e8ve :<\/h1>\n<p><span style=\"font-size: 12px\">Tablette ou Smartphone avec application pour scanner les QR Codes.<\/span><\/p>\n<p>&nbsp;<\/p>\n<p><span style=\"color: #333333;font-family: 'Pontano Sans', arial, sans-serif;font-size: 22px\">Exemples d&rsquo;utilisation :<\/span><\/p>\n<p>Un QR Code int\u00e9gr\u00e9 \u00e0 un document papier ou projet\u00e9 au tableau (assez grande taille) qui est scann\u00e9 par un \u00e9l\u00e8ve lui permet d&rsquo;acc\u00e9der directement \u00e0 une ressource (vid\u00e9o d\u2019un geste technique, protocole, information, &#8230;) lors d\u2019un TP ou d&rsquo;un cours dans le but de gagner en autonomie et diff\u00e9rencier les activit\u00e9s.<\/p>\n<p><span style=\"color: #333333;font-family: 'Pontano Sans', arial, sans-serif;font-size: 22px\">Cr\u00e9ation d&rsquo;un QR Code :<\/span><\/p>\n<p>Il existe diff\u00e9rents outils en ligne pour cr\u00e9er un QR Code mais le site Classroom Screen d\u00e9j\u00e0 cit\u00e9 dans les outils TICE offre un outil simple et rapide :<\/p>\n<p><img loading=\"lazy\" decoding=\"async\" class=\"alignleft size-full wp-image-2385\" src=\"https:\/\/ent2d.ac-bordeaux.fr\/disciplines\/svt\/wp-content\/uploads\/sites\/4\/2019\/03\/Capture-d\u2019e\u0301cran-2019-03-03-a\u0300-21.19.07.png\" alt=\"\" width=\"1598\" height=\"184\" srcset=\"https:\/\/ent2d.ac-bordeaux.fr\/disciplines\/svt\/wp-content\/uploads\/sites\/4\/2019\/03\/Capture-d\u2019e\u0301cran-2019-03-03-a\u0300-21.19.07.png 1598w, https:\/\/ent2d.ac-bordeaux.fr\/disciplines\/svt\/wp-content\/uploads\/sites\/4\/2019\/03\/Capture-d\u2019e\u0301cran-2019-03-03-a\u0300-21.19.07-300x35.png 300w, https:\/\/ent2d.ac-bordeaux.fr\/disciplines\/svt\/wp-content\/uploads\/sites\/4\/2019\/03\/Capture-d\u2019e\u0301cran-2019-03-03-a\u0300-21.19.07-768x88.png 768w, https:\/\/ent2d.ac-bordeaux.fr\/disciplines\/svt\/wp-content\/uploads\/sites\/4\/2019\/03\/Capture-d\u2019e\u0301cran-2019-03-03-a\u0300-21.19.07-1024x118.png 1024w\" sizes=\"auto, (max-width: 1598px) 100vw, 1598px\" \/><\/p>\n<p>Il suffit de copier le lien vers une vid\u00e9o, une image ou un site dans la barre et taper \u00ab\u00a0Entr\u00e9e\u00a0\u00bb pour obtenir le QR Code :<\/p>\n<p>&nbsp;<\/p>\n<p>Un clic droit permet de copier ou enregistrer l&rsquo;image du QR Code pour ensuite l&rsquo;int\u00e9grer dans le support choisi (papier, diaporama projet\u00e9&#8230;) :<\/p>\n<p>&nbsp;<\/p>\n","protected":false},"excerpt":{"rendered":"<p>Le&nbsp;code QR&nbsp;(en anglais&nbsp;QR Code) est un type de&nbsp;code-barres&nbsp;en deux dimensions constitu\u00e9 de modules noirs dispos\u00e9s dans un carr\u00e9 \u00e0 fond blanc. L&rsquo;agencement de ces points d\u00e9finit l&rsquo;information que contient le code.&nbsp;(Source Wikipedia) Mat\u00e9riel n\u00e9cessaire \u2013 professeur : Tablette ou Smartphone (pr\u00e9paration) Ordinateur (pr\u00e9paration) Ordinateur avec vid\u00e9oprojecteur (en classe &#8211; facultatif) Document papier avec QR Code &hellip; <\/p>\n<p><a class=\"more-link btn\" href=\"https:\/\/ent2d.ac-bordeaux.fr\/disciplines\/svt\/ressources\/numeriques\/coin-tice\/outils\/etudier\/2381-2\/\">Lire la suite<\/a><\/p>\n","protected":false},"author":8,"featured_media":0,"parent":2246,"menu_order":0,"comment_status":"closed","ping_status":"closed","template":"","meta":{"footnotes":""},"class_list":["post-2381","page","type-page","status-publish","hentry","nodate","item-wrap"],"_links":{"self":[{"href":"https:\/\/ent2d.ac-bordeaux.fr\/disciplines\/svt\/wp-json\/wp\/v2\/pages\/2381","targetHints":{"allow":["GET"]}}],"collection":[{"href":"https:\/\/ent2d.ac-bordeaux.fr\/disciplines\/svt\/wp-json\/wp\/v2\/pages"}],"about":[{"href":"https:\/\/ent2d.ac-bordeaux.fr\/disciplines\/svt\/wp-json\/wp\/v2\/types\/page"}],"author":[{"embeddable":true,"href":"https:\/\/ent2d.ac-bordeaux.fr\/disciplines\/svt\/wp-json\/wp\/v2\/users\/8"}],"replies":[{"embeddable":true,"href":"https:\/\/ent2d.ac-bordeaux.fr\/disciplines\/svt\/wp-json\/wp\/v2\/comments?post=2381"}],"version-history":[{"count":3,"href":"https:\/\/ent2d.ac-bordeaux.fr\/disciplines\/svt\/wp-json\/wp\/v2\/pages\/2381\/revisions"}],"predecessor-version":[{"id":2513,"href":"https:\/\/ent2d.ac-bordeaux.fr\/disciplines\/svt\/wp-json\/wp\/v2\/pages\/2381\/revisions\/2513"}],"up":[{"embeddable":true,"href":"https:\/\/ent2d.ac-bordeaux.fr\/disciplines\/svt\/wp-json\/wp\/v2\/pages\/2246"}],"wp:attachment":[{"href":"https:\/\/ent2d.ac-bordeaux.fr\/disciplines\/svt\/wp-json\/wp\/v2\/media?parent=2381"}],"curies":[{"name":"wp","href":"https:\/\/api.w.org\/{rel}","templated":true}]}}