{"id":2377,"date":"2019-03-03T20:59:32","date_gmt":"2019-03-03T19:59:32","guid":{"rendered":"https:\/\/ent2d.ac-bordeaux.fr\/disciplines\/svt\/?page_id=2377"},"modified":"2019-03-03T21:36:37","modified_gmt":"2019-03-03T20:36:37","slug":"2377-2","status":"publish","type":"page","link":"https:\/\/ent2d.ac-bordeaux.fr\/disciplines\/svt\/ressources\/numeriques\/coin-tice\/outils\/etudier\/2377-2\/","title":{"rendered":"AURASMA"},"content":{"rendered":"<p><a href=\"https:\/\/www.hpreveal.com\/\"><img loading=\"lazy\" decoding=\"async\" class=\"size-full wp-image-2378 aligncenter\" src=\"https:\/\/ent2d.ac-bordeaux.fr\/disciplines\/svt\/wp-content\/uploads\/sites\/4\/2019\/03\/Capture-d\u2019e\u0301cran-2019-03-03-a\u0300-20.53.55.png\" alt=\"\" width=\"1488\" height=\"532\" srcset=\"https:\/\/ent2d.ac-bordeaux.fr\/disciplines\/svt\/wp-content\/uploads\/sites\/4\/2019\/03\/Capture-d\u2019e\u0301cran-2019-03-03-a\u0300-20.53.55.png 1488w, https:\/\/ent2d.ac-bordeaux.fr\/disciplines\/svt\/wp-content\/uploads\/sites\/4\/2019\/03\/Capture-d\u2019e\u0301cran-2019-03-03-a\u0300-20.53.55-300x107.png 300w, https:\/\/ent2d.ac-bordeaux.fr\/disciplines\/svt\/wp-content\/uploads\/sites\/4\/2019\/03\/Capture-d\u2019e\u0301cran-2019-03-03-a\u0300-20.53.55-768x275.png 768w, https:\/\/ent2d.ac-bordeaux.fr\/disciplines\/svt\/wp-content\/uploads\/sites\/4\/2019\/03\/Capture-d\u2019e\u0301cran-2019-03-03-a\u0300-20.53.55-1024x366.png 1024w\" sizes=\"auto, (max-width: 1488px) 100vw, 1488px\" \/><\/a><\/p>\n<h1>Mat\u00e9riel n\u00e9cessaire \u2013 professeur :<\/h1>\n<p><span style=\"font-size: 12px\">Tablette ou Smartphone\u00a0 avecapplication HP Reveal (<a href=\"https:\/\/play.google.com\/store\/apps\/details?id=com.aurasma.aurasma&amp;hl=en\">Android<\/a> <a href=\"https:\/\/itunes.apple.com\/us\/app\/hp-reveal\/id432526396?ls=1&amp;mt=8\">iOS<\/a>) (pr\u00e9paration)<\/span><\/p>\n<p>Ordinateur avec acc\u00e8s \u00e0 <a href=\"https:\/\/studio.hpreveal.com\/\">HP Reveal Studio<\/a> (pr\u00e9paration)<\/p>\n<h1>Mat\u00e9riel n\u00e9cessaire \u2013 \u00e9l\u00e8ve :<\/h1>\n<p><span style=\"font-size: 12px\">Tablette ou Smartphone avec application HP Reveal (<a href=\"https:\/\/play.google.com\/store\/apps\/details?id=com.aurasma.aurasma&amp;hl=en\">Android<\/a> <a href=\"https:\/\/itunes.apple.com\/us\/app\/hp-reveal\/id432526396?ls=1&amp;mt=8\">iOS<\/a>)<\/span><\/p>\n<p>&nbsp;<\/p>\n<p><span style=\"color: #333333;font-family: 'Pontano Sans', arial, sans-serif;font-size: 22px\">Exemples d&rsquo;utilisation :<\/span><\/p>\n<div style=\"width: 640px;\" class=\"wp-video\"><video class=\"wp-video-shortcode\" id=\"video-2377-1\" width=\"640\" height=\"360\" preload=\"metadata\" controls=\"controls\"><source type=\"video\/youtube\" src=\"https:\/\/youtu.be\/HXxnOzZ13H4?_=1\" \/><a href=\"https:\/\/youtu.be\/HXxnOzZ13H4\">https:\/\/youtu.be\/HXxnOzZ13H4<\/a><\/video><\/div>\n<p><span style=\"color: #333333;font-family: 'Pontano Sans', arial, sans-serif;font-size: 22px\">Tutoriels :<\/span><\/p>\n<div style=\"width: 640px;\" class=\"wp-video\"><video class=\"wp-video-shortcode\" id=\"video-2377-2\" width=\"640\" height=\"360\" preload=\"metadata\" controls=\"controls\"><source type=\"video\/youtube\" src=\"https:\/\/youtu.be\/7jKFgeu4KSo?_=2\" \/><a href=\"https:\/\/youtu.be\/7jKFgeu4KSo\">https:\/\/youtu.be\/7jKFgeu4KSo<\/a><\/video><\/div>\n","protected":false},"excerpt":{"rendered":"<p>Mat\u00e9riel n\u00e9cessaire \u2013 professeur : Tablette ou Smartphone\u00a0 avecapplication HP Reveal (Android iOS) (pr\u00e9paration) Ordinateur avec acc\u00e8s \u00e0 HP Reveal Studio (pr\u00e9paration) Mat\u00e9riel n\u00e9cessaire \u2013 \u00e9l\u00e8ve : Tablette ou Smartphone avec application HP Reveal (Android iOS) &nbsp; Exemples d&rsquo;utilisation : Tutoriels :<\/p>\n","protected":false},"author":8,"featured_media":0,"parent":2246,"menu_order":0,"comment_status":"closed","ping_status":"closed","template":"template-onecolumn.php","meta":{"footnotes":""},"class_list":["post-2377","page","type-page","status-publish","hentry","nodate","item-wrap"],"_links":{"self":[{"href":"https:\/\/ent2d.ac-bordeaux.fr\/disciplines\/svt\/wp-json\/wp\/v2\/pages\/2377","targetHints":{"allow":["GET"]}}],"collection":[{"href":"https:\/\/ent2d.ac-bordeaux.fr\/disciplines\/svt\/wp-json\/wp\/v2\/pages"}],"about":[{"href":"https:\/\/ent2d.ac-bordeaux.fr\/disciplines\/svt\/wp-json\/wp\/v2\/types\/page"}],"author":[{"embeddable":true,"href":"https:\/\/ent2d.ac-bordeaux.fr\/disciplines\/svt\/wp-json\/wp\/v2\/users\/8"}],"replies":[{"embeddable":true,"href":"https:\/\/ent2d.ac-bordeaux.fr\/disciplines\/svt\/wp-json\/wp\/v2\/comments?post=2377"}],"version-history":[{"count":5,"href":"https:\/\/ent2d.ac-bordeaux.fr\/disciplines\/svt\/wp-json\/wp\/v2\/pages\/2377\/revisions"}],"predecessor-version":[{"id":2391,"href":"https:\/\/ent2d.ac-bordeaux.fr\/disciplines\/svt\/wp-json\/wp\/v2\/pages\/2377\/revisions\/2391"}],"up":[{"embeddable":true,"href":"https:\/\/ent2d.ac-bordeaux.fr\/disciplines\/svt\/wp-json\/wp\/v2\/pages\/2246"}],"wp:attachment":[{"href":"https:\/\/ent2d.ac-bordeaux.fr\/disciplines\/svt\/wp-json\/wp\/v2\/media?parent=2377"}],"curies":[{"name":"wp","href":"https:\/\/api.w.org\/{rel}","templated":true}]}}