{"id":2371,"date":"2019-03-03T18:34:55","date_gmt":"2019-03-03T17:34:55","guid":{"rendered":"https:\/\/ent2d.ac-bordeaux.fr\/disciplines\/svt\/?page_id=2371"},"modified":"2019-06-05T19:29:25","modified_gmt":"2019-06-05T18:29:25","slug":"bouncy-balls","status":"publish","type":"page","link":"https:\/\/ent2d.ac-bordeaux.fr\/disciplines\/svt\/bouncy-balls\/","title":{"rendered":"Bouncy balls"},"content":{"rendered":"<p><a id=\"bouncyballs\" href=\"https:\/\/bouncyballs.org\/\"><img loading=\"lazy\" decoding=\"async\" class=\"wp-image-2294 size-full alignnone\" src=\"https:\/\/ent2d.ac-bordeaux.fr\/disciplines\/svt\/wp-content\/uploads\/sites\/4\/2019\/02\/Capture-d\u2019e\u0301cran-2019-02-18-a\u0300-16.35.01.png\" alt=\"\" width=\"1600\" height=\"898\" srcset=\"https:\/\/ent2d.ac-bordeaux.fr\/disciplines\/svt\/wp-content\/uploads\/sites\/4\/2019\/02\/Capture-d\u2019e\u0301cran-2019-02-18-a\u0300-16.35.01.png 1600w, https:\/\/ent2d.ac-bordeaux.fr\/disciplines\/svt\/wp-content\/uploads\/sites\/4\/2019\/02\/Capture-d\u2019e\u0301cran-2019-02-18-a\u0300-16.35.01-300x168.png 300w, https:\/\/ent2d.ac-bordeaux.fr\/disciplines\/svt\/wp-content\/uploads\/sites\/4\/2019\/02\/Capture-d\u2019e\u0301cran-2019-02-18-a\u0300-16.35.01-768x431.png 768w, https:\/\/ent2d.ac-bordeaux.fr\/disciplines\/svt\/wp-content\/uploads\/sites\/4\/2019\/02\/Capture-d\u2019e\u0301cran-2019-02-18-a\u0300-16.35.01-1024x575.png 1024w\" sizes=\"auto, (max-width: 1600px) 100vw, 1600px\" \/><\/a><\/p>\n<h1>Mat\u00e9riel n\u00e9cessaire &#8211; professeur :<\/h1>\n<p>Ordinateur avec vid\u00e9oprojecteur et microphone int\u00e9gr\u00e9<\/p>\n","protected":false},"excerpt":{"rendered":"<p>Mat\u00e9riel n\u00e9cessaire &#8211; professeur : Ordinateur avec vid\u00e9oprojecteur et microphone int\u00e9gr\u00e9<\/p>\n","protected":false},"author":8,"featured_media":0,"parent":0,"menu_order":0,"comment_status":"closed","ping_status":"closed","template":"","meta":{"footnotes":""},"class_list":["post-2371","page","type-page","status-publish","hentry","nodate","item-wrap"],"_links":{"self":[{"href":"https:\/\/ent2d.ac-bordeaux.fr\/disciplines\/svt\/wp-json\/wp\/v2\/pages\/2371","targetHints":{"allow":["GET"]}}],"collection":[{"href":"https:\/\/ent2d.ac-bordeaux.fr\/disciplines\/svt\/wp-json\/wp\/v2\/pages"}],"about":[{"href":"https:\/\/ent2d.ac-bordeaux.fr\/disciplines\/svt\/wp-json\/wp\/v2\/types\/page"}],"author":[{"embeddable":true,"href":"https:\/\/ent2d.ac-bordeaux.fr\/disciplines\/svt\/wp-json\/wp\/v2\/users\/8"}],"replies":[{"embeddable":true,"href":"https:\/\/ent2d.ac-bordeaux.fr\/disciplines\/svt\/wp-json\/wp\/v2\/comments?post=2371"}],"version-history":[{"count":1,"href":"https:\/\/ent2d.ac-bordeaux.fr\/disciplines\/svt\/wp-json\/wp\/v2\/pages\/2371\/revisions"}],"predecessor-version":[{"id":2372,"href":"https:\/\/ent2d.ac-bordeaux.fr\/disciplines\/svt\/wp-json\/wp\/v2\/pages\/2371\/revisions\/2372"}],"wp:attachment":[{"href":"https:\/\/ent2d.ac-bordeaux.fr\/disciplines\/svt\/wp-json\/wp\/v2\/media?parent=2371"}],"curies":[{"name":"wp","href":"https:\/\/api.w.org\/{rel}","templated":true}]}}